{"id":7239,"date":"2021-06-16T11:52:16","date_gmt":"2021-06-16T09:52:16","guid":{"rendered":"https:\/\/niezawodneczesci.pl\/\/?post_type=product&#038;p=7239"},"modified":"2026-04-24T01:04:55","modified_gmt":"2026-04-23T23:04:55","slug":"zacisk-hamulcowy-skoda-octavia-96-10-tyl-prawy-sr-02-203","status":"publish","type":"product","link":"https:\/\/dev.niezawodneczesci.pl\/sk\/produkt\/zacisk-hamulcowy-skoda-octavia-96-10-tyl-prawy-sr-02-203\/","title":{"rendered":"BRZDOV\u00dd STRMEN SKODA OCTAVIA 96-10 \/ ZADN\u00dd \/ PRAV\u00dd \/ SR.02.203"},"content":{"rendered":"<p>\u010c\u00edsla v\u00fdrobcov<br \/>\nBHN203<br \/>\n1J0 615 424A<\/p>\n<p>OE \u010d\u00edsla<br \/>\nA.B.S.: 522202<br \/>\nATE: 24.3414-1704.5<br \/>\nATE: 24341417047<br \/>\nATI: E2963<br \/>\nBENDIX: 694316B<br \/>\nBOSCH: 0 986 474 106<br \/>\nBREMBO: F85175<br \/>\nBUDWEG CALIPER: 342660<br \/>\nBUDWEG CALIPER: 342963<br \/>\nDA SILVA: ET1869<br \/>\nDELCO REMY: DC72963<br \/>\nDELPHI: LC7205<br \/>\nDRI: 4204510<br \/>\nELSTOCK: 87-1054<br \/>\nERA Benelux: BC52963<br \/>\nFERODO: FCL694316<br \/>\nFTE: RS419802A0<br \/>\nFTE: RX419802A0<br \/>\nGENERAL RICAMBI: SE6062<br \/>\nGENERAL RICAMBI: WW6164<br \/>\nHELLA: 8AC 355 384-581<br \/>\nHELLA: 8AN 355 441-001<br \/>\nHELLA: 8AN 355 784-581<br \/>\nHELLA PAGID: 8AC 355 384-581<br \/>\nHELLA PAGID: 8AN 355 784-581<br \/>\nJURID: 694316J<br \/>\nKAWE: 342963<br \/>\nMAPCO: 4433<br \/>\nMETZGER: 6250084<br \/>\nNK: 214730<br \/>\nOPTIMAL: BC-1132R<br \/>\nPAGID: 76210<br \/>\nQH Benelux: BC50657<br \/>\nQUINTON HAZELL: QBS4386<br \/>\nREMSA: 9020282<br \/>\nREMY: DC72963<br \/>\nREMY: RAB83074<br \/>\nSEAT: 1J0 615 424 A<br \/>\nSKODA: 1J0 615 424 A<br \/>\nSPIDAN: 402963<br \/>\nTEXTAR: 38013900<br \/>\nTEXTAR: 38052100<br \/>\nTRISCAN: 8170342963<br \/>\nUBD: 54601<br \/>\nVAICO: V10-8509<br \/>\nVW: 1J0 615 424 A<br \/>\nZIMMERMANN: 600.4.10041<br \/>\nsbs: 1301214730<\/p>","protected":false},"excerpt":{"rendered":"<p>Numery producenta BHN203 1J0 615 424A Numery OE A.B.S.: 522202 ATE: 24.3414-1704.5 ATE: 24341417047 ATI: E2963 BENDIX: 694316B BOSCH: 0 986 474 106 BREMBO: F85175 BUDWEG CALIPER: 342660 BUDWEG CALIPER: 342963 DA SILVA: ET1869 DELCO REMY: DC72963 DELPHI: LC7205 DRI: 4204510 ELSTOCK: 87-1054 ERA Benelux: BC52963 FERODO: FCL694316 FTE: RS419802A0 FTE: RX419802A0 GENERAL RICAMBI: SE6062 [&hellip;]<\/p>\n","protected":false},"featured_media":19351,"template":"","meta":{"_monsterinsights_skip_tracking":false,"_monsterinsights_sitenote_active":false,"_monsterinsights_sitenote_note":"","_monsterinsights_sitenote_category":0},"product_brand":[],"product_cat":[144],"product_tag":[],"class_list":{"0":"post-7239","1":"product","2":"type-product","3":"status-publish","4":"has-post-thumbnail","6":"product_cat-zaciski-hamulcowe","8":"first","9":"outofstock","10":"taxable","11":"shipping-taxable","12":"purchasable","13":"product-type-simple"},"_links":{"self":[{"href":"https:\/\/dev.niezawodneczesci.pl\/sk\/wp-json\/wp\/v2\/product\/7239","targetHints":{"allow":["GET"]}}],"collection":[{"href":"https:\/\/dev.niezawodneczesci.pl\/sk\/wp-json\/wp\/v2\/product"}],"about":[{"href":"https:\/\/dev.niezawodneczesci.pl\/sk\/wp-json\/wp\/v2\/types\/product"}],"version-history":[{"count":1,"href":"https:\/\/dev.niezawodneczesci.pl\/sk\/wp-json\/wp\/v2\/product\/7239\/revisions"}],"predecessor-version":[{"id":26077,"href":"https:\/\/dev.niezawodneczesci.pl\/sk\/wp-json\/wp\/v2\/product\/7239\/revisions\/26077"}],"wp:featuredmedia":[{"embeddable":true,"href":"https:\/\/dev.niezawodneczesci.pl\/sk\/wp-json\/wp\/v2\/media\/19351"}],"wp:attachment":[{"href":"https:\/\/dev.niezawodneczesci.pl\/sk\/wp-json\/wp\/v2\/media?parent=7239"}],"wp:term":[{"taxonomy":"product_brand","embeddable":true,"href":"https:\/\/dev.niezawodneczesci.pl\/sk\/wp-json\/wp\/v2\/product_brand?post=7239"},{"taxonomy":"product_cat","embeddable":true,"href":"https:\/\/dev.niezawodneczesci.pl\/sk\/wp-json\/wp\/v2\/product_cat?post=7239"},{"taxonomy":"product_tag","embeddable":true,"href":"https:\/\/dev.niezawodneczesci.pl\/sk\/wp-json\/wp\/v2\/product_tag?post=7239"}],"curies":[{"name":"wp","href":"https:\/\/api.w.org\/{rel}","templated":true}]}}