{"id":7240,"date":"2021-06-16T11:52:17","date_gmt":"2021-06-16T09:52:17","guid":{"rendered":"https:\/\/niezawodneczesci.pl\/\/?post_type=product&#038;p=7240"},"modified":"2026-04-24T01:04:55","modified_gmt":"2026-04-23T23:04:55","slug":"zacisk-hamulcowy-skoda-octavia-96-10-tyl-lewy-sr-02-202","status":"publish","type":"product","link":"https:\/\/dev.niezawodneczesci.pl\/sk\/produkt\/zacisk-hamulcowy-skoda-octavia-96-10-tyl-lewy-sr-02-202\/","title":{"rendered":"BRZDOV\u00dd STRMEN SKODA OCTAVIA 96-10 \/ ZADN\u00dd \/ \u013dAV\u00dd \/ SR.02.202"},"content":{"rendered":"<p>\u010c\u00edsla v\u00fdrobcov<br \/>\nBHN202<br \/>\n1J0 615 423A<\/p>\n<p>OE \u010d\u00edsla<br \/>\nA.B.S.: 522201<br \/>\nATE: 24.3414-1703.5<br \/>\nATE: 24341417037<br \/>\nATI: E2962<br \/>\nBENDIX: 694315B<br \/>\nBOSCH: 0 986 473 106<br \/>\nBREMBO: F85174<br \/>\nBUDWEG CALIPER: 342661<br \/>\nBUDWEG CALIPER: 342962<br \/>\nDA SILVA: ET1866<br \/>\nDELCO REMY: DC72962<br \/>\nDELPHI: LC7204<br \/>\nDRI: 4104510<br \/>\nELSTOCK: 86-1054<br \/>\nERA Benelux: BC52962<br \/>\nFERODO: FCL694315<br \/>\nFTE: RS419801A0<br \/>\nFTE: RX419801A0<br \/>\nGENERAL RICAMBI: SE6061<br \/>\nGENERAL RICAMBI: WW6163<br \/>\nHELLA: 8AC 355 384-571<br \/>\nHELLA: 8AN 355 440-991<br \/>\nHELLA: 8AN 355 784-571<br \/>\nHELLA PAGID: 8AC 355 384-571<br \/>\nHELLA PAGID: 8AN 355 784-571<br \/>\nJURID: 694315J<br \/>\nKAWE: 342962<br \/>\nMAPCO: 4432<br \/>\nMETZGER: 6250083<br \/>\nNK: 214729<br \/>\nOPTIMAL: BC-1132L<br \/>\nPAGID: 76209<br \/>\nQH Benelux: BC50656<br \/>\nQUINTON HAZELL: QBS4385<br \/>\nREMSA: 9020281<br \/>\nREMY: DC72962<br \/>\nREMY: RAB83073<br \/>\nSEAT: 1J0 615 423 A<br \/>\nSKODA: 1J0 615 423 A<br \/>\nSPIDAN: 402962<br \/>\nTEXTAR: 38013800<br \/>\nTEXTAR: 38052000<br \/>\nTRISCAN: 8170342962<br \/>\nUBD: 54600<br \/>\nVAICO: V10-8508<br \/>\nVW: 1J0 615 423 A<br \/>\nZIMMERMANN: 600.3.10041<br \/>\nsbs: 1301214729<\/p>","protected":false},"excerpt":{"rendered":"<p>Numery producenta BHN202 1J0 615 423A Numery OE A.B.S.: 522201 ATE: 24.3414-1703.5 ATE: 24341417037 ATI: E2962 BENDIX: 694315B BOSCH: 0 986 473 106 BREMBO: F85174 BUDWEG CALIPER: 342661 BUDWEG CALIPER: 342962 DA SILVA: ET1866 DELCO REMY: DC72962 DELPHI: LC7204 DRI: 4104510 ELSTOCK: 86-1054 ERA Benelux: BC52962 FERODO: FCL694315 FTE: RS419801A0 FTE: RX419801A0 GENERAL RICAMBI: SE6061 [&hellip;]<\/p>\n","protected":false},"featured_media":19349,"template":"","meta":{"_monsterinsights_skip_tracking":false,"_monsterinsights_sitenote_active":false,"_monsterinsights_sitenote_note":"","_monsterinsights_sitenote_category":0},"product_brand":[],"product_cat":[144],"product_tag":[],"class_list":{"0":"post-7240","1":"product","2":"type-product","3":"status-publish","4":"has-post-thumbnail","6":"product_cat-zaciski-hamulcowe","8":"first","9":"instock","10":"taxable","11":"shipping-taxable","12":"purchasable","13":"product-type-simple"},"_links":{"self":[{"href":"https:\/\/dev.niezawodneczesci.pl\/sk\/wp-json\/wp\/v2\/product\/7240","targetHints":{"allow":["GET"]}}],"collection":[{"href":"https:\/\/dev.niezawodneczesci.pl\/sk\/wp-json\/wp\/v2\/product"}],"about":[{"href":"https:\/\/dev.niezawodneczesci.pl\/sk\/wp-json\/wp\/v2\/types\/product"}],"version-history":[{"count":1,"href":"https:\/\/dev.niezawodneczesci.pl\/sk\/wp-json\/wp\/v2\/product\/7240\/revisions"}],"predecessor-version":[{"id":26074,"href":"https:\/\/dev.niezawodneczesci.pl\/sk\/wp-json\/wp\/v2\/product\/7240\/revisions\/26074"}],"wp:featuredmedia":[{"embeddable":true,"href":"https:\/\/dev.niezawodneczesci.pl\/sk\/wp-json\/wp\/v2\/media\/19349"}],"wp:attachment":[{"href":"https:\/\/dev.niezawodneczesci.pl\/sk\/wp-json\/wp\/v2\/media?parent=7240"}],"wp:term":[{"taxonomy":"product_brand","embeddable":true,"href":"https:\/\/dev.niezawodneczesci.pl\/sk\/wp-json\/wp\/v2\/product_brand?post=7240"},{"taxonomy":"product_cat","embeddable":true,"href":"https:\/\/dev.niezawodneczesci.pl\/sk\/wp-json\/wp\/v2\/product_cat?post=7240"},{"taxonomy":"product_tag","embeddable":true,"href":"https:\/\/dev.niezawodneczesci.pl\/sk\/wp-json\/wp\/v2\/product_tag?post=7240"}],"curies":[{"name":"wp","href":"https:\/\/api.w.org\/{rel}","templated":true}]}}