{"id":7269,"date":"2021-06-16T11:52:25","date_gmt":"2021-06-16T09:52:25","guid":{"rendered":"https:\/\/niezawodneczesci.pl\/\/?post_type=product&#038;p=7269"},"modified":"2026-04-24T01:04:56","modified_gmt":"2026-04-23T23:04:56","slug":"tarcza-hamulcowa-sr-01-4964","status":"publish","type":"product","link":"https:\/\/dev.niezawodneczesci.pl\/sk\/produkt\/tarcza-hamulcowa-sr-01-4964\/","title":{"rendered":"BRZDOV\u00dd KOT\u00da\u010c SR.01.4964"},"content":{"rendered":"<p>\u010c\u00edsla v\u00fdrobcov<br \/>\nDF4964<\/p>\n<p>OE \u010d\u00edsla<br \/>\nA.B.S.: 17889<br \/>\nATE: 24012601541<br \/>\nBENDIX: 562465B<br \/>\nBENDIX: 562578BC<br \/>\nBLUE PRINT: ADN143141<br \/>\nBORG &amp; BECK: BBD4657<br \/>\nBORG &amp; BECK: BBD5162<br \/>\nBOSCH: 0 986 479 358<br \/>\nBOSCH: 0 986 479 C04<br \/>\nBOSCH: 0 986 479 R89<br \/>\nBOSCH: 0 986 AB5 290<br \/>\nBOSCH: 0 986 BB4 314<br \/>\nBREMBO: 09A71611<br \/>\nBREMBO: 09A71614<br \/>\nBREMBO: 09A71620<br \/>\nBREMBO: 09A71621<br \/>\nBREMBO: 09B35410<br \/>\nBrake ENGINEERING: DI956641<br \/>\nCAR: 1421320<br \/>\nCAR: 1421474<br \/>\nCAR: HPD1320<br \/>\nDELPHI: BG4109<br \/>\nDELPHI: BG4109C<br \/>\nDELPHI: BG4231<br \/>\nDELPHI: BG4231C<br \/>\nFERODO: DDF1589<br \/>\nFERODO: DDF15891<br \/>\nFERODO: DDF1589C<br \/>\nFERODO: DDF1589C1<br \/>\nFERODO: DDF1724<br \/>\nFERODO: DDF17241<br \/>\nFIRST LINE: FBD1742<br \/>\nFTE: BS7138<br \/>\nFTE: BS7275<br \/>\nGRAF: DF29902<br \/>\nHELLA: 8DD 355 114-601<br \/>\nHELLA: 8DD 355 114-611<br \/>\nHELLA: 8DD 355 116-761<br \/>\nHELLA: 8DD 355 119-101<br \/>\nHELLA PAGID: 8DD 355 114-601<br \/>\nHERTH+BUSS JAKOPARTS: J3301096<br \/>\nJAPANPARTS: DI157<br \/>\nJURID: 562465J<br \/>\nJURID: 562578JC<br \/>\nLPR: N2016V<br \/>\nMAGNETI MARELLI: 360704034100<br \/>\nMETELLI: 230902<br \/>\nMETELLI: 230902C<br \/>\nMETZGER: 6108710<br \/>\nMEYLE: 36-15 521 0047\/PD<br \/>\nMEYLE: 36155210047<br \/>\nMEYLE: 36155210071PD<br \/>\nMINTEX: MDC1905<br \/>\nNIPPARTS: J3301094<br \/>\nNISSAN: 40206-1KC1B<br \/>\nNISSAN: 40206-JD00A<br \/>\nNISSAN: 40206-JD00B<br \/>\nNISSAN: 40206-JE20A<br \/>\nNISSAN: 40206-JG00A<br \/>\nNISSAN: 40206-JY01A<br \/>\nNK: 202272<br \/>\nNK: 312272<br \/>\nNK: 313968<br \/>\nPAGID: 54674<br \/>\nPILENGA: V577<br \/>\nQUINTON HAZELL: BDC5542<br \/>\nREMSA: 6108710<br \/>\nREMSA: 6134910<br \/>\nROULUNDS RUBBER: WD01698<br \/>\nRUVILLE: BFR520810<br \/>\nST-TEMPLIN: 0311023460<br \/>\nST-TEMPLIN: 0311023465<br \/>\nTEXTAR: 92167400<br \/>\nTEXTAR: 92167403<br \/>\nTEXTAR: 92167503<br \/>\nTRISCAN: 812014169<br \/>\nTRISCAN: 812014171<br \/>\nTRISCAN: 812014174<br \/>\nVALEO: 197317<br \/>\nVALEO: 297317<br \/>\nZIMMERMANN: 200251820<br \/>\nZIMMERMANN: 200251852<br \/>\nZIMMERMANN: 200252752<br \/>\nfri.tech.: DF1288<br \/>\nsbs: 1815202272<\/p>","protected":false},"excerpt":{"rendered":"<p>Numery producenta DF4964 Numery OE A.B.S.: 17889 ATE: 24012601541 BENDIX: 562465B BENDIX: 562578BC BLUE PRINT: ADN143141 BORG &amp; BECK: BBD4657 BORG &amp; BECK: BBD5162 BOSCH: 0 986 479 358 BOSCH: 0 986 479 C04 BOSCH: 0 986 479 R89 BOSCH: 0 986 AB5 290 BOSCH: 0 986 BB4 314 BREMBO: 09A71611 BREMBO: 09A71614 BREMBO: 09A71620 [&hellip;]<\/p>\n","protected":false},"featured_media":19480,"template":"","meta":{"_monsterinsights_skip_tracking":false,"_monsterinsights_sitenote_active":false,"_monsterinsights_sitenote_note":"","_monsterinsights_sitenote_category":0},"product_brand":[],"product_cat":[146],"product_tag":[],"class_list":{"0":"post-7269","1":"product","2":"type-product","3":"status-publish","4":"has-post-thumbnail","6":"product_cat-tarcze-hamulcowe","8":"first","9":"instock","10":"taxable","11":"shipping-taxable","12":"purchasable","13":"product-type-simple"},"_links":{"self":[{"href":"https:\/\/dev.niezawodneczesci.pl\/sk\/wp-json\/wp\/v2\/product\/7269","targetHints":{"allow":["GET"]}}],"collection":[{"href":"https:\/\/dev.niezawodneczesci.pl\/sk\/wp-json\/wp\/v2\/product"}],"about":[{"href":"https:\/\/dev.niezawodneczesci.pl\/sk\/wp-json\/wp\/v2\/types\/product"}],"version-history":[{"count":1,"href":"https:\/\/dev.niezawodneczesci.pl\/sk\/wp-json\/wp\/v2\/product\/7269\/revisions"}],"predecessor-version":[{"id":26066,"href":"https:\/\/dev.niezawodneczesci.pl\/sk\/wp-json\/wp\/v2\/product\/7269\/revisions\/26066"}],"wp:featuredmedia":[{"embeddable":true,"href":"https:\/\/dev.niezawodneczesci.pl\/sk\/wp-json\/wp\/v2\/media\/19480"}],"wp:attachment":[{"href":"https:\/\/dev.niezawodneczesci.pl\/sk\/wp-json\/wp\/v2\/media?parent=7269"}],"wp:term":[{"taxonomy":"product_brand","embeddable":true,"href":"https:\/\/dev.niezawodneczesci.pl\/sk\/wp-json\/wp\/v2\/product_brand?post=7269"},{"taxonomy":"product_cat","embeddable":true,"href":"https:\/\/dev.niezawodneczesci.pl\/sk\/wp-json\/wp\/v2\/product_cat?post=7269"},{"taxonomy":"product_tag","embeddable":true,"href":"https:\/\/dev.niezawodneczesci.pl\/sk\/wp-json\/wp\/v2\/product_tag?post=7269"}],"curies":[{"name":"wp","href":"https:\/\/api.w.org\/{rel}","templated":true}]}}