{"id":7358,"date":"2021-06-16T11:52:31","date_gmt":"2021-06-16T09:52:31","guid":{"rendered":"https:\/\/niezawodneczesci.pl\/\/?post_type=product&#038;p=7358"},"modified":"2026-04-24T01:04:58","modified_gmt":"2026-04-23T23:04:58","slug":"tarcza-hamulcowa-audi-a3-seat-leon-toledo-skoda-octavia-vw-golf","status":"publish","type":"product","link":"https:\/\/dev.niezawodneczesci.pl\/sk\/produkt\/tarcza-hamulcowa-audi-a3-seat-leon-toledo-skoda-octavia-vw-golf\/","title":{"rendered":"BRZDOV\u00dd KOT\u00da\u010c SR.01.2804"},"content":{"rendered":"<p>\u010c\u00edsla v\u00fdrobcov<br \/>\nDF2804<\/p>\n<p>OE \u010d\u00edsla<br \/>\nA.P.: 24691E<br \/>\nA.P.: X24691<br \/>\nACDelco: AC2254D<br \/>\nAPEC: DSK774<br \/>\nATE: 24012201501<br \/>\nATE: 24032201501<br \/>\nATE: 24112201501<br \/>\nAUDI: 1J0 615 301 E<br \/>\nAUDI: 1J0 615 301 M<br \/>\nAUDI: 1J0 615 301 P<br \/>\nAUDI: 1JO 615 301 E<br \/>\nBENDIX: 562039B<br \/>\nBENDIX: 562039BC<br \/>\nBORG &amp; BECK: BBD4069<br \/>\nBOSCH: 0 986 478 852<br \/>\nBOSCH: 0 986 479 911<br \/>\nBOSCH: 0 986 479 R68<br \/>\nBOSCH: 0 986 AB6 594<br \/>\nBOSCH: 0 986 BB4 139<br \/>\nBOSCH: 986478852<br \/>\nBOSCH: F 026 A01 319<br \/>\nBRADI: 1.5832.2.4<br \/>\nBREMBO: 09.7012.10<br \/>\nBREMBO: 09701211<br \/>\nBREMBO: 09701214<br \/>\nBREMBO: 0970121X<br \/>\nBREMBO: 09701230<br \/>\nBREMBO: 09701275<br \/>\nBrake ENGINEERING: DI955638<br \/>\nCAR: 142747<br \/>\nCAR: HPD747<br \/>\nDBA Australia: DBA801<br \/>\nDELPHI: BG3036<br \/>\nDELPHI: BG3036C<br \/>\nDELPHI: BS4668<br \/>\nFEBI BILSTEIN: 17936<br \/>\nFERODO: DDF928<br \/>\nFERODO: DDF9281<br \/>\nFERODO: DDF928C<br \/>\nFERODO: DDF928C1<br \/>\nFERODO: DDF928P-D<br \/>\nFERODO: DRF928<br \/>\nFIRST LINE: FBD1005<br \/>\nFTE: BS4668<br \/>\nFTE: BS4668B<br \/>\nFTE: BS4668HB<br \/>\nGIRLING: 6028041<br \/>\nHELLA: 8DD 355 105-371<br \/>\nHELLA: 8DD 355 105-381<br \/>\nJURID: 562039J<br \/>\nJURID: 562039JC<br \/>\nLEMF\u00d6RDER: 21308 02<br \/>\nLPR: A1471V<br \/>\nLPR: A1471VR<br \/>\nMAGNETI MARELLI: 353615832240<br \/>\nMAGNETI MARELLI: 360204000154<br \/>\nMAGNETI MARELLI: 431602040280<br \/>\nMAPCO: 15831<br \/>\nMETELLI: 23-0391C<br \/>\nMETELLI: 230391<br \/>\nMETELLI: 230904<br \/>\nMETZGER: 24691E<br \/>\nMETZGER: X24691<br \/>\nMEYLE: 115 521 1027<br \/>\nMEYLE: 115 521 1027\/PD<br \/>\nMEYLE: 1835211027PD<br \/>\nMGA: D1191<br \/>\nMINTEX: MDC978<br \/>\nMINTEX: MDK0151<br \/>\nNATIONAL: NBD876<br \/>\nNK: 204759<br \/>\nNK: 304759<br \/>\nNK: 314759<br \/>\nOBTEC A\/S: 424239V<br \/>\nOPTIMAL: BS-5460<br \/>\nOPTIMAL: BS-5460C<br \/>\nPAGID: 53954<br \/>\nPAGID: 53954PRO<br \/>\nPEX: 140639<br \/>\nPEX: 140639N<br \/>\nPILENGA: V159<br \/>\nQH Benelux: 57772<br \/>\nQUINTON HAZELL: 839006<br \/>\nQUINTON HAZELL: 863300<br \/>\nQUINTON HAZELL: 863301<br \/>\nQUINTON HAZELL: 863302<br \/>\nQUINTON HAZELL: 863304<br \/>\nQUINTON HAZELL: BDC4668<br \/>\nQUINTON HAZELL: BDC4668BD<br \/>\nQUINTON HAZELL: BSF4668<br \/>\nREMSA: 654610<br \/>\nREMSA: 839006<br \/>\nREMSA: 863300<br \/>\nREMSA: 863301<br \/>\nREMSA: 863302<br \/>\nREMSA: 863304<br \/>\nREMY: RAD1012C<br \/>\nROADHOUSE: 654610<br \/>\nROADHOUSE: 839006<br \/>\nROADHOUSE: 863300<br \/>\nROADHOUSE: 863301<br \/>\nROADHOUSE: 863302<br \/>\nROADHOUSE: 863304<br \/>\nROULUNDS RUBBER: D2254<br \/>\nRUVILLE: BFR370710<br \/>\nSEAT: 1J0 615 301 E<br \/>\nSEAT: 1J0 615 301 M<br \/>\nSEAT: 1J0 615 301 P<br \/>\nSEAT: 1JO 615 301 E<br \/>\nSEAT: JZW 615 301<br \/>\nSKODA: 1J0 615 301 E<br \/>\nSKODA: 1J0 615 301 M<br \/>\nSKODA: 1J0 615 301 P<br \/>\nSKODA: 1JO 615 301 E<br \/>\nST-TEMPLIN: 0311010330<br \/>\nST-TEMPLIN: 0311010335<br \/>\nSWAG: 32917936<br \/>\nTEXTAR: 92082300<br \/>\nTEXTAR: 92082303<br \/>\nTEXTAR: 92082305<br \/>\nTEXTAR: 98200082301<br \/>\nTRISCAN: 812029147<br \/>\nTRISCAN: 812029147C<br \/>\nTRUSTING: DF511<br \/>\nVALEO: 186604<br \/>\nVALEO: 297604<br \/>\nVW: 1J0 615 301 E<br \/>\nVW: 1J0 615 301 M<br \/>\nVW: 1J0 615 301 P<br \/>\nVW: 1JO 615 301 E<br \/>\nVW: 1JO 615 301 M<br \/>\nVW: JZW 615 301<br \/>\nWOKING: P654610<br \/>\nZIMMERMANN: 100123400<br \/>\nZIMMERMANN: 100123420<br \/>\nZIMMERMANN: 100123450<br \/>\nZIMMERMANN: 100123470<\/p>","protected":false},"excerpt":{"rendered":"<p>Numery producenta DF2804 Numery OE A.P.: 24691E A.P.: X24691 ACDelco: AC2254D APEC: DSK774 ATE: 24012201501 ATE: 24032201501 ATE: 24112201501 AUDI: 1J0 615 301 E AUDI: 1J0 615 301 M AUDI: 1J0 615 301 P AUDI: 1JO 615 301 E BENDIX: 562039B BENDIX: 562039BC BORG &amp; BECK: BBD4069 BOSCH: 0 986 478 852 BOSCH: 0 986 [&hellip;]<\/p>\n","protected":false},"featured_media":17912,"template":"","meta":{"_monsterinsights_skip_tracking":false,"_monsterinsights_sitenote_active":false,"_monsterinsights_sitenote_note":"","_monsterinsights_sitenote_category":0},"product_brand":[],"product_cat":[146],"product_tag":[],"class_list":{"0":"post-7358","1":"product","2":"type-product","3":"status-publish","4":"has-post-thumbnail","6":"product_cat-tarcze-hamulcowe","8":"first","9":"instock","10":"taxable","11":"shipping-taxable","12":"purchasable","13":"product-type-simple"},"_links":{"self":[{"href":"https:\/\/dev.niezawodneczesci.pl\/sk\/wp-json\/wp\/v2\/product\/7358","targetHints":{"allow":["GET"]}}],"collection":[{"href":"https:\/\/dev.niezawodneczesci.pl\/sk\/wp-json\/wp\/v2\/product"}],"about":[{"href":"https:\/\/dev.niezawodneczesci.pl\/sk\/wp-json\/wp\/v2\/types\/product"}],"version-history":[{"count":1,"href":"https:\/\/dev.niezawodneczesci.pl\/sk\/wp-json\/wp\/v2\/product\/7358\/revisions"}],"predecessor-version":[{"id":26049,"href":"https:\/\/dev.niezawodneczesci.pl\/sk\/wp-json\/wp\/v2\/product\/7358\/revisions\/26049"}],"wp:featuredmedia":[{"embeddable":true,"href":"https:\/\/dev.niezawodneczesci.pl\/sk\/wp-json\/wp\/v2\/media\/17912"}],"wp:attachment":[{"href":"https:\/\/dev.niezawodneczesci.pl\/sk\/wp-json\/wp\/v2\/media?parent=7358"}],"wp:term":[{"taxonomy":"product_brand","embeddable":true,"href":"https:\/\/dev.niezawodneczesci.pl\/sk\/wp-json\/wp\/v2\/product_brand?post=7358"},{"taxonomy":"product_cat","embeddable":true,"href":"https:\/\/dev.niezawodneczesci.pl\/sk\/wp-json\/wp\/v2\/product_cat?post=7358"},{"taxonomy":"product_tag","embeddable":true,"href":"https:\/\/dev.niezawodneczesci.pl\/sk\/wp-json\/wp\/v2\/product_tag?post=7358"}],"curies":[{"name":"wp","href":"https:\/\/api.w.org\/{rel}","templated":true}]}}