{"id":7361,"date":"2021-06-16T11:52:32","date_gmt":"2021-06-16T09:52:32","guid":{"rendered":"https:\/\/niezawodneczesci.pl\/\/?post_type=product&#038;p=7361"},"modified":"2026-04-24T01:04:58","modified_gmt":"2026-04-23T23:04:58","slug":"tarcza-hamulcowa-sr-01-2803","status":"publish","type":"product","link":"https:\/\/dev.niezawodneczesci.pl\/sk\/produkt\/tarcza-hamulcowa-sr-01-2803\/","title":{"rendered":"BRZDOV\u00dd KOT\u00da\u010c SR.01.2803"},"content":{"rendered":"<p>\u010c\u00edsla v\u00fdrobcov<br \/>\nDF2803<\/p>\n<p>OE \u010d\u00edsla<br \/>\nA.P.: 24690E<br \/>\nA.P.: X24690<br \/>\nACDelco: AC2253D<br \/>\nAPEC: DSK750<br \/>\nATE: 24012201511<br \/>\nATE: 24032201511<br \/>\nATE: 422151<br \/>\nAUDI: 1J0 615 301 D<br \/>\nAUDI: 1J0 615 301 L<br \/>\nAUDI: 6R0 615 301<br \/>\nAUDI: 6R0 615 301 C<br \/>\nAUDI: 8Z0 615 301 B<br \/>\nAUDI: 8Z0 615 301 D<br \/>\nBENDIX: 562040B<br \/>\nBENDIX: 562040BC<br \/>\nBLUE PRINT: ADV184301<br \/>\nBORG &amp; BECK: BBD4064<br \/>\nBOSCH: 0 986 478 853<br \/>\nBOSCH: 0 986 478 988<br \/>\nBOSCH: 0 986 479 912<br \/>\nBOSCH: 0 986 479 B58<br \/>\nBOSCH: 0 986 AB6 824<br \/>\nBOSCH: 0 986 BB4 138<br \/>\nBOSCH: 0 986 BB4 337<br \/>\nBOSCH: F 026 A00 980<br \/>\nBRADI: 1.5831.2.4<br \/>\nBREMBO: 09.7011.10<br \/>\nBREMBO: 09701111<br \/>\nBREMBO: 09701114<br \/>\nBREMBO: 0970111X<br \/>\nBREMBO: 09701124<br \/>\nBREMBO: 09701175<br \/>\nBrake ENGINEERING: DI955636<br \/>\nCAR: 142746<br \/>\nCAR: HPD746<br \/>\nDELPHI: BG3208<br \/>\nDELPHI: BG3208C<br \/>\nDELPHI: BS4669<br \/>\nFEBI BILSTEIN: 14404<br \/>\nFEBI BILSTEIN: 22880<br \/>\nFERODO: DDF927<br \/>\nFERODO: DDF9271<br \/>\nFERODO: DDF927C1<br \/>\nFERODO: DRF927<br \/>\nFIRST LINE: FBD1000<br \/>\nFTE: BS4669<br \/>\nFTE: BS4669H<br \/>\nFTE: BS4669HB<br \/>\nGIRLING: 6028031<br \/>\nHELLA: 8DD 355 105-351<br \/>\nHELLA: 8DD 355 105-361<br \/>\nHELLA: 8DD 355 107-591<br \/>\nHELLA: 8DD 355 123-821<br \/>\nHELLA: 8DD 355 127-291<br \/>\nHELLA PAGID: 8DD 355 105-361<br \/>\nHELLA PAGID: 8DD 355 123-821<br \/>\nHELLA PAGID: 8DD 355 127-291<br \/>\nJURID: 562040J<br \/>\nJURID: 562040JC<br \/>\nLEMF\u00d6RDER: 21309 01<br \/>\nLPR: A1461V<br \/>\nMAGNETI MARELLI: 353615831240<br \/>\nMAGNETI MARELLI: 431602040390<br \/>\nMAPCO: 15830<br \/>\nMETELLI: 230390<br \/>\nMETELLI: 230390C<br \/>\nMETZGER: 24690E<br \/>\nMETZGER: X24690<br \/>\nMEYLE: 115 521 1018<br \/>\nMEYLE: 115 521 1018\/PD<br \/>\nMEYLE: 1835211018PD<br \/>\nMGA: D1190<br \/>\nMINTEX: MDC1019<br \/>\nMINTEX: MDK0152<br \/>\nNATIONAL: NBD874<br \/>\nNK: 204758<br \/>\nNK: 314758<br \/>\nOBTEC A\/S: 424237V<br \/>\nPAGID: 50314<br \/>\nPAGID: 53953<br \/>\nPAGID: 53953PRO<br \/>\nPEX: 140638<br \/>\nPEX: 140638N<br \/>\nPILENGA: V150<br \/>\nQH Benelux: 57789<br \/>\nQH Benelux: 58025<br \/>\nQUINTON HAZELL: BDC4669<br \/>\nQUINTON HAZELL: BDC4669BD<br \/>\nQUINTON HAZELL: BSF4669<br \/>\nREMSA: 654510<br \/>\nROADHOUSE: 654510<br \/>\nROULUNDS RUBBER: D2253<br \/>\nRUVILLE: BFR371610<br \/>\nSEAT: 1J0 615 301 D<br \/>\nSEAT: 1J0 615 301 L<br \/>\nSEAT: 1J0 698 301 D<br \/>\nSEAT: 5Z0 615 301 B<br \/>\nSEAT: 6R0 615 301<br \/>\nSEAT: 6R0 615 301 C<br \/>\nSKODA: 1J0 615 301 D<br \/>\nSKODA: 1J0 615 301 L<br \/>\nSKODA: 6R0 615 301<br \/>\nSKODA: 6R0 615 301 C<br \/>\nST-TEMPLIN: 0311010320<br \/>\nST-TEMPLIN: 0311010325<br \/>\nSWAG: 30922880<br \/>\nSWAG: 32914404<br \/>\nTEXTAR: 92082200<br \/>\nTEXTAR: 92082203<br \/>\nTEXTAR: 92082205<br \/>\nTEXTAR: 92106500<br \/>\nTEXTAR: 98200082201<br \/>\nTRISCAN: 812029146<br \/>\nTRISCAN: 812029146C<br \/>\nTRISCAN: 812029182<br \/>\nTRISCAN: 812029182C<br \/>\nTRUSTING: DF467<br \/>\nVALEO: 186603<br \/>\nVALEO: 297603<br \/>\nVW: 1J0 615 301 D<br \/>\nVW: 1J0 615 301 L<br \/>\nVW: 1JE 615 301<br \/>\nVW: 5Z0 615 301 B<br \/>\nVW: 6R0 615 301<br \/>\nVW: 6R0 615 301 C<br \/>\nVW: 6RF 615 301 C<br \/>\nVW: 8Z0 615 301 D<br \/>\nWOKING: P654510<br \/>\nZIMMERMANN: 100123300<br \/>\nZIMMERMANN: 100123320<br \/>\nZIMMERMANN: 100123350<br \/>\nZIMMERMANN: 100123370<br \/>\nZIMMERMANN: 100124600<br \/>\nZIMMERMANN: 100124650<\/p>","protected":false},"excerpt":{"rendered":"<p>Numery producenta DF2803 Numery OE A.P.: 24690E A.P.: X24690 ACDelco: AC2253D APEC: DSK750 ATE: 24012201511 ATE: 24032201511 ATE: 422151 AUDI: 1J0 615 301 D AUDI: 1J0 615 301 L AUDI: 6R0 615 301 AUDI: 6R0 615 301 C AUDI: 8Z0 615 301 B AUDI: 8Z0 615 301 D BENDIX: 562040B BENDIX: 562040BC BLUE PRINT: ADV184301 [&hellip;]<\/p>\n","protected":false},"featured_media":17905,"template":"","meta":{"_monsterinsights_skip_tracking":false,"_monsterinsights_sitenote_active":false,"_monsterinsights_sitenote_note":"","_monsterinsights_sitenote_category":0},"product_brand":[],"product_cat":[146],"product_tag":[],"class_list":{"0":"post-7361","1":"product","2":"type-product","3":"status-publish","4":"has-post-thumbnail","6":"product_cat-tarcze-hamulcowe","8":"first","9":"instock","10":"taxable","11":"shipping-taxable","12":"purchasable","13":"product-type-simple"},"_links":{"self":[{"href":"https:\/\/dev.niezawodneczesci.pl\/sk\/wp-json\/wp\/v2\/product\/7361","targetHints":{"allow":["GET"]}}],"collection":[{"href":"https:\/\/dev.niezawodneczesci.pl\/sk\/wp-json\/wp\/v2\/product"}],"about":[{"href":"https:\/\/dev.niezawodneczesci.pl\/sk\/wp-json\/wp\/v2\/types\/product"}],"version-history":[{"count":1,"href":"https:\/\/dev.niezawodneczesci.pl\/sk\/wp-json\/wp\/v2\/product\/7361\/revisions"}],"predecessor-version":[{"id":26044,"href":"https:\/\/dev.niezawodneczesci.pl\/sk\/wp-json\/wp\/v2\/product\/7361\/revisions\/26044"}],"wp:featuredmedia":[{"embeddable":true,"href":"https:\/\/dev.niezawodneczesci.pl\/sk\/wp-json\/wp\/v2\/media\/17905"}],"wp:attachment":[{"href":"https:\/\/dev.niezawodneczesci.pl\/sk\/wp-json\/wp\/v2\/media?parent=7361"}],"wp:term":[{"taxonomy":"product_brand","embeddable":true,"href":"https:\/\/dev.niezawodneczesci.pl\/sk\/wp-json\/wp\/v2\/product_brand?post=7361"},{"taxonomy":"product_cat","embeddable":true,"href":"https:\/\/dev.niezawodneczesci.pl\/sk\/wp-json\/wp\/v2\/product_cat?post=7361"},{"taxonomy":"product_tag","embeddable":true,"href":"https:\/\/dev.niezawodneczesci.pl\/sk\/wp-json\/wp\/v2\/product_tag?post=7361"}],"curies":[{"name":"wp","href":"https:\/\/api.w.org\/{rel}","templated":true}]}}