{"id":7362,"date":"2021-06-16T11:52:32","date_gmt":"2021-06-16T09:52:32","guid":{"rendered":"https:\/\/niezawodneczesci.pl\/\/?post_type=product&#038;p=7362"},"modified":"2026-04-28T12:07:05","modified_gmt":"2026-04-28T10:07:05","slug":"tarcza-hamulcowa-sr-01-2790","status":"publish","type":"product","link":"https:\/\/dev.niezawodneczesci.pl\/sk\/produkt\/tarcza-hamulcowa-sr-01-2790\/","title":{"rendered":"BRZDOV\u00dd KOT\u00da\u010c SR.01.2790"},"content":{"rendered":"<p>\u010c\u00edsla v\u00fdrobcov<br \/>\nDF2790<\/p>\n<p>OE \u010d\u00edsla<br \/>\nA.B.S.: 16451<br \/>\nA.B.S.: 16453<br \/>\nA.B.S.: 17346<br \/>\nA.P.: 24722E<br \/>\nA.P.: 24804E<br \/>\nA.P.: 24867E<br \/>\nA.P.: 24868 E<br \/>\nACDelco: AC2331D<br \/>\nAPEC: DSK771<br \/>\nATE: 24.0122-0161.1<br \/>\nATE: 24032201611<br \/>\nATE: 24112201611<br \/>\nAUDI: 2D0 407 617<br \/>\nAUDI: 2D0 407 617 A<br \/>\nAUDI: 2D0 615 601 E<br \/>\nBENDIX: 561965B<br \/>\nBENDIX: 562086B<br \/>\nBENDIX: 562086BC<br \/>\nBENDIX: 562120B<br \/>\nBENDIX: 562483B<br \/>\nBENDIX: 567760B<br \/>\nBENDIX: 569122B<br \/>\nBERAL: BCR228A<br \/>\nBORG &amp; BECK: BBD5081<br \/>\nBORG &amp; BECK: BBD5134<br \/>\nBOSCH: 0 986 478 849<br \/>\nBOSCH: 0 986 BB4 024<br \/>\nBOSCH: 0986479910<br \/>\nBOSCH: 0986AB5930<br \/>\nBRADI: 1.2837.2.4<br \/>\nBREMBO: 09.6916.10<br \/>\nBREMBO: 09.7314.10<br \/>\nBREMBO: 09.9618.24<br \/>\nBREMBO: 09731414<br \/>\nBREMBO: 09731424<br \/>\nBREMBO: 09961814<br \/>\nBrake ENGINEERING: DI955555<br \/>\nCAR: 142432<br \/>\nCAR: HPD432<br \/>\nDBA Australia: DBA566<br \/>\nDELPHI: BG3194<br \/>\nDELPHI: BG3236<br \/>\nDELPHI: BG3236C<br \/>\nFEBI BILSTEIN: 07517<br \/>\nFEBI BILSTEIN: 22857<br \/>\nFERODO: DDF859<br \/>\nFERODO: FCR153A<br \/>\nFERODO: FCR228A<br \/>\nFERODO: FCR228C<br \/>\nFIRST LINE: FBD1516<br \/>\nFIRST LINE: FBD835<br \/>\nFTE: BS4544<br \/>\nGIRLING: 6027901<br \/>\nHELLA: 8DD 355 110-991<br \/>\nHELLA: 8DD 355 111-001<br \/>\nHELLA: 8DD 355 124-441<br \/>\nHELLA: 8DD 355 128-251<br \/>\nHELLA PAGID: 8DD 355 110-991<br \/>\nHELLA PAGID: 8DD 355 111-001<br \/>\nHELLA PAGID: 8DD 355 124-441<br \/>\nHELLA PAGID: 8DD 355 128-251<br \/>\nJURID: 561965J<br \/>\nJURID: 562086JC<br \/>\nJURID: 567760J<br \/>\nJURID: 569122J<br \/>\nLEMF\u00d6RDER: 22220 01<br \/>\nLEMF\u00d6RDER: 22220 03<br \/>\nLEMF\u00d6RDER: 31233 01<br \/>\nLPR: M2561V<br \/>\nMAGNETI MARELLI: 353612837240<br \/>\nMAGNETI MARELLI: 353612837250<br \/>\nMAGNETI MARELLI: 353612843540<br \/>\nMAGNETI MARELLI: 360704019000<br \/>\nMAGNETI MARELLI: 431602041000<br \/>\nMAPCO: 15794<br \/>\nMERCEDES-BENZ: 901 421 03 12<br \/>\nMERCEDES-BENZ: 901 421 06 12<br \/>\nMERCEDES-BENZ: 902 421 03 12<br \/>\nMERCEDES-BENZ: 902 421 04 12<br \/>\nMERCEDES-BENZ: 902 421 06 12<br \/>\nMERCEDES-BENZ: 902 421 07 12<br \/>\nMERCEDES-BENZ: 902 421 09 12<br \/>\nMERCEDES-BENZ: 902421061204<br \/>\nMERCEDES-BENZ: 902421091211<br \/>\nMERCEDES-BENZ: 902421091264<br \/>\nMERCEDES-BENZ: A 901 421 03 12<br \/>\nMERCEDES-BENZ: A 901 421 06 12<br \/>\nMERCEDES-BENZ: A 902 421 03 12<br \/>\nMERCEDES-BENZ: A 902 421 04 12<br \/>\nMERCEDES-BENZ: A 902 421 06 12<br \/>\nMERCEDES-BENZ: A 902 421 07 12<br \/>\nMERCEDES-BENZ: A 902 421 09 12<br \/>\nMERCEDES-BENZ: A902421091211<br \/>\nMERCEDES-BENZ: A902421091264<br \/>\nMERITOR: MBR6011<br \/>\nMETELLI: 230418<br \/>\nMETZGER: 24722E<br \/>\nMETZGER: 24804E<br \/>\nMETZGER: 646110<br \/>\nMEYLE: 015 521 2032<br \/>\nMEYLE: 015 521 2038<br \/>\nMEYLE: 0835212032PD<br \/>\nMGA: D1218<br \/>\nMGA: D1466<br \/>\nMINTEX: MDC1037<br \/>\nMINTEX: MDK0066<br \/>\nNATIONAL: NBD788<br \/>\nNATIONAL: NBD790<br \/>\nNK: 203334<br \/>\nNK: 203377<br \/>\nNK: 203397<br \/>\nNK: 313397<br \/>\nOBTEC A\/S: 232322V<br \/>\nOPTIMAL: BS-7290<br \/>\nOPTIMAL: BS-7290HC<br \/>\nPAGID: 52143<br \/>\nPAGID: 54054<br \/>\nPAGID: 54315<br \/>\nPAGID: 54315PRO<br \/>\nPE Automotive: 01629100A<br \/>\nPE Automotive: 76600200A<br \/>\nPE Automotive: 76600700A<br \/>\nPEX: 140334<br \/>\nPILENGA: V282<br \/>\nQH Benelux: 57702<br \/>\nQH Benelux: 57704<br \/>\nQH Benelux: 58126<br \/>\nQUINTON HAZELL: 646110<br \/>\nQUINTON HAZELL: 857801<br \/>\nQUINTON HAZELL: 861400<br \/>\nQUINTON HAZELL: BDC4544<br \/>\nQUINTON HAZELL: BDC4547<br \/>\nQUINTON HAZELL: BSF4544<br \/>\nQUINTON HAZELL: BSF4547<br \/>\nREMSA: 646110<br \/>\nREMSA: 857801<br \/>\nREMSA: 861400<br \/>\nROADHOUSE: 646110<br \/>\nROADHOUSE: 857801<br \/>\nROADHOUSE: 861400<br \/>\nROULUNDS RUBBER: D2331<br \/>\nRUVILLE: BRR340210<br \/>\nSEBRO: 50428<br \/>\nST-TEMPLIN: 031101926180<br \/>\nST-TEMPLIN: 0311082680<br \/>\nST-TEMPLIN: 0311082685<br \/>\nSWAG: 10907517<br \/>\nTEXTAR: 92131500<br \/>\nTEXTAR: 92131503<br \/>\nTEXTAR: 92131505<br \/>\nTEXTAR: 98200073501<br \/>\nTRISCAN: 812010169<br \/>\nTRISCAN: 812023131<br \/>\nTRUCKTEC AUTOMOTIVE: 0235025<br \/>\nTRUSTING: DF506<br \/>\nVALEO: 186774<br \/>\nVALEO: 187041<br \/>\nVALEO: 187121<br \/>\nVALEO: 197059<br \/>\nVW: 2D0 407 617<br \/>\nVW: 2D0 407 617 A<br \/>\nVW: 2D0 615 301 A<br \/>\nVW: 2D0 615 301 B<br \/>\nVW: 2D0 615 301 C<br \/>\nVW: 2D0 615 301 D<br \/>\nVW: 2D0 615 601 E<br \/>\nVW: 2DO 615 301 A<br \/>\nVW: 2DO 615 301 C<br \/>\nWOKING: P646110<br \/>\nZIMMERMANN: 400.6470.00<br \/>\nZIMMERMANN: 400143900<br \/>\nZIMMERMANN: 400144100<br \/>\nZIMMERMANN: 400144120<br \/>\nZIMMERMANN: 400647020<\/p>","protected":false},"excerpt":{"rendered":"<p>Numery producenta DF2790 Numery OE A.B.S.: 16451 A.B.S.: 16453 A.B.S.: 17346 A.P.: 24722E A.P.: 24804E A.P.: 24867E A.P.: 24868 E ACDelco: AC2331D APEC: DSK771 ATE: 24.0122-0161.1 ATE: 24032201611 ATE: 24112201611 AUDI: 2D0 407 617 AUDI: 2D0 407 617 A AUDI: 2D0 615 601 E BENDIX: 561965B BENDIX: 562086B BENDIX: 562086BC BENDIX: 562120B BENDIX: 562483B BENDIX: [&hellip;]<\/p>\n","protected":false},"featured_media":19524,"template":"","meta":{"_monsterinsights_skip_tracking":false,"_monsterinsights_sitenote_active":false,"_monsterinsights_sitenote_note":"","_monsterinsights_sitenote_category":0},"product_brand":[],"product_cat":[146],"product_tag":[],"class_list":{"0":"post-7362","1":"product","2":"type-product","3":"status-publish","4":"has-post-thumbnail","6":"product_cat-tarcze-hamulcowe","8":"first","9":"instock","10":"taxable","11":"shipping-taxable","12":"product-type-simple"},"_links":{"self":[{"href":"https:\/\/dev.niezawodneczesci.pl\/sk\/wp-json\/wp\/v2\/product\/7362","targetHints":{"allow":["GET"]}}],"collection":[{"href":"https:\/\/dev.niezawodneczesci.pl\/sk\/wp-json\/wp\/v2\/product"}],"about":[{"href":"https:\/\/dev.niezawodneczesci.pl\/sk\/wp-json\/wp\/v2\/types\/product"}],"version-history":[{"count":1,"href":"https:\/\/dev.niezawodneczesci.pl\/sk\/wp-json\/wp\/v2\/product\/7362\/revisions"}],"predecessor-version":[{"id":26043,"href":"https:\/\/dev.niezawodneczesci.pl\/sk\/wp-json\/wp\/v2\/product\/7362\/revisions\/26043"}],"wp:featuredmedia":[{"embeddable":true,"href":"https:\/\/dev.niezawodneczesci.pl\/sk\/wp-json\/wp\/v2\/media\/19524"}],"wp:attachment":[{"href":"https:\/\/dev.niezawodneczesci.pl\/sk\/wp-json\/wp\/v2\/media?parent=7362"}],"wp:term":[{"taxonomy":"product_brand","embeddable":true,"href":"https:\/\/dev.niezawodneczesci.pl\/sk\/wp-json\/wp\/v2\/product_brand?post=7362"},{"taxonomy":"product_cat","embeddable":true,"href":"https:\/\/dev.niezawodneczesci.pl\/sk\/wp-json\/wp\/v2\/product_cat?post=7362"},{"taxonomy":"product_tag","embeddable":true,"href":"https:\/\/dev.niezawodneczesci.pl\/sk\/wp-json\/wp\/v2\/product_tag?post=7362"}],"curies":[{"name":"wp","href":"https:\/\/api.w.org\/{rel}","templated":true}]}}