{"id":7383,"date":"2021-06-16T11:52:37","date_gmt":"2021-06-16T09:52:37","guid":{"rendered":"https:\/\/niezawodneczesci.pl\/\/?post_type=product&#038;p=7383"},"modified":"2026-04-24T01:04:59","modified_gmt":"2026-04-23T23:04:59","slug":"tarcza-hamulcowa-sr-01-1533","status":"publish","type":"product","link":"https:\/\/dev.niezawodneczesci.pl\/sk\/produkt\/tarcza-hamulcowa-sr-01-1533\/","title":{"rendered":"BRZDOV\u00dd KOT\u00da\u010c SR.01.1533"},"content":{"rendered":"<p>\u010c\u00edsla v\u00fdrobcov<br \/>\nDF1533<\/p>\n<p>OE \u010d\u00edsla<br \/>\nA.P.: 24217E<br \/>\nA.P.: X24217<br \/>\nABEX: W0466<br \/>\nACDelco: AC2080D<br \/>\nAPEC: DSK568<br \/>\nAPEC: SDK6036<br \/>\nATE: 24012001281<br \/>\nATE: 24032001281<br \/>\nATE: 24112001281<br \/>\nATE: 420128<br \/>\nATE: 520128<br \/>\nBENDIX: 345011<br \/>\nBENDIX: 561448B<br \/>\nBENDIX: 561448BC<br \/>\nBLUE PRINT: ADV184356<br \/>\nBORG &amp; BECK: BBD4925<br \/>\nBOSCH: 0 986 478 308<br \/>\nBOSCH: 0 986 479 853<br \/>\nBOSCH: 0 986 AB6 888<br \/>\nBOSCH: 0 986 BB4 028<br \/>\nBOSCH: 986478308<br \/>\nBOSCH: F 026 A01 178<br \/>\nBRADI: 1.5813.2.4<br \/>\nBREMBO: 09.5166.10<br \/>\nBREMBO: 09516611<br \/>\nBREMBO: 09516614<br \/>\nBREMBO: 0951661X<br \/>\nBREMBO: 09516675<br \/>\nBrake ENGINEERING: DI951480<br \/>\nCAR: 142703<br \/>\nCAR: HPD703<br \/>\nDBA Australia: DBA446<br \/>\nDELPHI: BG2455<br \/>\nDELPHI: BG2455C<br \/>\nDELPHI: BG455<br \/>\nDELPHI: BS3605<br \/>\nFAG: BS3605<br \/>\nFEBI BILSTEIN: 06512<br \/>\nFERODO: DDF207<br \/>\nFERODO: DDF2071<br \/>\nFERODO: DDF207C<br \/>\nFERODO: DDF207C1<br \/>\nFERODO: DDF207P-D<br \/>\nFERODO: DRF207<br \/>\nFIRST LINE: FBD394<br \/>\nFTE: BS3605<br \/>\nGIRLING: 6015331<br \/>\nGRAF: DF29230L<br \/>\nHELLA: 8DD 355 101-311<br \/>\nHELLA: 8DD 355 101-321<br \/>\nHELLA: 8DD 355 101-322<br \/>\nHELLA: 8DD 355 123-731<br \/>\nHELLA PAGID: 8DD 355 101-321<br \/>\nHELLA PAGID: 8DD 355 101-322<br \/>\nHELLA PAGID: 8DD 355 123-731<br \/>\nJURID: 561448J<br \/>\nJURID: 561448JC<br \/>\nLEMF\u00d6RDER: 10213 03<br \/>\nLPR: V2161V<br \/>\nLPR: V2161VR<br \/>\nMAGNETI MARELLI: 353615813240<br \/>\nMAGNETI MARELLI: 360406048100<br \/>\nMAGNETI MARELLI: 360406048103<br \/>\nMAGNETI MARELLI: 361302040250<br \/>\nMAGNETI MARELLI: 431602040210<br \/>\nMAPCO: 15773<br \/>\nMETELLI: 23-0230C<br \/>\nMETELLI: 230230<br \/>\nMETZGER: 24217E<br \/>\nMETZGER: X24217<br \/>\nMEYLE: 115 521 1006<br \/>\nMEYLE: 115 521 1006\/PD<br \/>\nMEYLE: 1835211006PD<br \/>\nMGA: D1030<br \/>\nMINTEX: MDC504<br \/>\nMINTEX: MDK0116<br \/>\nNATIONAL: NBD159<br \/>\nNK: 204729<br \/>\nNK: 209934<br \/>\nNK: 319934<br \/>\nOBTEC A\/S: 424208V<br \/>\nOPEN PARTS: BDA1579.20<br \/>\nOPEN PARTS: BDR1579.20<br \/>\nOPTIMAL: BS-1750<br \/>\nOPTIMAL: BS-1750C<br \/>\nPAGID: 53934<br \/>\nPAGID: 53934PRO<br \/>\nPEX: 140619<br \/>\nPEX: 140619N<br \/>\nPILENGA: V152<br \/>\nQH Benelux: 57191<br \/>\nQUINTON HAZELL: 813400<br \/>\nQUINTON HAZELL: 813401<br \/>\nQUINTON HAZELL: 863100<br \/>\nQUINTON HAZELL: 863101<br \/>\nQUINTON HAZELL: 863303<br \/>\nQUINTON HAZELL: BDC3605<br \/>\nQUINTON HAZELL: BDC3605BD<br \/>\nQUINTON HAZELL: BSF3605<br \/>\nREMSA: 617510<br \/>\nREMSA: 813400<br \/>\nREMSA: 813401<br \/>\nREMSA: 863100<br \/>\nREMSA: 863101<br \/>\nREMSA: 863303<br \/>\nREMY: RAD1167C<br \/>\nROADHOUSE: 617510<br \/>\nROADHOUSE: 813400<br \/>\nROADHOUSE: 813401<br \/>\nROADHOUSE: 863100<br \/>\nROADHOUSE: 863101<br \/>\nROADHOUSE: 863303<br \/>\nROULUNDS RUBBER: D2080<br \/>\nRUVILLE: BFR360110<br \/>\nRUVILLE: BFR370510<br \/>\nSEAT: 321 615 301 D<br \/>\nSEAT: 357 615 301 D<br \/>\nSEAT: 6N0 615 301 D<br \/>\nSEBRO: 7132<br \/>\nSKODA: 6N0 615 301 D<br \/>\nST-TEMPLIN: 0311030030<br \/>\nST-TEMPLIN: 0311030035<br \/>\nSWAG: 32906512<br \/>\nTEXTAR: 92036800<br \/>\nTEXTAR: 92036803<br \/>\nTEXTAR: 92036805<br \/>\nTEXTAR: 98200036801<br \/>\nTRISCAN: 812010105<br \/>\nTRUSTING: DF281<br \/>\nVAICO: V10-80058<br \/>\nVALEO: 186247<br \/>\nVALEO: 297247<br \/>\nVW: 321 615 301 D<br \/>\nVW: 357 615 301 D<br \/>\nVW: 6N0 615 301 D<br \/>\nWOKING: P617510<br \/>\nZIMMERMANN: 6001597<br \/>\nZIMMERMANN: 600159700<br \/>\nZIMMERMANN: 600159750<br \/>\nZIMMERMANN: 600159770<\/p>","protected":false},"excerpt":{"rendered":"<p>Numery producenta DF1533 Numery OE A.P.: 24217E A.P.: X24217 ABEX: W0466 ACDelco: AC2080D APEC: DSK568 APEC: SDK6036 ATE: 24012001281 ATE: 24032001281 ATE: 24112001281 ATE: 420128 ATE: 520128 BENDIX: 345011 BENDIX: 561448B BENDIX: 561448BC BLUE PRINT: ADV184356 BORG &amp; BECK: BBD4925 BOSCH: 0 986 478 308 BOSCH: 0 986 479 853 BOSCH: 0 986 AB6 888 [&hellip;]<\/p>\n","protected":false},"featured_media":17930,"template":"","meta":{"_monsterinsights_skip_tracking":false,"_monsterinsights_sitenote_active":false,"_monsterinsights_sitenote_note":"","_monsterinsights_sitenote_category":0},"product_brand":[],"product_cat":[146],"product_tag":[],"class_list":{"0":"post-7383","1":"product","2":"type-product","3":"status-publish","4":"has-post-thumbnail","6":"product_cat-tarcze-hamulcowe","8":"first","9":"outofstock","10":"taxable","11":"shipping-taxable","12":"purchasable","13":"product-type-simple"},"_links":{"self":[{"href":"https:\/\/dev.niezawodneczesci.pl\/sk\/wp-json\/wp\/v2\/product\/7383","targetHints":{"allow":["GET"]}}],"collection":[{"href":"https:\/\/dev.niezawodneczesci.pl\/sk\/wp-json\/wp\/v2\/product"}],"about":[{"href":"https:\/\/dev.niezawodneczesci.pl\/sk\/wp-json\/wp\/v2\/types\/product"}],"version-history":[{"count":1,"href":"https:\/\/dev.niezawodneczesci.pl\/sk\/wp-json\/wp\/v2\/product\/7383\/revisions"}],"predecessor-version":[{"id":26032,"href":"https:\/\/dev.niezawodneczesci.pl\/sk\/wp-json\/wp\/v2\/product\/7383\/revisions\/26032"}],"wp:featuredmedia":[{"embeddable":true,"href":"https:\/\/dev.niezawodneczesci.pl\/sk\/wp-json\/wp\/v2\/media\/17930"}],"wp:attachment":[{"href":"https:\/\/dev.niezawodneczesci.pl\/sk\/wp-json\/wp\/v2\/media?parent=7383"}],"wp:term":[{"taxonomy":"product_brand","embeddable":true,"href":"https:\/\/dev.niezawodneczesci.pl\/sk\/wp-json\/wp\/v2\/product_brand?post=7383"},{"taxonomy":"product_cat","embeddable":true,"href":"https:\/\/dev.niezawodneczesci.pl\/sk\/wp-json\/wp\/v2\/product_cat?post=7383"},{"taxonomy":"product_tag","embeddable":true,"href":"https:\/\/dev.niezawodneczesci.pl\/sk\/wp-json\/wp\/v2\/product_tag?post=7383"}],"curies":[{"name":"wp","href":"https:\/\/api.w.org\/{rel}","templated":true}]}}