{"id":7394,"date":"2021-06-16T11:52:39","date_gmt":"2021-06-16T09:52:39","guid":{"rendered":"https:\/\/niezawodneczesci.pl\/\/?post_type=product&#038;p=7394"},"modified":"2026-04-24T01:04:53","modified_gmt":"2026-04-23T23:04:53","slug":"klocki-hamulcowe-sunrichprzod-sr0166-01-1139","status":"publish","type":"product","link":"https:\/\/dev.niezawodneczesci.pl\/sk\/produkt\/klocki-hamulcowe-sunrichprzod-sr0166-01-1139\/","title":{"rendered":"BRZDOV\u00c9 DESTI\u010cKY SUNRICH PREDN\u00c9 SR0166.01-1139"},"content":{"rendered":"<p>Numer WVA<br \/>\n21754;<br \/>\n21755;<br \/>\n21756;<br \/>\n21757<\/p>\n<p>\u010c\u00edsla v\u00fdrobcov<br \/>\nGDB1139<\/p>\n<p>OE \u010d\u00edsla<br \/>\nA.B.S.: 36795<br \/>\nA.B.S.: 36795OE<br \/>\nACDelco: AC459481D<br \/>\nAPEC: PAD765<br \/>\nASHIKA: 5003399<br \/>\nASHIKA: 5005590<br \/>\nATE: 13046059542<br \/>\nBENDIX: 572325B<br \/>\nBENDIX-AU: DB1362<br \/>\nBLUE PRINT: ADM54222<br \/>\nBLUE PRINT: ADM54230AF<br \/>\nBORG &amp; BECK: BBP1404<br \/>\nBORG &amp; BECK: BBP1516<br \/>\nBORG &amp; BECK: BBP1750<br \/>\nBOSCH: 0 986 460 975<br \/>\nBOSCH: 0 986 495 029<br \/>\nBOSCH: 0 986 495 265<br \/>\nBOSCH: 0 986 AB2 463<br \/>\nBOSCH: 0 986 TB2 226<br \/>\nBOSCH: 986460975<br \/>\nBREMBO: P49018<br \/>\nBrake ENGINEERING: PA768<br \/>\nDELPHI: LP0801<br \/>\nDELPHI: LP1076<br \/>\nDELPHI: LP801<br \/>\nE.T.F.: 120622<br \/>\nFEBI BILSTEIN: 16198<br \/>\nFEBI BILSTEIN: 16282<br \/>\nFERODO: FDB950<br \/>\nFERODO: FDB950-D<br \/>\nFERODO: FSL950<br \/>\nFERODO: TAR950<br \/>\nFORD: 3894048<br \/>\nFORD: 3898530<br \/>\nFORD: 3922123<br \/>\nFORD USA: 3894048<br \/>\nFORD USA: 3898530<br \/>\nFORD USA: 3922123<br \/>\nFORD USA: F32Z2001C<br \/>\nFORD USA: F62Z2001BA<br \/>\nFTE: BL1385A2<br \/>\nGIRLING: 6111399<br \/>\nHELLA: 8DB 355 006-621<br \/>\nHERTH+BUSS JAKOPARTS: J3603038<br \/>\nHERZOG GERMANY: 886795<br \/>\nICER: 180971<br \/>\nJAPANPARTS: PA399AF<br \/>\nJAPANPARTS: PA590AF<br \/>\nJURID: 572325J<br \/>\nJURID: 572434J<br \/>\nKAWE: 81024<br \/>\nKBP: BP4520<br \/>\nLEMF\u00d6RDER: 26236<br \/>\nLPR: 05P559<br \/>\nMAGNETI MARELLI: 363702160580<br \/>\nMAGNETI MARELLI: 363916061043<br \/>\nMAPCO: 6657<br \/>\nMAZDA: CB80-33-210<br \/>\nMAZDA: CB80-33-220<br \/>\nMAZDA: CB80-33-230<br \/>\nMAZDA: CBY13328ZA<br \/>\nMAZDA: CBY13328ZC<br \/>\nMAZDA: CBY13328ZD<br \/>\nMAZDA: CBY13328ZG<br \/>\nMAZDA: CBY23328Z<br \/>\nMAZDA: CBY93328Z<br \/>\nMAZDA: G5Y6-33-23Z<br \/>\nMAZDA: G5Y63323ZB<br \/>\nMAZDA: G5Y63323ZC<br \/>\nMAZDA: G5Y63328Z<br \/>\nMAZDA: GAYR-33-23Z<br \/>\nMAZDA: GAYR-33-23Z A<br \/>\nMAZDA: GAYR-33-23Z B<br \/>\nMAZDA: GAYR-33-23Z C<br \/>\nMAZDA: GAYR2323ZB<br \/>\nMAZDA: GAYR2328Z<br \/>\nMAZDA: GAYR2328ZA<br \/>\nMAZDA: GAYR3323ZD<br \/>\nMAZDA: GAYR3323ZE<br \/>\nMAZDA: GAYR3328Z<br \/>\nMAZDA: GAYR3328ZA<br \/>\nMAZDA: GAYR3328ZA9C<br \/>\nMAZDA: GAYR3328ZB<br \/>\nMAZDA: GAYR3328ZC<br \/>\nMAZDA: GAYR3328ZD<br \/>\nMAZDA: GAYR3329ZA<br \/>\nMAZDA: GCYD-33-23Z<br \/>\nMAZDA: GCYD-33-23Z A<br \/>\nMAZDA: GCYD-33-23Z B<br \/>\nMAZDA: GCYD3328Z<br \/>\nMAZDA: GCYD3328ZA<br \/>\nMAZDA: GEYA3323Z<br \/>\nMAZDA: GEYA3328Z<br \/>\nMAZDA: GEYC3323Z<br \/>\nMAZDA: GEYC3328Z<br \/>\nMAZDA: GEYT3328ZB<br \/>\nMAZDA: GEYV3328Z<br \/>\nMAZDA: GEYV3328Z9C<br \/>\nMAZDA: GGYM3328Z<br \/>\nMAZDA: GHYD3328Z<br \/>\nMETELLI: 2202230<br \/>\nMETZGER: 041504<br \/>\nMEYLE: 025 217 5416\/PD<br \/>\nMEYLE: 025 217 5416\/W<br \/>\nMGA: 402<br \/>\nMINTEX: MDB1678<br \/>\nMINTEX: MDB2757<br \/>\nMK Kashiyama: D 3084M<br \/>\nNECTO: FD6600A<br \/>\nNIPPARTS: J3603038<br \/>\nNK: 223232<br \/>\nOPTIMAL: 9811<br \/>\nPAGID: T1557<br \/>\nPAGID: T3002<br \/>\nPEX: 7143<br \/>\nPEX: 7143S<br \/>\nQH Benelux: 2848<br \/>\nQUINTON HAZELL: BLF751<br \/>\nQUINTON HAZELL: BP751<br \/>\nRAMEDER: T0610672<br \/>\nREMSA: 027302<br \/>\nREMSA: 041504<br \/>\nREMSA: 041512<br \/>\nREMSA: 27302<br \/>\nREMSA: 41504<br \/>\nROULUNDS RUBBER: 459481<br \/>\nSCT &#8211; MANNOL: SP125<br \/>\nSPIDAN: 31882<br \/>\nSWAG: 83916198<br \/>\nTEXTAR: 2175401<br \/>\nTEXTAR: 2175416505<br \/>\nTEXTAR: 2384504<br \/>\nTEXTAR: 2384506<br \/>\nTRISCAN: 811050183<br \/>\nTRUCKTEC AUTOMOTIVE: 4135005<br \/>\nTRUSTING: 2320<br \/>\nVALEO: 301629<br \/>\nVALEO: 597183<br \/>\nVALEO: 598629<br \/>\nVALEO: 606480<br \/>\nWAGNER: WBP21754A<br \/>\nWOKING: P515304<br \/>\nZIMMERMANN: 217541651<br \/>\nfri.tech.: 2320<br \/>\nsbs: 223232<\/p>","protected":false},"excerpt":{"rendered":"<p>Numer WVA 21754; 21755; 21756; 21757 Numery producenta GDB1139 Numery OE A.B.S.: 36795 A.B.S.: 36795OE ACDelco: AC459481D APEC: PAD765 ASHIKA: 5003399 ASHIKA: 5005590 ATE: 13046059542 BENDIX: 572325B BENDIX-AU: DB1362 BLUE PRINT: ADM54222 BLUE PRINT: ADM54230AF BORG &amp; BECK: BBP1404 BORG &amp; BECK: BBP1516 BORG &amp; BECK: BBP1750 BOSCH: 0 986 460 975 BOSCH: 0 986 [&hellip;]<\/p>\n","protected":false},"featured_media":19454,"template":"","meta":{"_monsterinsights_skip_tracking":false,"_monsterinsights_sitenote_active":false,"_monsterinsights_sitenote_note":"","_monsterinsights_sitenote_category":0},"product_brand":[],"product_cat":[149,447],"product_tag":[],"class_list":{"0":"post-7394","1":"product","2":"type-product","3":"status-publish","4":"has-post-thumbnail","6":"product_cat-klocki-hamulcowe","7":"product_cat-promocja","9":"first","10":"instock","11":"taxable","12":"shipping-taxable","13":"purchasable","14":"product-type-simple"},"_links":{"self":[{"href":"https:\/\/dev.niezawodneczesci.pl\/sk\/wp-json\/wp\/v2\/product\/7394","targetHints":{"allow":["GET"]}}],"collection":[{"href":"https:\/\/dev.niezawodneczesci.pl\/sk\/wp-json\/wp\/v2\/product"}],"about":[{"href":"https:\/\/dev.niezawodneczesci.pl\/sk\/wp-json\/wp\/v2\/types\/product"}],"version-history":[{"count":1,"href":"https:\/\/dev.niezawodneczesci.pl\/sk\/wp-json\/wp\/v2\/product\/7394\/revisions"}],"predecessor-version":[{"id":26027,"href":"https:\/\/dev.niezawodneczesci.pl\/sk\/wp-json\/wp\/v2\/product\/7394\/revisions\/26027"}],"wp:featuredmedia":[{"embeddable":true,"href":"https:\/\/dev.niezawodneczesci.pl\/sk\/wp-json\/wp\/v2\/media\/19454"}],"wp:attachment":[{"href":"https:\/\/dev.niezawodneczesci.pl\/sk\/wp-json\/wp\/v2\/media?parent=7394"}],"wp:term":[{"taxonomy":"product_brand","embeddable":true,"href":"https:\/\/dev.niezawodneczesci.pl\/sk\/wp-json\/wp\/v2\/product_brand?post=7394"},{"taxonomy":"product_cat","embeddable":true,"href":"https:\/\/dev.niezawodneczesci.pl\/sk\/wp-json\/wp\/v2\/product_cat?post=7394"},{"taxonomy":"product_tag","embeddable":true,"href":"https:\/\/dev.niezawodneczesci.pl\/sk\/wp-json\/wp\/v2\/product_tag?post=7394"}],"curies":[{"name":"wp","href":"https:\/\/api.w.org\/{rel}","templated":true}]}}