{"id":7395,"date":"2021-06-16T11:52:39","date_gmt":"2021-06-16T09:52:39","guid":{"rendered":"https:\/\/niezawodneczesci.pl\/\/?post_type=product&#038;p=7395"},"modified":"2026-04-24T01:04:53","modified_gmt":"2026-04-23T23:04:53","slug":"klocki-hamulcowe-sunrichprzod-sr0110-01-3222","status":"publish","type":"product","link":"https:\/\/dev.niezawodneczesci.pl\/sk\/produkt\/klocki-hamulcowe-sunrichprzod-sr0110-01-3222\/","title":{"rendered":"BRZDOV\u00c9 DESTI\u010cKY SUNRICH PREDN\u00c9 SR0110.01-3222"},"content":{"rendered":"<p>Numer WVA<br \/>\n23611<br \/>\n23612<\/p>\n<p>\u010c\u00edsla v\u00fdrobcov<br \/>\nGDB3222<\/p>\n<p>OE \u010d\u00edsla<br \/>\nA.B.S.: 37084<br \/>\nA.B.S.: 37084OE<br \/>\nACDelco: AC699881D<br \/>\nAISIN: BPNI-1918<br \/>\nAPEC: PAD1151<br \/>\nASHIKA: 5001178<br \/>\nASIMCO: KD1762<br \/>\nASIMCO: KD1764<br \/>\nATE: 13046058792<br \/>\nBENDIX: 572448B<br \/>\nBENDIX-AU: DB1361<br \/>\nBLUE PRINT: ADN14287<br \/>\nBORG &amp; BECK: BBP1866<br \/>\nBOSCH: 0 986 494 150<br \/>\nBOSCH: 0 986 AB2 145<br \/>\nBOSCH: 0 986 TB2 790<br \/>\nBREMBO: P56041<br \/>\nBrake ENGINEERING: PA1382<br \/>\nDELPHI: LP1305<br \/>\nE.T.F.: 121007<br \/>\nFERODO: FDB1577<br \/>\nFIRST LINE: FBP3498<br \/>\nFTE: BL1713A2<br \/>\nGIRLING: 6132229<br \/>\nHELLA: 8DB 355 010-511<br \/>\nHERTH+BUSS JAKOPARTS: J3601070<br \/>\nICER: 181448<br \/>\nJAPANPARTS: PA178AF<br \/>\nJURID: 572448J<br \/>\nKAWE: 81247<br \/>\nKBP: BP6538<br \/>\nLEMF\u00d6RDER: 26408<br \/>\nLPR: 05P845<br \/>\nMAGNETI MARELLI: 363702161144<br \/>\nMAGNETI MARELLI: 363916060983<br \/>\nMETELLI: 2204070<br \/>\nMETZGER: 071104<br \/>\nMEYLE: 025 236 1118\/W<br \/>\nMINTEX: MDB1902<br \/>\nMK Kashiyama: D1218M<br \/>\nNECTO: FD6998A<br \/>\nNIPPARTS: J3601070<br \/>\nNISSAN: 41060-VB290<br \/>\nNISSAN: 41060-VB291<br \/>\nNISSAN: 41060-VC091<br \/>\nNISSAN: D1060-VC091<br \/>\nNK: 222255<br \/>\nOPTIMAL: 10346<br \/>\nPAGID: T1370<br \/>\nPEX: 7714<br \/>\nQH Benelux: 7104<br \/>\nQUINTON HAZELL: BP1102<br \/>\nRAMEDER: T0610264<br \/>\nREMSA: 071104<br \/>\nREMSA: 71104<br \/>\nROULUNDS RUBBER: 699881<br \/>\nSPIDAN: 32776<br \/>\nTEXTAR: 2361101<br \/>\nTEXTAR: 2361119005<br \/>\nTRISCAN: 811014024<br \/>\nTRUSTING: 4220<br \/>\nVALEO: 598524<br \/>\nWAGNER: WBP23611A<br \/>\nZIMMERMANN: 236111851<br \/>\nfri.tech.: 4220<br \/>\nsbs: 222255<\/p>","protected":false},"excerpt":{"rendered":"<p>Numer WVA 23611 23612 Numery producenta GDB3222 Numery OE A.B.S.: 37084 A.B.S.: 37084OE ACDelco: AC699881D AISIN: BPNI-1918 APEC: PAD1151 ASHIKA: 5001178 ASIMCO: KD1762 ASIMCO: KD1764 ATE: 13046058792 BENDIX: 572448B BENDIX-AU: DB1361 BLUE PRINT: ADN14287 BORG &amp; BECK: BBP1866 BOSCH: 0 986 494 150 BOSCH: 0 986 AB2 145 BOSCH: 0 986 TB2 790 BREMBO: P56041 [&hellip;]<\/p>\n","protected":false},"featured_media":17379,"template":"","meta":{"_monsterinsights_skip_tracking":false,"_monsterinsights_sitenote_active":false,"_monsterinsights_sitenote_note":"","_monsterinsights_sitenote_category":0},"product_brand":[],"product_cat":[149],"product_tag":[],"class_list":{"0":"post-7395","1":"product","2":"type-product","3":"status-publish","4":"has-post-thumbnail","6":"product_cat-klocki-hamulcowe","8":"first","9":"instock","10":"taxable","11":"shipping-taxable","12":"purchasable","13":"product-type-simple"},"_links":{"self":[{"href":"https:\/\/dev.niezawodneczesci.pl\/sk\/wp-json\/wp\/v2\/product\/7395","targetHints":{"allow":["GET"]}}],"collection":[{"href":"https:\/\/dev.niezawodneczesci.pl\/sk\/wp-json\/wp\/v2\/product"}],"about":[{"href":"https:\/\/dev.niezawodneczesci.pl\/sk\/wp-json\/wp\/v2\/types\/product"}],"version-history":[{"count":1,"href":"https:\/\/dev.niezawodneczesci.pl\/sk\/wp-json\/wp\/v2\/product\/7395\/revisions"}],"predecessor-version":[{"id":26026,"href":"https:\/\/dev.niezawodneczesci.pl\/sk\/wp-json\/wp\/v2\/product\/7395\/revisions\/26026"}],"wp:featuredmedia":[{"embeddable":true,"href":"https:\/\/dev.niezawodneczesci.pl\/sk\/wp-json\/wp\/v2\/media\/17379"}],"wp:attachment":[{"href":"https:\/\/dev.niezawodneczesci.pl\/sk\/wp-json\/wp\/v2\/media?parent=7395"}],"wp:term":[{"taxonomy":"product_brand","embeddable":true,"href":"https:\/\/dev.niezawodneczesci.pl\/sk\/wp-json\/wp\/v2\/product_brand?post=7395"},{"taxonomy":"product_cat","embeddable":true,"href":"https:\/\/dev.niezawodneczesci.pl\/sk\/wp-json\/wp\/v2\/product_cat?post=7395"},{"taxonomy":"product_tag","embeddable":true,"href":"https:\/\/dev.niezawodneczesci.pl\/sk\/wp-json\/wp\/v2\/product_tag?post=7395"}],"curies":[{"name":"wp","href":"https:\/\/api.w.org\/{rel}","templated":true}]}}