{"id":7398,"date":"2021-06-16T11:52:40","date_gmt":"2021-06-16T09:52:40","guid":{"rendered":"https:\/\/niezawodneczesci.pl\/\/?post_type=product&#038;p=7398"},"modified":"2026-04-24T01:04:43","modified_gmt":"2026-04-23T23:04:43","slug":"klocki-hamulcowe-sunrich-tyl-sr0848-01-1766","status":"publish","type":"product","link":"https:\/\/dev.niezawodneczesci.pl\/sk\/produkt\/klocki-hamulcowe-sunrich-tyl-sr0848-01-1766\/","title":{"rendered":"BRZDOV\u00c9 DESTI\u010cKY SUNRICH ZADN\u00c9 SR0848.01-1766"},"content":{"rendered":"<p>Numer WVA<br \/>\n24289,<br \/>\n24290<\/p>\n<p>\u010c\u00edsla v\u00fdrobcov<br \/>\nGDB1766<\/p>\n<p>OE \u010d\u00edsla<br \/>\nAPEC: PAD1648<br \/>\nATE: 13046027142<br \/>\nATE: 13047027142<br \/>\nBENDIX-AU: DB2214<br \/>\nBMW: 34 21 6 794 059<br \/>\nBMW: 6 794 059<br \/>\nBORG &amp; BECK: BBP2025<br \/>\nBOSCH: 0 986 494 242<br \/>\nBOSCH: 0 986 494 645<br \/>\nBOSCH: 0 986 495 419<br \/>\nBREMBO: P 06 052X<br \/>\nBREMBO: P06052<br \/>\nBREMBO: P06052N<br \/>\nDELPHI: LP2022<br \/>\nFEBI BILSTEIN: 16742<br \/>\nFERODO: FDB1975<br \/>\nFERODO: FDB1975-D<br \/>\nFERODO: FSL1975<br \/>\nGIRLING: 6117661<br \/>\nHELLA: 8DB 355 013-661<br \/>\nHELLA: 8DB 355 026-211<br \/>\nICER: 181812<br \/>\nJURID: 573200J<br \/>\nJURID: 573200JAS<br \/>\nJURID: 573200JC<br \/>\nLPR: 05P1481<br \/>\nLUCAS: LBP1861<br \/>\nMETELLI: 2207690<br \/>\nMETZGER: 134400<br \/>\nMEYLE: 025 242 8917<br \/>\nMINI: 34 21 6 772 894<br \/>\nMINI: 34 21 6 778 325<br \/>\nMINI: 34 21 6 778 326<br \/>\nMINI: 34 21 6 778 327<br \/>\nMINI: 34 21 6 794 059<br \/>\nMINI: 6 772 894<br \/>\nMINI: 6 778 325<br \/>\nMINI: 6 778 326<br \/>\nMINI: 6 778 327<br \/>\nMINI: 6 794 059<br \/>\nMINTEX: MDB2930<br \/>\nPAGID: T1738<br \/>\nREMSA: 134400<br \/>\nREMY: RAP1102<br \/>\nRUVILLE: D13098424<br \/>\nSWAG: 11916742<br \/>\nTEXTAR: 2428901<br \/>\nTEXTAR: 2428903<br \/>\nTEXTAR: 2428917015<br \/>\nTRISCAN: 811011036<br \/>\nVALEO: 301041<br \/>\nVALEO: 601041<br \/>\nVALEO: 604117<br \/>\nWAGNER: WBP24289A<br \/>\nZIMMERMANN: 242891701<\/p>","protected":false},"excerpt":{"rendered":"<p>Numer WVA 24289, 24290 Numery producenta GDB1766 Numery OE APEC: PAD1648 ATE: 13046027142 ATE: 13047027142 BENDIX-AU: DB2214 BMW: 34 21 6 794 059 BMW: 6 794 059 BORG &amp; BECK: BBP2025 BOSCH: 0 986 494 242 BOSCH: 0 986 494 645 BOSCH: 0 986 495 419 BREMBO: P 06 052X BREMBO: P06052 BREMBO: P06052N DELPHI: [&hellip;]<\/p>\n","protected":false},"featured_media":18756,"template":"","meta":{"_monsterinsights_skip_tracking":false,"_monsterinsights_sitenote_active":false,"_monsterinsights_sitenote_note":"","_monsterinsights_sitenote_category":0},"product_brand":[],"product_cat":[149,447],"product_tag":[],"class_list":{"0":"post-7398","1":"product","2":"type-product","3":"status-publish","4":"has-post-thumbnail","6":"product_cat-klocki-hamulcowe","7":"product_cat-promocja","9":"first","10":"instock","11":"taxable","12":"shipping-taxable","13":"purchasable","14":"product-type-simple"},"_links":{"self":[{"href":"https:\/\/dev.niezawodneczesci.pl\/sk\/wp-json\/wp\/v2\/product\/7398","targetHints":{"allow":["GET"]}}],"collection":[{"href":"https:\/\/dev.niezawodneczesci.pl\/sk\/wp-json\/wp\/v2\/product"}],"about":[{"href":"https:\/\/dev.niezawodneczesci.pl\/sk\/wp-json\/wp\/v2\/types\/product"}],"version-history":[{"count":1,"href":"https:\/\/dev.niezawodneczesci.pl\/sk\/wp-json\/wp\/v2\/product\/7398\/revisions"}],"predecessor-version":[{"id":26023,"href":"https:\/\/dev.niezawodneczesci.pl\/sk\/wp-json\/wp\/v2\/product\/7398\/revisions\/26023"}],"wp:featuredmedia":[{"embeddable":true,"href":"https:\/\/dev.niezawodneczesci.pl\/sk\/wp-json\/wp\/v2\/media\/18756"}],"wp:attachment":[{"href":"https:\/\/dev.niezawodneczesci.pl\/sk\/wp-json\/wp\/v2\/media?parent=7398"}],"wp:term":[{"taxonomy":"product_brand","embeddable":true,"href":"https:\/\/dev.niezawodneczesci.pl\/sk\/wp-json\/wp\/v2\/product_brand?post=7398"},{"taxonomy":"product_cat","embeddable":true,"href":"https:\/\/dev.niezawodneczesci.pl\/sk\/wp-json\/wp\/v2\/product_cat?post=7398"},{"taxonomy":"product_tag","embeddable":true,"href":"https:\/\/dev.niezawodneczesci.pl\/sk\/wp-json\/wp\/v2\/product_tag?post=7398"}],"curies":[{"name":"wp","href":"https:\/\/api.w.org\/{rel}","templated":true}]}}