{"id":7406,"date":"2021-06-16T11:52:41","date_gmt":"2021-06-16T09:52:41","guid":{"rendered":"https:\/\/niezawodneczesci.pl\/\/?post_type=product&#038;p=7406"},"modified":"2026-04-24T01:04:46","modified_gmt":"2026-04-23T23:04:46","slug":"klocki-hamulcowe-sunrich-tyl-sr0632-01-1147","status":"publish","type":"product","link":"https:\/\/dev.niezawodneczesci.pl\/sk\/produkt\/klocki-hamulcowe-sunrich-tyl-sr0632-01-1147\/","title":{"rendered":"BRZDOV\u00c9 DESTI\u010cKY SUNRICH ZADN\u00c9 SR0632.01-1147"},"content":{"rendered":"<p>Numer WVA<br \/>\n21605<br \/>\n21606<\/p>\n<p>\u010c\u00edsla v\u00fdrobcov<br \/>\nGDB1147<\/p>\n<p>OE \u010d\u00edsla<br \/>\nA.B.S.: 36935<br \/>\nA.B.S.: 36935OE<br \/>\nACDelco: AC650081D<br \/>\nACDelco: AC672881D<br \/>\nALFA ROMEO: 0071712910<br \/>\nALFA ROMEO: 71712910<br \/>\nALFA ROMEO: 71752987<br \/>\nALFA ROMEO: 71770990<br \/>\nALFA ROMEO: 77362257<br \/>\nALFA ROMEO: 77362343<br \/>\nALFA ROMEO: 9945775<br \/>\nALFA ROMEO: 99457750<br \/>\nALFA ROMEO: 9946568<br \/>\nALFA ROMEO: 99465680<br \/>\nALFA ROMEO: 9948577<br \/>\nAPEC: PAD943<br \/>\nATE: 13046028272<br \/>\nBENDIX: 571908B<br \/>\nBENDIX: 571951B<br \/>\nBENDIX-AU: DB2038<br \/>\nBORG &amp; BECK: BBP1699<br \/>\nBOSCH: 0 986 424 506<br \/>\nBOSCH: 0 986 424 576<br \/>\nBOSCH: 0 986 494 020<br \/>\nBOSCH: 0 986 TB2 276<br \/>\nBREMBO: P23067<br \/>\nBREMBO: P23067N<br \/>\nBrake ENGINEERING: PA1236<br \/>\nDELPHI: LP1018<br \/>\nDELPHI: LP1122<br \/>\nDELPHI: LP1408<br \/>\nE.T.F.: 120680<br \/>\nFEBI BILSTEIN: 116103<br \/>\nFEBI BILSTEIN: 16245<br \/>\nFERODO: FDB995<br \/>\nFERODO: FDS995<br \/>\nFERODO: FQT995<br \/>\nFERODO: FSL995<br \/>\nFERODO: TAR995<br \/>\nFIAT: 71770990<br \/>\nFIAT: 77362343<br \/>\nFIRST LINE: FBP3328<br \/>\nFTE: BL1538A3<br \/>\nGALFER: B1G10203592<br \/>\nGIRLING: 6111471<br \/>\nHELLA: 8DB 355 018-291<br \/>\nHELLA PAGID: 8DB 355 018-291<br \/>\nHERZOG GERMANY: 886818<br \/>\nHERZOG GERMANY: 886894<br \/>\nHERZOG GERMANY: 886935<br \/>\nICER: 181213<br \/>\nICER: 181213700<br \/>\nICER: 181283<br \/>\nJURID: 571908J<br \/>\nJURID: 571951J<br \/>\nKAWE: 81118<br \/>\nLANCIA: 71712910<br \/>\nLANCIA: 71752987<br \/>\nLANCIA: 71770990<br \/>\nLANCIA: 77362257<br \/>\nLANCIA: 77362343<br \/>\nLANCIA: 9946568<br \/>\nLANCIA: 9948577<br \/>\nLEMF\u00d6RDER: 26215<br \/>\nLEMF\u00d6RDER: 26557<br \/>\nLPR: 05P298<br \/>\nMAGNETI MARELLI: 363702160359<br \/>\nMAGNETI MARELLI: 363702161035<br \/>\nMAGNETI MARELLI: 363702161075<br \/>\nMAPCO: 6773<br \/>\nMETELLI: 2200831<br \/>\nMETELLI: 2201130<br \/>\nMETZGER: 058110<br \/>\nMETZGER: 058932<br \/>\nMEYLE: 025 216 0616<br \/>\nMGA: 445<br \/>\nMINTEX: MDB1742<br \/>\nNECTO: FD6631A<br \/>\nNECTO: FD6631N<br \/>\nNK: 221021<br \/>\nNK: 221022<br \/>\nNK: 222351<br \/>\nOPTIMAL: 10280<br \/>\nOPTIMAL: 10318<br \/>\nPAGID: T1166<br \/>\nPAGID: T5102<br \/>\nQH Benelux: 2943<br \/>\nQH Benelux: 7127<br \/>\nQUINTON HAZELL: BLF1049<br \/>\nQUINTON HAZELL: BLF901<br \/>\nQUINTON HAZELL: BP1048<br \/>\nQUINTON HAZELL: BP901<br \/>\nRAMEDER: T0610696<br \/>\nRAMEDER: T0610764<br \/>\nREMSA: 058110<br \/>\nREMSA: 57400<br \/>\nREMSA: 58110<br \/>\nREMY: RAP1411<br \/>\nROULUNDS RUBBER: 672881<br \/>\nSPIDAN: 32167<br \/>\nSPIDAN: 32356<br \/>\nSWAG: 74916245<br \/>\nSWAG: 74916294<br \/>\nTEXTAR: 2160601<br \/>\nTEXTAR: 2160616624<br \/>\nTEXTAR: 2163702<br \/>\nTRISCAN: 811012003<br \/>\nTRISCAN: 811012005<br \/>\nVALEO: 301581<br \/>\nVALEO: 597187<br \/>\nVALEO: 597269<br \/>\nVALEO: 597270<br \/>\nVALEO: 598308<br \/>\nVALEO: 598581<br \/>\nWAGNER: WBP21605A<br \/>\nWOKING: P489332<br \/>\nZIMMERMANN: 216061651<br \/>\nZIMMERMANN: 232221901<br \/>\nsbs: 221021<br \/>\nsbs: 222351<\/p>","protected":false},"excerpt":{"rendered":"<p>Numer WVA 21605 21606 Numery producenta GDB1147 Numery OE A.B.S.: 36935 A.B.S.: 36935OE ACDelco: AC650081D ACDelco: AC672881D ALFA ROMEO: 0071712910 ALFA ROMEO: 71712910 ALFA ROMEO: 71752987 ALFA ROMEO: 71770990 ALFA ROMEO: 77362257 ALFA ROMEO: 77362343 ALFA ROMEO: 9945775 ALFA ROMEO: 99457750 ALFA ROMEO: 9946568 ALFA ROMEO: 99465680 ALFA ROMEO: 9948577 APEC: PAD943 ATE: 13046028272 BENDIX: [&hellip;]<\/p>\n","protected":false},"featured_media":17795,"template":"","meta":{"_monsterinsights_skip_tracking":false,"_monsterinsights_sitenote_active":false,"_monsterinsights_sitenote_note":"","_monsterinsights_sitenote_category":0},"product_brand":[],"product_cat":[149,447],"product_tag":[],"class_list":{"0":"post-7406","1":"product","2":"type-product","3":"status-publish","4":"has-post-thumbnail","6":"product_cat-klocki-hamulcowe","7":"product_cat-promocja","9":"first","10":"instock","11":"taxable","12":"shipping-taxable","13":"purchasable","14":"product-type-simple"},"_links":{"self":[{"href":"https:\/\/dev.niezawodneczesci.pl\/sk\/wp-json\/wp\/v2\/product\/7406","targetHints":{"allow":["GET"]}}],"collection":[{"href":"https:\/\/dev.niezawodneczesci.pl\/sk\/wp-json\/wp\/v2\/product"}],"about":[{"href":"https:\/\/dev.niezawodneczesci.pl\/sk\/wp-json\/wp\/v2\/types\/product"}],"version-history":[{"count":2,"href":"https:\/\/dev.niezawodneczesci.pl\/sk\/wp-json\/wp\/v2\/product\/7406\/revisions"}],"predecessor-version":[{"id":26021,"href":"https:\/\/dev.niezawodneczesci.pl\/sk\/wp-json\/wp\/v2\/product\/7406\/revisions\/26021"}],"wp:featuredmedia":[{"embeddable":true,"href":"https:\/\/dev.niezawodneczesci.pl\/sk\/wp-json\/wp\/v2\/media\/17795"}],"wp:attachment":[{"href":"https:\/\/dev.niezawodneczesci.pl\/sk\/wp-json\/wp\/v2\/media?parent=7406"}],"wp:term":[{"taxonomy":"product_brand","embeddable":true,"href":"https:\/\/dev.niezawodneczesci.pl\/sk\/wp-json\/wp\/v2\/product_brand?post=7406"},{"taxonomy":"product_cat","embeddable":true,"href":"https:\/\/dev.niezawodneczesci.pl\/sk\/wp-json\/wp\/v2\/product_cat?post=7406"},{"taxonomy":"product_tag","embeddable":true,"href":"https:\/\/dev.niezawodneczesci.pl\/sk\/wp-json\/wp\/v2\/product_tag?post=7406"}],"curies":[{"name":"wp","href":"https:\/\/api.w.org\/{rel}","templated":true}]}}