{"id":7407,"date":"2021-06-16T11:52:41","date_gmt":"2021-06-16T09:52:41","guid":{"rendered":"https:\/\/niezawodneczesci.pl\/\/?post_type=product&#038;p=7407"},"modified":"2026-04-24T01:04:47","modified_gmt":"2026-04-23T23:04:47","slug":"klocki-hamulcowe-sunrich-tyl-sr0626-01-1326","status":"publish","type":"product","link":"https:\/\/dev.niezawodneczesci.pl\/sk\/produkt\/klocki-hamulcowe-sunrich-tyl-sr0626-01-1326\/","title":{"rendered":"BRZDOV\u00c9 DESTI\u010cKY SUNRICH ZADN\u00c9 SR0626.01-1326"},"content":{"rendered":"<p>Numer WVA<br \/>\n23224<br \/>\n23446<\/p>\n<p>\u010c\u00edsla v\u00fdrobcov<br \/>\nGDB1326<\/p>\n<p>OE \u010d\u00edsla<br \/>\nA.B.S.: 37110<br \/>\nA.B.S.: 37110OE<br \/>\nACDelco: AC691181D<br \/>\nAPEC: PAD1340<br \/>\nATE: 13046028722<br \/>\nAUTOMEGA: 3069804517M3D<br \/>\nBENDIX: 573038B<br \/>\nBENDIX: 573049B<br \/>\nBORG &amp; BECK: BBP1694<br \/>\nBORG &amp; BECK: BBP1822<br \/>\nBORG &amp; BECK: BBP2130<br \/>\nBOSCH: 0 986 424 542<br \/>\nBOSCH: 0 986 494 529<br \/>\nBOSCH: 0 986 TB2 047<br \/>\nBOSCH: 0 986 TB2 376<br \/>\nBOSCH: F 026 000 029<br \/>\nBREMBO: P85059<br \/>\nBrake ENGINEERING: PA1470<br \/>\nDELPHI: LP1511<br \/>\nDELPHI: LP1541<br \/>\nDELPHI: LP1556<br \/>\nDELPHI: LP1733<br \/>\nE.T.F.: 120867<br \/>\nE.T.F.: 120946<br \/>\nFEBI BILSTEIN: 16408<br \/>\nFERODO: FDB1482<br \/>\nFERODO: FQT1482<br \/>\nFERODO: FSL1482<br \/>\nFIRST LINE: FBP3323<br \/>\nFORD: 5M21-2M008-BB<br \/>\nFTE: BL1773A4<br \/>\nGIRLING: 6113261<br \/>\nHELLA: 8DB 355 018-571<br \/>\nHERZOG GERMANY: 887110<br \/>\nICER: 181393<br \/>\nICER: 181393700<br \/>\nJURID: 573038J<br \/>\nJURID: 573049J<br \/>\nKAWE: 81273<br \/>\nLEMF\u00d6RDER: 26471<br \/>\nLPR: 05P1699<br \/>\nLUCAS: LBP1421<br \/>\nMAGNETI MARELLI: 363702161267<br \/>\nMAGNETI MARELLI: 363702161268<br \/>\nMAPCO: 6715<br \/>\nMETELLI: 2203462<br \/>\nMEYLE: 025 232 2416\/N<br \/>\nMEYLE: 025 232 2417\/W<br \/>\nMEYLE: 025 234 4616\/PD<br \/>\nMEYLE: 025 234 4616\/W<br \/>\nMINTEX: MDB1953<br \/>\nMINTEX: MDB2096<br \/>\nNECTO: FD6997A<br \/>\nNECTO: FD6997N<br \/>\nNK: 224753<br \/>\nOPTIMAL: 10338<br \/>\nOPTIMAL: 10486<br \/>\nPAGID: T5135<br \/>\nPAGID: T5137<br \/>\nPEX: 7629<br \/>\nPEX: 7629S<br \/>\nQH Benelux: 7129<br \/>\nQUINTON HAZELL: BP1050<br \/>\nQUINTON HAZELL: BP1286<br \/>\nRAMEDER: T0610202<br \/>\nREMSA: 059112<br \/>\nREMSA: 076701<br \/>\nREMSA: 076712<br \/>\nREMSA: 59112<br \/>\nREMSA: 76701<br \/>\nREMSA: 76712<br \/>\nREMY: RAP1241<br \/>\nRUVILLE: D8777755B<br \/>\nSEAT: 7D0 698 451 F<br \/>\nSEAT: 7M3 698 451 D<br \/>\nSEAT: 7M3 698 451 F<br \/>\nSPIDAN: 32432<br \/>\nSWAG: 30916408<br \/>\nTEXTAR: 2322416<br \/>\nTEXTAR: 2344605<br \/>\nTEXTAR: 2344616515<br \/>\nTOPRAN: 109473<br \/>\nTRISCAN: 811029020<br \/>\nTRISCAN: 811029029<br \/>\nTRUSTING: 3552<br \/>\nVAICO: V108150<br \/>\nVAICO: V1081501<br \/>\nVALEO: 301650<br \/>\nVALEO: 597436<br \/>\nVALEO: 598650<br \/>\nVW: 7D0 698 451 B<br \/>\nVW: 7D0 698 451 F<br \/>\nVW: 7M3 698 451 D<br \/>\nVW: 7M3 698 451 F<br \/>\nWAGNER: WBP23224A<br \/>\nWOKING: P667312<br \/>\nZIMMERMANN: 234461651<br \/>\nfri.tech.: 3552<br \/>\nsbs: 224753<\/p>","protected":false},"excerpt":{"rendered":"<p>Numer WVA 23224 23446 Numery producenta GDB1326 Numery OE A.B.S.: 37110 A.B.S.: 37110OE ACDelco: AC691181D APEC: PAD1340 ATE: 13046028722 AUTOMEGA: 3069804517M3D BENDIX: 573038B BENDIX: 573049B BORG &amp; BECK: BBP1694 BORG &amp; BECK: BBP1822 BORG &amp; BECK: BBP2130 BOSCH: 0 986 424 542 BOSCH: 0 986 494 529 BOSCH: 0 986 TB2 047 BOSCH: 0 986 [&hellip;]<\/p>\n","protected":false},"featured_media":17778,"template":"","meta":{"_monsterinsights_skip_tracking":false,"_monsterinsights_sitenote_active":false,"_monsterinsights_sitenote_note":"","_monsterinsights_sitenote_category":0},"product_brand":[],"product_cat":[149],"product_tag":[],"class_list":{"0":"post-7407","1":"product","2":"type-product","3":"status-publish","4":"has-post-thumbnail","6":"product_cat-klocki-hamulcowe","8":"first","9":"instock","10":"taxable","11":"shipping-taxable","12":"purchasable","13":"product-type-simple"},"_links":{"self":[{"href":"https:\/\/dev.niezawodneczesci.pl\/sk\/wp-json\/wp\/v2\/product\/7407","targetHints":{"allow":["GET"]}}],"collection":[{"href":"https:\/\/dev.niezawodneczesci.pl\/sk\/wp-json\/wp\/v2\/product"}],"about":[{"href":"https:\/\/dev.niezawodneczesci.pl\/sk\/wp-json\/wp\/v2\/types\/product"}],"version-history":[{"count":1,"href":"https:\/\/dev.niezawodneczesci.pl\/sk\/wp-json\/wp\/v2\/product\/7407\/revisions"}],"predecessor-version":[{"id":26022,"href":"https:\/\/dev.niezawodneczesci.pl\/sk\/wp-json\/wp\/v2\/product\/7407\/revisions\/26022"}],"wp:featuredmedia":[{"embeddable":true,"href":"https:\/\/dev.niezawodneczesci.pl\/sk\/wp-json\/wp\/v2\/media\/17778"}],"wp:attachment":[{"href":"https:\/\/dev.niezawodneczesci.pl\/sk\/wp-json\/wp\/v2\/media?parent=7407"}],"wp:term":[{"taxonomy":"product_brand","embeddable":true,"href":"https:\/\/dev.niezawodneczesci.pl\/sk\/wp-json\/wp\/v2\/product_brand?post=7407"},{"taxonomy":"product_cat","embeddable":true,"href":"https:\/\/dev.niezawodneczesci.pl\/sk\/wp-json\/wp\/v2\/product_cat?post=7407"},{"taxonomy":"product_tag","embeddable":true,"href":"https:\/\/dev.niezawodneczesci.pl\/sk\/wp-json\/wp\/v2\/product_tag?post=7407"}],"curies":[{"name":"wp","href":"https:\/\/api.w.org\/{rel}","templated":true}]}}