{"id":7411,"date":"2021-06-16T11:52:42","date_gmt":"2021-06-16T09:52:42","guid":{"rendered":"https:\/\/niezawodneczesci.pl\/\/?post_type=product&#038;p=7411"},"modified":"2026-04-24T01:04:48","modified_gmt":"2026-04-23T23:04:48","slug":"klocki-hamulcowe-sunrich-tyl-sr0547-01-1626","status":"publish","type":"product","link":"https:\/\/dev.niezawodneczesci.pl\/sk\/produkt\/klocki-hamulcowe-sunrich-tyl-sr0547-01-1626\/","title":{"rendered":"BRZDOV\u00c9 DESTI\u010cKY SUNRICH ZADN\u00c9 SR0547.01-1626"},"content":{"rendered":"<p>Numer WVA<br \/>\n23926<br \/>\n23927<\/p>\n<p>\u010c\u00edsla v\u00fdrobcov<br \/>\nGDB1626<\/p>\n<p>OE \u010d\u00edsla<br \/>\nA.B.S.: 37437<br \/>\nA.B.S.: 37437OE<br \/>\nAPEC: PAD1447<br \/>\nATE: 13046072172<br \/>\nATE: 13047072172<br \/>\nBENDIX: 573139B<br \/>\nBENDIX: DB1858<br \/>\nBENDIX-AU: DB1858<br \/>\nBMW: 34 21 6 767 148<br \/>\nBMW: 34 21 6 767 150<br \/>\nBMW: 34 21 6 773 161<br \/>\nBMW: 34 21 6 774 692<br \/>\nBMW: 6 767 148<br \/>\nBMW: 6 767 150<br \/>\nBMW: 6 773 161<br \/>\nBMW: 6 774 692<br \/>\nBORG &amp; BECK: BBP1963<br \/>\nBOSCH: 0 986 424 821<br \/>\nBOSCH: 0 986 494 061<br \/>\nBOSCH: 0 986 494 272<br \/>\nBOSCH: 0 986 TB2 899<br \/>\nBREMBO: P06038<br \/>\nDELPHI: LP1915<br \/>\nE.T.F.: 121194<br \/>\nFEBI BILSTEIN: 16533<br \/>\nFERODO: FDB1807<br \/>\nFERODO: FSL1807<br \/>\nFTE: BL2002A2<br \/>\nGIRLING: 6116262<br \/>\nHELLA: 8DB 355 011-301<br \/>\nICER: 181663<br \/>\nJURID: 573139J<br \/>\nJURID: 573139JAS<br \/>\nJURID: 573139JC<br \/>\nKAGER: 350980<br \/>\nKAWE: 81745<br \/>\nLPR: 05P1252<br \/>\nLUCAS: LBP1721<br \/>\nMAGNETI MARELLI: 363702161429<br \/>\nMETELLI: 2206420<br \/>\nMETZGER: 114500<br \/>\nMEYLE: 025 239 2617<br \/>\nMEYLE: 025 239 2617\/PD<br \/>\nMGA: 796<br \/>\nMINTEX: MDB2683<br \/>\nNK: 221532<br \/>\nNK: 221550<br \/>\nOPTIMAL: 12234<br \/>\nPAGID: T1447<br \/>\nPAGID: T1447EP<br \/>\nPEX: 7814<br \/>\nQH Benelux: 7699<br \/>\nQUINTON HAZELL: BP1479<br \/>\nREMSA: 114500<br \/>\nREMSA: 114510<br \/>\nROULUNDS RUBBER: 844881<br \/>\nRUVILLE: D11717286<br \/>\nSPIDAN: 32953<br \/>\nSWAG: 20916533<br \/>\nTEXTAR: 2392601<br \/>\nTEXTAR: 2392617305<br \/>\nTEXTAR: 2392701<br \/>\nTEXTAR: 2392781<br \/>\nTEXTAR: 2392791<br \/>\nTRISCAN: 811011023<br \/>\nTRUCKTEC AUTOMOTIVE: 0835130<br \/>\nTRUSTING: 6580<br \/>\nVAICO: V208129<br \/>\nVALEO: 301703<br \/>\nVALEO: 598703<br \/>\nWAGNER: WBP23926A<br \/>\nWOKING: P1045300<br \/>\nZIMMERMANN: 239261701<br \/>\nfri.tech.: 6580<br \/>\nsbs: 221532<\/p>","protected":false},"excerpt":{"rendered":"<p>Numer WVA 23926 23927 Numery producenta GDB1626 Numery OE A.B.S.: 37437 A.B.S.: 37437OE APEC: PAD1447 ATE: 13046072172 ATE: 13047072172 BENDIX: 573139B BENDIX: DB1858 BENDIX-AU: DB1858 BMW: 34 21 6 767 148 BMW: 34 21 6 767 150 BMW: 34 21 6 773 161 BMW: 34 21 6 774 692 BMW: 6 767 148 BMW: 6 [&hellip;]<\/p>\n","protected":false},"featured_media":18445,"template":"","meta":{"_monsterinsights_skip_tracking":false,"_monsterinsights_sitenote_active":false,"_monsterinsights_sitenote_note":"","_monsterinsights_sitenote_category":0},"product_brand":[],"product_cat":[149],"product_tag":[],"class_list":{"0":"post-7411","1":"product","2":"type-product","3":"status-publish","4":"has-post-thumbnail","6":"product_cat-klocki-hamulcowe","8":"first","9":"outofstock","10":"taxable","11":"shipping-taxable","12":"purchasable","13":"product-type-simple"},"_links":{"self":[{"href":"https:\/\/dev.niezawodneczesci.pl\/sk\/wp-json\/wp\/v2\/product\/7411","targetHints":{"allow":["GET"]}}],"collection":[{"href":"https:\/\/dev.niezawodneczesci.pl\/sk\/wp-json\/wp\/v2\/product"}],"about":[{"href":"https:\/\/dev.niezawodneczesci.pl\/sk\/wp-json\/wp\/v2\/types\/product"}],"version-history":[{"count":1,"href":"https:\/\/dev.niezawodneczesci.pl\/sk\/wp-json\/wp\/v2\/product\/7411\/revisions"}],"predecessor-version":[{"id":26018,"href":"https:\/\/dev.niezawodneczesci.pl\/sk\/wp-json\/wp\/v2\/product\/7411\/revisions\/26018"}],"wp:featuredmedia":[{"embeddable":true,"href":"https:\/\/dev.niezawodneczesci.pl\/sk\/wp-json\/wp\/v2\/media\/18445"}],"wp:attachment":[{"href":"https:\/\/dev.niezawodneczesci.pl\/sk\/wp-json\/wp\/v2\/media?parent=7411"}],"wp:term":[{"taxonomy":"product_brand","embeddable":true,"href":"https:\/\/dev.niezawodneczesci.pl\/sk\/wp-json\/wp\/v2\/product_brand?post=7411"},{"taxonomy":"product_cat","embeddable":true,"href":"https:\/\/dev.niezawodneczesci.pl\/sk\/wp-json\/wp\/v2\/product_cat?post=7411"},{"taxonomy":"product_tag","embeddable":true,"href":"https:\/\/dev.niezawodneczesci.pl\/sk\/wp-json\/wp\/v2\/product_tag?post=7411"}],"curies":[{"name":"wp","href":"https:\/\/api.w.org\/{rel}","templated":true}]}}