{"id":7413,"date":"2021-06-16T11:52:45","date_gmt":"2021-06-16T09:52:45","guid":{"rendered":"https:\/\/niezawodneczesci.pl\/\/?post_type=product&#038;p=7413"},"modified":"2026-04-24T01:04:48","modified_gmt":"2026-04-23T23:04:48","slug":"klocki-hamulcowe-sunrich-tyl-sr0510-01-1784","status":"publish","type":"product","link":"https:\/\/dev.niezawodneczesci.pl\/sk\/produkt\/klocki-hamulcowe-sunrich-tyl-sr0510-01-1784\/","title":{"rendered":"BRZDOV\u00c9 DESTI\u010cKY SUNRICH ZADN\u00c9 SR0510.01-1784"},"content":{"rendered":"<p>Numer WVA<br \/>\n24421<\/p>\n<p>\u010c\u00edsla v\u00fdrobcov<br \/>\nGDB1784<\/p>\n<p>OE \u010d\u00edsla<br \/>\nA.B.S.: 37729<br \/>\nAPEC: PAD1697<br \/>\nATE: 13046027552<br \/>\nATE: 13046027582<br \/>\nATE: 13047027552<br \/>\nATE: 13047027582<br \/>\nBENDIX: 573313B<br \/>\nBLUE PRINT: ADW194206<br \/>\nBORG &amp; BECK: BBP2120<br \/>\nBOSCH: 0 986 424 124<br \/>\nBOSCH: 0 986 494 297<br \/>\nBOSCH: 0 986 494 494<br \/>\nBOSCH: 0 986 494 586<br \/>\nBOSCH: 0 986 494 668<br \/>\nBOSCH: 0 986 AB1 312<br \/>\nBOSCH: 0 986 AB3 759<br \/>\nBOSCH: 0 986 TB3 106<br \/>\nBREMBO: P59059<br \/>\nBREMBO: P59060<br \/>\nBUICK: 13237768<br \/>\nBUICK: 20965713<br \/>\nBrake ENGINEERING: PA1780<br \/>\nCHEVROLET: 16 05 319<br \/>\nCHEVROLET: 22846359<br \/>\nCHEVROLET: 22846362<br \/>\nCHEVROLET: 22846363<br \/>\nCHEVROLET: 39021482<br \/>\nDELPHI: LP2084<br \/>\nFEBI BILSTEIN: 116147<br \/>\nFERODO: FDB4209<br \/>\nFERODO: FDB4252<br \/>\nFERODO: FSL4209<br \/>\nGIRLING: 6117841<br \/>\nHELLA: 8DB 355 012-991<br \/>\nICER: 181929<br \/>\nJURID: 573313J<br \/>\nJURID: 573313JC<br \/>\nLPR: 05P1584<br \/>\nMETELLI: 2208440<br \/>\nMEYLE: 025 244 2116\/W<br \/>\nNK: 223643<br \/>\nOPEL: 13237765<br \/>\nOPEL: 13237766<br \/>\nOPEL: 13338368<br \/>\nOPEL: 13343450<br \/>\nOPEL: 13343451<br \/>\nOPEL: 13365958<br \/>\nOPEL: 16 05 103<br \/>\nOPEL: 16 05 104<br \/>\nOPEL: 16 05 130<br \/>\nOPEL: 16 05 179<br \/>\nOPEL: 16 05 221<br \/>\nOPEL: 16 05 319<br \/>\nOPEL: 16 05 366<br \/>\nOPEL: 39021482<br \/>\nOPEL: 5 42 027<br \/>\nOPEL: 5 42 125<br \/>\nOPEL: 95514644<br \/>\nOPEL: 95515497<br \/>\nPAGID: T1663<br \/>\nREMSA: 138804<br \/>\nROADHOUSE: 2138804<br \/>\nSAAB: 13237767<br \/>\nSAAB: 13237768<br \/>\nSAAB: 13338368<br \/>\nSAAB: 5 42 125<br \/>\nTEXTAR: 2442101<br \/>\nTEXTAR: 2442102<br \/>\nTEXTAR: 2442103<br \/>\nTRISCAN: 811024037<br \/>\nTRUSTING: 8610<br \/>\nVALEO: 601049<br \/>\nWAGNER: WBP24421A<br \/>\nWAGNER: WBP24421B<br \/>\nZIMMERMANN: 244211701<br \/>\nZIMMERMANN: 244211702<br \/>\nZIMMERMANN: 244211703<\/p>","protected":false},"excerpt":{"rendered":"<p>Numer WVA 24421 Numery producenta GDB1784 Numery OE A.B.S.: 37729 APEC: PAD1697 ATE: 13046027552 ATE: 13046027582 ATE: 13047027552 ATE: 13047027582 BENDIX: 573313B BLUE PRINT: ADW194206 BORG &amp; BECK: BBP2120 BOSCH: 0 986 424 124 BOSCH: 0 986 494 297 BOSCH: 0 986 494 494 BOSCH: 0 986 494 586 BOSCH: 0 986 494 668 BOSCH: [&hellip;]<\/p>\n","protected":false},"featured_media":15050,"template":"","meta":{"_monsterinsights_skip_tracking":false,"_monsterinsights_sitenote_active":false,"_monsterinsights_sitenote_note":"","_monsterinsights_sitenote_category":0},"product_brand":[],"product_cat":[149],"product_tag":[],"class_list":{"0":"post-7413","1":"product","2":"type-product","3":"status-publish","4":"has-post-thumbnail","6":"product_cat-klocki-hamulcowe","8":"first","9":"outofstock","10":"taxable","11":"shipping-taxable","12":"purchasable","13":"product-type-simple"},"_links":{"self":[{"href":"https:\/\/dev.niezawodneczesci.pl\/sk\/wp-json\/wp\/v2\/product\/7413","targetHints":{"allow":["GET"]}}],"collection":[{"href":"https:\/\/dev.niezawodneczesci.pl\/sk\/wp-json\/wp\/v2\/product"}],"about":[{"href":"https:\/\/dev.niezawodneczesci.pl\/sk\/wp-json\/wp\/v2\/types\/product"}],"version-history":[{"count":1,"href":"https:\/\/dev.niezawodneczesci.pl\/sk\/wp-json\/wp\/v2\/product\/7413\/revisions"}],"predecessor-version":[{"id":26014,"href":"https:\/\/dev.niezawodneczesci.pl\/sk\/wp-json\/wp\/v2\/product\/7413\/revisions\/26014"}],"wp:featuredmedia":[{"embeddable":true,"href":"https:\/\/dev.niezawodneczesci.pl\/sk\/wp-json\/wp\/v2\/media\/15050"}],"wp:attachment":[{"href":"https:\/\/dev.niezawodneczesci.pl\/sk\/wp-json\/wp\/v2\/media?parent=7413"}],"wp:term":[{"taxonomy":"product_brand","embeddable":true,"href":"https:\/\/dev.niezawodneczesci.pl\/sk\/wp-json\/wp\/v2\/product_brand?post=7413"},{"taxonomy":"product_cat","embeddable":true,"href":"https:\/\/dev.niezawodneczesci.pl\/sk\/wp-json\/wp\/v2\/product_cat?post=7413"},{"taxonomy":"product_tag","embeddable":true,"href":"https:\/\/dev.niezawodneczesci.pl\/sk\/wp-json\/wp\/v2\/product_tag?post=7413"}],"curies":[{"name":"wp","href":"https:\/\/api.w.org\/{rel}","templated":true}]}}