{"id":7415,"date":"2021-06-16T11:52:45","date_gmt":"2021-06-16T09:52:45","guid":{"rendered":"https:\/\/niezawodneczesci.pl\/\/?post_type=product&#038;p=7415"},"modified":"2026-04-24T01:04:48","modified_gmt":"2026-04-23T23:04:48","slug":"klocki-hamulcowe-sunrich-tyl-sr0506-02-1384","status":"publish","type":"product","link":"https:\/\/dev.niezawodneczesci.pl\/sk\/produkt\/klocki-hamulcowe-sunrich-tyl-sr0506-02-1384\/","title":{"rendered":"BRZDOV\u00c9 DESTI\u010cKY SUNRICH ZADN\u00c9 SR0506.02-1384"},"content":{"rendered":"<p>Numer WVA<br \/>\n23601<\/p>\n<p>\u010c\u00edsla v\u00fdrobcov<br \/>\nGDB1384<\/p>\n<p>OE \u010d\u00edsla<br \/>\nA.B.S.: 37311<br \/>\nABARTH: 71752988<br \/>\nABARTH: 77363445<br \/>\nABARTH: 77364024<br \/>\nABARTH: 77364961<br \/>\nABARTH: 9948417<br \/>\nABARTH: 9949335<br \/>\nACDelco: AC688881D<br \/>\nALFA ROMEO: 9948417<br \/>\nAPEC: PAD1130<br \/>\nATE: 13046028582<br \/>\nATE: 13046028792<br \/>\nATE: 13047028792<br \/>\nBENDIX: 573019B<br \/>\nBLUE PRINT: ADL144205<br \/>\nBORG &amp; BECK: BBP1775<br \/>\nBOSCH: 0 986 424 756<br \/>\nBOSCH: 0 986 TB2 796<br \/>\nBREMBO: P23064<br \/>\nBrake ENGINEERING: PA1273<br \/>\nDELPHI: LP1678<br \/>\nE.T.F.: 120891<br \/>\nE.T.F.: 120974<br \/>\nFEBI BILSTEIN: 16370<br \/>\nFEBI BILSTEIN: 16856<br \/>\nFERODO: FDB1324<br \/>\nFERODO: FDS1324<br \/>\nFERODO: FSL1324<br \/>\nFIAT: 71752988<br \/>\nFIAT: 77363445<br \/>\nFIAT: 77364024<br \/>\nFIAT: 77364961<br \/>\nFIAT: 9948417<br \/>\nFIAT: 9949335<br \/>\nFIRST LINE: FBP3405<br \/>\nFTE: BL1814A1<br \/>\nGALFER: B1G10205672<br \/>\nHELLA: 8DB 355 009-551<br \/>\nICER: 181501<br \/>\nICER: 181501703<br \/>\nJURID: 573019J<br \/>\nKAWE: 81337<br \/>\nLANCIA: 77364024<br \/>\nLANCIA: 77364961<br \/>\nLANCIA: 9948417<br \/>\nLEMF\u00d6RDER: 26488<br \/>\nLPR: 05P1265<br \/>\nLPR: 05P872<br \/>\nMAGNETI MARELLI: 363702161104<br \/>\nMAPCO: 6711<br \/>\nMETELLI: 2203240<br \/>\nMETZGER: 072700<br \/>\nMEYLE: 025 232 8414<br \/>\nMEYLE: 025 236 0113<br \/>\nMEYLE: 025 236 0113\/PD<br \/>\nMINTEX: MDB2042<br \/>\nNECTO: FD6810A<br \/>\nNK: 222386<br \/>\nNK: 223630<br \/>\nOPTIMAL: 10390<br \/>\nPAGID: T1260<br \/>\nPEX: 7641<br \/>\nQH Benelux: 7213<br \/>\nQUINTON HAZELL: BP1221<br \/>\nRAMEDER: T0610119<br \/>\nREMSA: 072700<br \/>\nREMSA: 72700<br \/>\nROULUNDS RUBBER: 688881<br \/>\nSPIDAN: 32891<br \/>\nSWAG: 70916370<br \/>\nTEXTAR: 2360102<br \/>\nTEXTAR: 2360113704<br \/>\nTRISCAN: 811015038<br \/>\nTRUSTING: 3330<br \/>\nVALEO: 598425<br \/>\nWAGNER: WBP23601A<br \/>\nZIMMERMANN: 236611401<br \/>\nfri.tech.: 3330<br \/>\nsbs: 223630<\/p>","protected":false},"excerpt":{"rendered":"<p>Numer WVA 23601 Numery producenta GDB1384 Numery OE A.B.S.: 37311 ABARTH: 71752988 ABARTH: 77363445 ABARTH: 77364024 ABARTH: 77364961 ABARTH: 9948417 ABARTH: 9949335 ACDelco: AC688881D ALFA ROMEO: 9948417 APEC: PAD1130 ATE: 13046028582 ATE: 13046028792 ATE: 13047028792 BENDIX: 573019B BLUE PRINT: ADL144205 BORG &amp; BECK: BBP1775 BOSCH: 0 986 424 756 BOSCH: 0 986 TB2 796 BREMBO: [&hellip;]<\/p>\n","protected":false},"featured_media":18406,"template":"","meta":{"_monsterinsights_skip_tracking":false,"_monsterinsights_sitenote_active":false,"_monsterinsights_sitenote_note":"","_monsterinsights_sitenote_category":0},"product_brand":[],"product_cat":[149],"product_tag":[],"class_list":{"0":"post-7415","1":"product","2":"type-product","3":"status-publish","4":"has-post-thumbnail","6":"product_cat-klocki-hamulcowe","8":"first","9":"instock","10":"taxable","11":"shipping-taxable","12":"purchasable","13":"product-type-simple"},"_links":{"self":[{"href":"https:\/\/dev.niezawodneczesci.pl\/sk\/wp-json\/wp\/v2\/product\/7415","targetHints":{"allow":["GET"]}}],"collection":[{"href":"https:\/\/dev.niezawodneczesci.pl\/sk\/wp-json\/wp\/v2\/product"}],"about":[{"href":"https:\/\/dev.niezawodneczesci.pl\/sk\/wp-json\/wp\/v2\/types\/product"}],"version-history":[{"count":1,"href":"https:\/\/dev.niezawodneczesci.pl\/sk\/wp-json\/wp\/v2\/product\/7415\/revisions"}],"predecessor-version":[{"id":26015,"href":"https:\/\/dev.niezawodneczesci.pl\/sk\/wp-json\/wp\/v2\/product\/7415\/revisions\/26015"}],"wp:featuredmedia":[{"embeddable":true,"href":"https:\/\/dev.niezawodneczesci.pl\/sk\/wp-json\/wp\/v2\/media\/18406"}],"wp:attachment":[{"href":"https:\/\/dev.niezawodneczesci.pl\/sk\/wp-json\/wp\/v2\/media?parent=7415"}],"wp:term":[{"taxonomy":"product_brand","embeddable":true,"href":"https:\/\/dev.niezawodneczesci.pl\/sk\/wp-json\/wp\/v2\/product_brand?post=7415"},{"taxonomy":"product_cat","embeddable":true,"href":"https:\/\/dev.niezawodneczesci.pl\/sk\/wp-json\/wp\/v2\/product_cat?post=7415"},{"taxonomy":"product_tag","embeddable":true,"href":"https:\/\/dev.niezawodneczesci.pl\/sk\/wp-json\/wp\/v2\/product_tag?post=7415"}],"curies":[{"name":"wp","href":"https:\/\/api.w.org\/{rel}","templated":true}]}}