{"id":7418,"date":"2021-06-16T11:52:46","date_gmt":"2021-06-16T09:52:46","guid":{"rendered":"https:\/\/niezawodneczesci.pl\/\/?post_type=product&#038;p=7418"},"modified":"2026-04-24T01:04:49","modified_gmt":"2026-04-23T23:04:49","slug":"klocki-hamulcowe-sunrich-tyl-sr0500-01-1621","status":"publish","type":"product","link":"https:\/\/dev.niezawodneczesci.pl\/sk\/produkt\/klocki-hamulcowe-sunrich-tyl-sr0500-01-1621\/","title":{"rendered":"BRZDOV\u00c9 DESTI\u010cKY SUNRICH REAR SR0500.01-1621"},"content":{"rendered":"<p>Numer WVA<\/p>\n<p>23482,25218<\/p>\n<p>&nbsp;<\/p>\n<p>\u010c\u00edsla v\u00fdrobcov<br \/>\n13.0460-7278.2<\/p>\n<p>OE \u010d\u00edsla<br \/>\nBREMBO: P 61 110<br \/>\nDELPHI: LP1958<br \/>\nGALFER: B1.G120-1069.2<br \/>\nGALFER: G1201069<br \/>\nHELLA: 8DB 355 015-741<br \/>\nHELLA PAGID: 8DB 355 015-741<br \/>\nICER: 182013<br \/>\nLPR: 05P1637<br \/>\nMINTEX: MDB3148<br \/>\nPAGID: T2048<br \/>\nPEUGEOT: 4254 39<br \/>\nPEUGEOT: 4254 A8<br \/>\nREMSA: 0842.40<br \/>\nROADHOUSE: 2842.40<br \/>\nTEXTAR: 25218 163 0 5<br \/>\nTEXTAR: 2521801<br \/>\nTRW: GDB1621<br \/>\nVALEO: 601358<\/p>","protected":false},"excerpt":{"rendered":"<p>Numer WVA 23482,25218 &nbsp; Numery producenta 13.0460-7278.2 Numery OE BREMBO: P 61 110 DELPHI: LP1958 GALFER: B1.G120-1069.2 GALFER: G1201069 HELLA: 8DB 355 015-741 HELLA PAGID: 8DB 355 015-741 ICER: 182013 LPR: 05P1637 MINTEX: MDB3148 PAGID: T2048 PEUGEOT: 4254 39 PEUGEOT: 4254 A8 REMSA: 0842.40 ROADHOUSE: 2842.40 TEXTAR: 25218 163 0 5 TEXTAR: 2521801 TRW: GDB1621 [&hellip;]<\/p>\n","protected":false},"featured_media":17640,"template":"","meta":{"_monsterinsights_skip_tracking":false,"_monsterinsights_sitenote_active":false,"_monsterinsights_sitenote_note":"","_monsterinsights_sitenote_category":0},"product_brand":[],"product_cat":[149],"product_tag":[],"class_list":{"0":"post-7418","1":"product","2":"type-product","3":"status-publish","4":"has-post-thumbnail","6":"product_cat-klocki-hamulcowe","8":"first","9":"instock","10":"taxable","11":"shipping-taxable","12":"purchasable","13":"product-type-simple"},"_links":{"self":[{"href":"https:\/\/dev.niezawodneczesci.pl\/sk\/wp-json\/wp\/v2\/product\/7418","targetHints":{"allow":["GET"]}}],"collection":[{"href":"https:\/\/dev.niezawodneczesci.pl\/sk\/wp-json\/wp\/v2\/product"}],"about":[{"href":"https:\/\/dev.niezawodneczesci.pl\/sk\/wp-json\/wp\/v2\/types\/product"}],"version-history":[{"count":1,"href":"https:\/\/dev.niezawodneczesci.pl\/sk\/wp-json\/wp\/v2\/product\/7418\/revisions"}],"predecessor-version":[{"id":23946,"href":"https:\/\/dev.niezawodneczesci.pl\/sk\/wp-json\/wp\/v2\/product\/7418\/revisions\/23946"}],"wp:featuredmedia":[{"embeddable":true,"href":"https:\/\/dev.niezawodneczesci.pl\/sk\/wp-json\/wp\/v2\/media\/17640"}],"wp:attachment":[{"href":"https:\/\/dev.niezawodneczesci.pl\/sk\/wp-json\/wp\/v2\/media?parent=7418"}],"wp:term":[{"taxonomy":"product_brand","embeddable":true,"href":"https:\/\/dev.niezawodneczesci.pl\/sk\/wp-json\/wp\/v2\/product_brand?post=7418"},{"taxonomy":"product_cat","embeddable":true,"href":"https:\/\/dev.niezawodneczesci.pl\/sk\/wp-json\/wp\/v2\/product_cat?post=7418"},{"taxonomy":"product_tag","embeddable":true,"href":"https:\/\/dev.niezawodneczesci.pl\/sk\/wp-json\/wp\/v2\/product_tag?post=7418"}],"curies":[{"name":"wp","href":"https:\/\/api.w.org\/{rel}","templated":true}]}}