{"id":7422,"date":"2021-06-16T11:52:46","date_gmt":"2021-06-16T09:52:46","guid":{"rendered":"https:\/\/niezawodneczesci.pl\/\/?post_type=product&#038;p=7422"},"modified":"2026-04-24T01:04:50","modified_gmt":"2026-04-23T23:04:50","slug":"klocki-hamulcowe-sunrich-tyl-sr0444-01-3454","status":"publish","type":"product","link":"https:\/\/dev.niezawodneczesci.pl\/sk\/produkt\/klocki-hamulcowe-sunrich-tyl-sr0444-01-3454\/","title":{"rendered":"BRZDOV\u00c9 DESTI\u010cKY SUNRICH ZADN\u00c9 SR0444.01-3454"},"content":{"rendered":"<p>Numer WVA<br \/>\n24610,<br \/>\n24611<br \/>\n24612<\/p>\n<p>\u010c\u00edsla v\u00fdrobcov<br \/>\nGDB3454<\/p>\n<p>OE \u010d\u00edsla<br \/>\nA.B.S.: 37580<br \/>\nAPEC: PAD1578<br \/>\nASHIKA: 5102214<br \/>\nASTON MARTIN: 0446652140<br \/>\nATE: 13.0460-5690.2<br \/>\nATE: 13046057692<br \/>\nBENDIX: 572591B<br \/>\nBENDIX: 572601B<br \/>\nBENDIX: 572632B<br \/>\nBENDIX: DB1786<br \/>\nBENDIX-AU: DB1786<br \/>\nBLUE PRINT: ADT342167<br \/>\nBLUE PRINT: ADT342173<br \/>\nBORG &amp; BECK: BBP2056<br \/>\nBORG &amp; BECK: BBP2070<br \/>\nBORG &amp; BECK: BBP2086<br \/>\nBOSCH: 0 986 494 182<br \/>\nBOSCH: 0 986 494 255<br \/>\nBOSCH: 0 986 494 328<br \/>\nBOSCH: 0 986 494 651<br \/>\nBOSCH: 0 986 AB1 453<br \/>\nBOSCH: 0 986 AB2 136<br \/>\nBOSCH: 0 986 AB2 269<br \/>\nBOSCH: 0 986 TB3 071<br \/>\nBREMBO: P83083<br \/>\nBREMBO: P83133<br \/>\nCIFAM: 8227460<br \/>\nDELPHI: LP2105<br \/>\nDITAS: DFB4711<br \/>\nFERODO: FDB4042<br \/>\nFERODO: FDB4335<br \/>\nFERODO: FSL4042<br \/>\nFERODO: FSL4335<br \/>\nGIRLING: 6134549<br \/>\nHELLA: 8DB 355 013-581<br \/>\nHELLA: 8DB 355 014-991<br \/>\nHERTH+BUSS JAKOPARTS: J3612000<br \/>\nHERTH+BUSS JAKOPARTS: J3612033<br \/>\nHERTH+BUSS JAKOPARTS: J3612039<br \/>\nICER: 181899<br \/>\nJAPANPARTS: PP214AF<br \/>\nJURID: 572591J<br \/>\nJURID: 572591JC<br \/>\nJURID: 572601J<br \/>\nJURID: 572601JC<br \/>\nJURID: 572632J<br \/>\nLEXUS: 04466-47020<br \/>\nLEXUS: 04466-47030<br \/>\nLEXUS: 04466-76010<br \/>\nLEXUS: 04466-76011<br \/>\nLEXUS: 04466-76012<br \/>\nLEXUS: NS254<br \/>\nLPR: 05P1312<br \/>\nLUCAS: LBP3549<br \/>\nMETELLI: 2207460<br \/>\nMETELLI: 2207461<br \/>\nMETZGER: 128602<br \/>\nMEYLE: 025 246 1015\/W<br \/>\nMGA: 892<br \/>\nMINTEX: MDB2925<br \/>\nMK Kashiyama: D2254M<br \/>\nMK Kashiyama: D2278M<br \/>\nNIPPARTS: J3612034<br \/>\nNK: 224580<br \/>\nNK: 224582<br \/>\nNK: 224586<br \/>\nOPTIMAL: BP-12377<br \/>\nPAGID: T1728<br \/>\nPAGID: T1921<br \/>\nPEX: 7935<br \/>\nPEX: 7938S<br \/>\nQUINTON HAZELL: BP1618<br \/>\nQUINTON HAZELL: BP1619<br \/>\nREMSA: 128602<br \/>\nREMSA: 128612<br \/>\nREMSA: 128622<br \/>\nREMSA: 135602<br \/>\nROADHOUSE: 2128602<br \/>\nROULUNDS RUBBER: 858481<br \/>\nRUVILLE: D13548463<br \/>\nSUBARU: 0446612130<br \/>\nTEXTAR: 2461001<br \/>\nTEXTAR: 2461004<br \/>\nTEXTAR: 2461014305<br \/>\nTEXTAR: 2501601<br \/>\nTOYOTA: 04465-12130<br \/>\nTOYOTA: 04466-02190<br \/>\nTOYOTA: 04466-02191<br \/>\nTOYOTA: 04466-02210<br \/>\nTOYOTA: 04466-02260<br \/>\nTOYOTA: 04466-12130<br \/>\nTOYOTA: 04466-12140<br \/>\nTOYOTA: 04466-12150<br \/>\nTOYOTA: 04466-21020<br \/>\nTOYOTA: 04466-47020<br \/>\nTOYOTA: 04466-47030<br \/>\nTOYOTA: 04466-47061<br \/>\nTOYOTA: 04466-47080<br \/>\nTOYOTA: 04466-47100<br \/>\nTOYOTA: 04466-52120<br \/>\nTOYOTA: 04466-52121<br \/>\nTOYOTA: 04466-52130<br \/>\nTOYOTA: 04466-52140<br \/>\nTOYOTA: 04466-52141<br \/>\nTOYOTA: 04466-52150<br \/>\nTOYOTA: 04466-52151<br \/>\nTOYOTA: 04466-52160<br \/>\nTOYOTA: 04466-52170<br \/>\nTOYOTA: 04466-76010<br \/>\nTOYOTA: 04466-76011<br \/>\nTOYOTA: 04466-76012<br \/>\nTOYOTA: NS254<br \/>\nTRISCAN: 811013078<br \/>\nTRISCAN: 811013090<br \/>\nTRISCAN: 811013117<br \/>\nTRUSTING: 7620<br \/>\nVALEO: 598933<br \/>\nVALEO: 598938<br \/>\nVALEO: 601132<br \/>\nVALEO: 601377<br \/>\nWAGNER: WBP24610A<br \/>\nZIMMERMANN: 246101551<br \/>\nZIMMERMANN: 246641601<br \/>\nZIMMERMANN: 246641602<br \/>\nfri.tech.: 7620<br \/>\nsbs: 1501224580<\/p>","protected":false},"excerpt":{"rendered":"<p>Numer WVA 24610, 24611 24612 Numery producenta GDB3454 Numery OE A.B.S.: 37580 APEC: PAD1578 ASHIKA: 5102214 ASTON MARTIN: 0446652140 ATE: 13.0460-5690.2 ATE: 13046057692 BENDIX: 572591B BENDIX: 572601B BENDIX: 572632B BENDIX: DB1786 BENDIX-AU: DB1786 BLUE PRINT: ADT342167 BLUE PRINT: ADT342173 BORG &amp; BECK: BBP2056 BORG &amp; BECK: BBP2070 BORG &amp; BECK: BBP2086 BOSCH: 0 986 494 [&hellip;]<\/p>\n","protected":false},"featured_media":17671,"template":"","meta":{"_monsterinsights_skip_tracking":false,"_monsterinsights_sitenote_active":false,"_monsterinsights_sitenote_note":"","_monsterinsights_sitenote_category":0},"product_brand":[],"product_cat":[149],"product_tag":[],"class_list":{"0":"post-7422","1":"product","2":"type-product","3":"status-publish","4":"has-post-thumbnail","6":"product_cat-klocki-hamulcowe","8":"first","9":"instock","10":"taxable","11":"shipping-taxable","12":"purchasable","13":"product-type-simple"},"_links":{"self":[{"href":"https:\/\/dev.niezawodneczesci.pl\/sk\/wp-json\/wp\/v2\/product\/7422","targetHints":{"allow":["GET"]}}],"collection":[{"href":"https:\/\/dev.niezawodneczesci.pl\/sk\/wp-json\/wp\/v2\/product"}],"about":[{"href":"https:\/\/dev.niezawodneczesci.pl\/sk\/wp-json\/wp\/v2\/types\/product"}],"version-history":[{"count":1,"href":"https:\/\/dev.niezawodneczesci.pl\/sk\/wp-json\/wp\/v2\/product\/7422\/revisions"}],"predecessor-version":[{"id":26008,"href":"https:\/\/dev.niezawodneczesci.pl\/sk\/wp-json\/wp\/v2\/product\/7422\/revisions\/26008"}],"wp:featuredmedia":[{"embeddable":true,"href":"https:\/\/dev.niezawodneczesci.pl\/sk\/wp-json\/wp\/v2\/media\/17671"}],"wp:attachment":[{"href":"https:\/\/dev.niezawodneczesci.pl\/sk\/wp-json\/wp\/v2\/media?parent=7422"}],"wp:term":[{"taxonomy":"product_brand","embeddable":true,"href":"https:\/\/dev.niezawodneczesci.pl\/sk\/wp-json\/wp\/v2\/product_brand?post=7422"},{"taxonomy":"product_cat","embeddable":true,"href":"https:\/\/dev.niezawodneczesci.pl\/sk\/wp-json\/wp\/v2\/product_cat?post=7422"},{"taxonomy":"product_tag","embeddable":true,"href":"https:\/\/dev.niezawodneczesci.pl\/sk\/wp-json\/wp\/v2\/product_tag?post=7422"}],"curies":[{"name":"wp","href":"https:\/\/api.w.org\/{rel}","templated":true}]}}