{"id":7424,"date":"2021-06-16T11:52:47","date_gmt":"2021-06-16T09:52:47","guid":{"rendered":"https:\/\/niezawodneczesci.pl\/\/?post_type=product&#038;p=7424"},"modified":"2026-04-24T01:04:50","modified_gmt":"2026-04-23T23:04:50","slug":"klocki-hamulcowe-sunrich-tyl-sr0410-01-1596","status":"publish","type":"product","link":"https:\/\/dev.niezawodneczesci.pl\/sk\/produkt\/klocki-hamulcowe-sunrich-tyl-sr0410-01-1596\/","title":{"rendered":"BRZDOV\u00c9 DESTI\u010cKY SUNRICH ZADN\u00c9 SR0410.01-1596"},"content":{"rendered":"<p>Numer WVA<br \/>\n24135<\/p>\n<p>\u010c\u00edsla v\u00fdrobcov<br \/>\nGDB1596<\/p>\n<p>OE \u010d\u00edsla<br \/>\nA.B.S.: 37466<br \/>\nA.B.S.: P61079<br \/>\nAISIN: BPPE-2006<br \/>\nAPEC: PAD1426<br \/>\nATE: 13046028932<br \/>\nATE: 13047028932<br \/>\nBENDIX: 573133B<br \/>\nBENDIX: DB2033<br \/>\nBENDIX-AU: DB2033<br \/>\nBORG &amp; BECK: BBP1537<br \/>\nBORG &amp; BECK: BBP1899<br \/>\nBOSCH: 0 986 494 095<br \/>\nBOSCH: 0 986 495 090<br \/>\nBOSCH: 0 986 TB2 881<br \/>\nBREMBO: P61079<br \/>\nBREMBO: P61079N<br \/>\nCITROEN: 4253 26<br \/>\nCITROEN: 4254 04<br \/>\nCITROEN: 4254 21<br \/>\nCITROEN: 4254 91<br \/>\nCITROEN: E 172 240<br \/>\nDELPHI: LP1892<br \/>\nE.T.F.: 121183<br \/>\nFEBI BILSTEIN: 16548<br \/>\nFERODO: FDB1415<br \/>\nFERODO: FDB1727<br \/>\nFERODO: FQT1415<br \/>\nFERODO: FSL1727<br \/>\nFIRST LINE: FBP3607<br \/>\nFTE: BL1975A3<br \/>\nFTE: BL1975B3<br \/>\nHELLA: 8DB 355 011-501<br \/>\nHELLA PAGID: 8DB 355 011-501<br \/>\nICER: 181658<br \/>\nICER: 181658703<br \/>\nJURID: 573133J<br \/>\nJURID: 573133JAS<br \/>\nJURID: 573133JC<br \/>\nKAGER: 351039<br \/>\nKAWE: 81697<br \/>\nLPR: 05P1195<br \/>\nMAGNETI MARELLI: 363700201463<br \/>\nMAGNETI MARELLI: 363700461079<br \/>\nMAGNETI MARELLI: 363702161415<br \/>\nMAPCO: 6359<br \/>\nMAPCO: 6756<br \/>\nMETELLI: 2206020<br \/>\nMETZGER: 110300<br \/>\nMEYLE: 025 241 3517<br \/>\nMGA: 734<br \/>\nMINTEX: MDB2702<br \/>\nMINTEX: MDK0173<br \/>\nMINTEX: MDK0207<br \/>\nNECTO: FD7106A<br \/>\nNECTO: FD7106N<br \/>\nNK: 223745<br \/>\nOPTIMAL: 12215<br \/>\nOPTIMAL: BP-12215<br \/>\nPAGID: T1463<br \/>\nPEUGEOT: 4252 79<br \/>\nPEUGEOT: 4253 26<br \/>\nPEUGEOT: 4254 21<br \/>\nPEUGEOT: 4254 91<br \/>\nPEUGEOT: E 172 240<br \/>\nPEX: 7711<br \/>\nQH Benelux: 7641<br \/>\nQUINTON HAZELL: BP1439<br \/>\nREMSA: 1103.00<br \/>\nREMY: RAP1203<br \/>\nROADHOUSE: 2110300<br \/>\nROULUNDS RUBBER: 619981<br \/>\nSWAG: 62916548<br \/>\nTEXTAR: 2413501<br \/>\nTEXTAR: 2413517814<br \/>\nTRISCAN: 811028036<br \/>\nVAICO: V42-4118<br \/>\nVALEO: 301664<br \/>\nVALEO: 597520<br \/>\nVALEO: 598664<br \/>\nWAGNER: WBP24135A<br \/>\nWOKING: P1003300<br \/>\nZIMMERMANN: 241351801<br \/>\nfri.tech.: 6180<br \/>\nsbs: 223745<\/p>","protected":false},"excerpt":{"rendered":"<p>Numer WVA 24135 Numery producenta GDB1596 Numery OE A.B.S.: 37466 A.B.S.: P61079 AISIN: BPPE-2006 APEC: PAD1426 ATE: 13046028932 ATE: 13047028932 BENDIX: 573133B BENDIX: DB2033 BENDIX-AU: DB2033 BORG &amp; BECK: BBP1537 BORG &amp; BECK: BBP1899 BOSCH: 0 986 494 095 BOSCH: 0 986 495 090 BOSCH: 0 986 TB2 881 BREMBO: P61079 BREMBO: P61079N CITROEN: 4253 [&hellip;]<\/p>\n","protected":false},"featured_media":15201,"template":"","meta":{"_monsterinsights_skip_tracking":false,"_monsterinsights_sitenote_active":false,"_monsterinsights_sitenote_note":"","_monsterinsights_sitenote_category":0},"product_brand":[],"product_cat":[149],"product_tag":[],"class_list":{"0":"post-7424","1":"product","2":"type-product","3":"status-publish","4":"has-post-thumbnail","6":"product_cat-klocki-hamulcowe","8":"first","9":"outofstock","10":"taxable","11":"shipping-taxable","12":"purchasable","13":"product-type-simple"},"_links":{"self":[{"href":"https:\/\/dev.niezawodneczesci.pl\/sk\/wp-json\/wp\/v2\/product\/7424","targetHints":{"allow":["GET"]}}],"collection":[{"href":"https:\/\/dev.niezawodneczesci.pl\/sk\/wp-json\/wp\/v2\/product"}],"about":[{"href":"https:\/\/dev.niezawodneczesci.pl\/sk\/wp-json\/wp\/v2\/types\/product"}],"version-history":[{"count":1,"href":"https:\/\/dev.niezawodneczesci.pl\/sk\/wp-json\/wp\/v2\/product\/7424\/revisions"}],"predecessor-version":[{"id":26004,"href":"https:\/\/dev.niezawodneczesci.pl\/sk\/wp-json\/wp\/v2\/product\/7424\/revisions\/26004"}],"wp:featuredmedia":[{"embeddable":true,"href":"https:\/\/dev.niezawodneczesci.pl\/sk\/wp-json\/wp\/v2\/media\/15201"}],"wp:attachment":[{"href":"https:\/\/dev.niezawodneczesci.pl\/sk\/wp-json\/wp\/v2\/media?parent=7424"}],"wp:term":[{"taxonomy":"product_brand","embeddable":true,"href":"https:\/\/dev.niezawodneczesci.pl\/sk\/wp-json\/wp\/v2\/product_brand?post=7424"},{"taxonomy":"product_cat","embeddable":true,"href":"https:\/\/dev.niezawodneczesci.pl\/sk\/wp-json\/wp\/v2\/product_cat?post=7424"},{"taxonomy":"product_tag","embeddable":true,"href":"https:\/\/dev.niezawodneczesci.pl\/sk\/wp-json\/wp\/v2\/product_tag?post=7424"}],"curies":[{"name":"wp","href":"https:\/\/api.w.org\/{rel}","templated":true}]}}