{"id":7427,"date":"2021-06-16T11:52:47","date_gmt":"2021-06-16T09:52:47","guid":{"rendered":"https:\/\/niezawodneczesci.pl\/\/?post_type=product&#038;p=7427"},"modified":"2026-04-24T01:04:51","modified_gmt":"2026-04-23T23:04:51","slug":"klocki-hamulcowe-sunrich-tyl-sr0353-01-1263","status":"publish","type":"product","link":"https:\/\/dev.niezawodneczesci.pl\/sk\/produkt\/klocki-hamulcowe-sunrich-tyl-sr0353-01-1263\/","title":{"rendered":"BRZDOV\u00c9 DESTI\u010cKY SUNRICH ZADN\u00c9 SR0353.01-1263"},"content":{"rendered":"<p>Numer WVA<br \/>\n21592<br \/>\n21593<\/p>\n<p>\u010c\u00edsla v\u00fdrobcov<br \/>\nGDB1263<\/p>\n<p>OE \u010d\u00edsla<br \/>\nA.B.S.: 36913<br \/>\nA.B.S.: 36913OE<br \/>\nABEX: AVR137<br \/>\nACDelco: AC627781D<br \/>\nAPEC: PAD929<br \/>\nATE: 13046070842<br \/>\nAUTOMEGA: 3069804512D0<br \/>\nBENDIX: 571910B<br \/>\nBENDIX: 573191B<br \/>\nBERAL: 2159218804045073<br \/>\nBORG &amp; BECK: BBP1445<br \/>\nBOSCH: 0 986 424 219<br \/>\nBOSCH: 0 986 495 000<br \/>\nBOSCH: 0 986 TB2 032<br \/>\nBOSCH: 986424219<br \/>\nBOSCH: F 03A 150 010<br \/>\nBREMBO: P50019<br \/>\nBREMBO: P50082<br \/>\nBrake ENGINEERING: PA1104<br \/>\nDELPHI: LP1045<br \/>\nDELPHI: LP1596<br \/>\nDITAS: DFB2941<br \/>\nDON: CVP072<br \/>\nE.T.F.: 120689<br \/>\nE.T.F.: 125264<br \/>\nFEBI BILSTEIN: 16160<br \/>\nFERODO: FDB1045<br \/>\nFERODO: FSL1045<br \/>\nFERODO: FSL1876<br \/>\nFERODO: FVR1045<br \/>\nFERODO: FVR1876<br \/>\nFERODO: TAR1045<br \/>\nFIRST LINE: FBP3062<br \/>\nFTE: BL1441A2<br \/>\nGALFER: B1G10203972<br \/>\nGIRLING: 6112632<br \/>\nHELLA: 8DB 355 008-161<br \/>\nHELLA: 8DB 355 014-401<br \/>\nHERZOG GERMANY: 886913<br \/>\nICER: 141103<br \/>\nICER: 141103046<br \/>\nJURID: 2915309560<br \/>\nJURID: 571910J<br \/>\nJURID: 571910JAS<br \/>\nJURID: 573191J<br \/>\nJURID: 573191JAS<br \/>\nKAWE: 81146<br \/>\nLEMF\u00d6RDER: 20538 04<br \/>\nLPR: 05P610<br \/>\nMAGNETI MARELLI: 363702160397<br \/>\nMAPCO: 6513<br \/>\nMERCEDES-BENZ: 002 420 40 20<br \/>\nMERCEDES-BENZ: 002 420 60 20<br \/>\nMERCEDES-BENZ: 004 420 18 20<br \/>\nMERCEDES-BENZ: 004 420 27 20<br \/>\nMERCEDES-BENZ: A 002 420 40 20<br \/>\nMERCEDES-BENZ: A 002 420 60 20<br \/>\nMERCEDES-BENZ: A 004 420 18 20<br \/>\nMERCEDES-BENZ: A 004 420 27 20<br \/>\nMETELLI: 2203110<br \/>\nMETELLI: 2203111<br \/>\nMETZGER: 058000<br \/>\nMEYLE: 025 215 9218<br \/>\nMEYLE: 025 215 9218\/PD<br \/>\nMGA: 451<br \/>\nMINTEX: MDB1738<br \/>\nMINTEX: MDB3013<br \/>\nNECTO: FD6678N<br \/>\nNECTO: FD6678V<br \/>\nNK: 223329<br \/>\nOPTIMAL: 10052<br \/>\nPAGID: T1124<br \/>\nPAGID: T1124P8027<br \/>\nPAGID: T1824<br \/>\nPE Automotive: 08632000A<br \/>\nPEX: 7417<br \/>\nPEX: 7417S<br \/>\nQH Benelux: 2993<br \/>\nQUINTON HAZELL: BLF869<br \/>\nQUINTON HAZELL: BP869<br \/>\nRAMEDER: T0600091<br \/>\nRAMEDER: T0610826<br \/>\nREMSA: 058000<br \/>\nREMSA: 58000<br \/>\nROULUNDS RUBBER: 627781<br \/>\nSCT &#8211; MANNOL: SP232<br \/>\nSPIDAN: 32212<br \/>\nST-TEMPLIN: 031208700280607<br \/>\nST-TEMPLIN: 031208700710<br \/>\nSWAG: 10916160<br \/>\nSWAG: 10916162<br \/>\nTEXTAR: 2159201<br \/>\nTEXTAR: 2159218805<br \/>\nTEXTAR: 2159270<br \/>\nTEXTAR: 2390101<br \/>\nTOPRAN: 109470<br \/>\nTRISCAN: 811023010<br \/>\nTRISCAN: 811029023<br \/>\nTRUCKTEC AUTOMOTIVE: 0235085<br \/>\nTRUSTING: 3200<br \/>\nVAICO: V308143<br \/>\nVAICO: V3081431<br \/>\nVAICO: V308153<br \/>\nVALEO: 301046<br \/>\nVALEO: 540794<br \/>\nVALEO: 597233<br \/>\nVALEO: 598046<br \/>\nVALEO: 872661<br \/>\nVW: 2D0 698 451<br \/>\nWAGNER: WBP21592A<br \/>\nWOKING: P480300<br \/>\nWOKING: P480310<br \/>\nZIMMERMANN: 215921851<br \/>\nZIMMERMANN: 215921852<br \/>\nfri.tech.: 3200<br \/>\nsbs: 223329<\/p>","protected":false},"excerpt":{"rendered":"<p>Numer WVA 21592 21593 Numery producenta GDB1263 Numery OE A.B.S.: 36913 A.B.S.: 36913OE ABEX: AVR137 ACDelco: AC627781D APEC: PAD929 ATE: 13046070842 AUTOMEGA: 3069804512D0 BENDIX: 571910B BENDIX: 573191B BERAL: 2159218804045073 BORG &amp; BECK: BBP1445 BOSCH: 0 986 424 219 BOSCH: 0 986 495 000 BOSCH: 0 986 TB2 032 BOSCH: 986424219 BOSCH: F 03A 150 010 [&hellip;]<\/p>\n","protected":false},"featured_media":17569,"template":"","meta":{"_monsterinsights_skip_tracking":false,"_monsterinsights_sitenote_active":false,"_monsterinsights_sitenote_note":"","_monsterinsights_sitenote_category":0},"product_brand":[],"product_cat":[149],"product_tag":[],"class_list":{"0":"post-7427","1":"product","2":"type-product","3":"status-publish","4":"has-post-thumbnail","6":"product_cat-klocki-hamulcowe","8":"first","9":"instock","10":"taxable","11":"shipping-taxable","12":"purchasable","13":"product-type-simple"},"_links":{"self":[{"href":"https:\/\/dev.niezawodneczesci.pl\/sk\/wp-json\/wp\/v2\/product\/7427","targetHints":{"allow":["GET"]}}],"collection":[{"href":"https:\/\/dev.niezawodneczesci.pl\/sk\/wp-json\/wp\/v2\/product"}],"about":[{"href":"https:\/\/dev.niezawodneczesci.pl\/sk\/wp-json\/wp\/v2\/types\/product"}],"version-history":[{"count":1,"href":"https:\/\/dev.niezawodneczesci.pl\/sk\/wp-json\/wp\/v2\/product\/7427\/revisions"}],"predecessor-version":[{"id":26006,"href":"https:\/\/dev.niezawodneczesci.pl\/sk\/wp-json\/wp\/v2\/product\/7427\/revisions\/26006"}],"wp:featuredmedia":[{"embeddable":true,"href":"https:\/\/dev.niezawodneczesci.pl\/sk\/wp-json\/wp\/v2\/media\/17569"}],"wp:attachment":[{"href":"https:\/\/dev.niezawodneczesci.pl\/sk\/wp-json\/wp\/v2\/media?parent=7427"}],"wp:term":[{"taxonomy":"product_brand","embeddable":true,"href":"https:\/\/dev.niezawodneczesci.pl\/sk\/wp-json\/wp\/v2\/product_brand?post=7427"},{"taxonomy":"product_cat","embeddable":true,"href":"https:\/\/dev.niezawodneczesci.pl\/sk\/wp-json\/wp\/v2\/product_cat?post=7427"},{"taxonomy":"product_tag","embeddable":true,"href":"https:\/\/dev.niezawodneczesci.pl\/sk\/wp-json\/wp\/v2\/product_tag?post=7427"}],"curies":[{"name":"wp","href":"https:\/\/api.w.org\/{rel}","templated":true}]}}