{"id":7430,"date":"2021-06-16T11:52:48","date_gmt":"2021-06-16T09:52:48","guid":{"rendered":"https:\/\/niezawodneczesci.pl\/\/?post_type=product&#038;p=7430"},"modified":"2026-04-24T01:04:52","modified_gmt":"2026-04-23T23:04:52","slug":"klocki-hamulcowe-sunrich-tyl-sr0280-01-1525","status":"publish","type":"product","link":"https:\/\/dev.niezawodneczesci.pl\/sk\/produkt\/klocki-hamulcowe-sunrich-tyl-sr0280-01-1525\/","title":{"rendered":"BRZDOV\u00c9 DESTI\u010cKY SUNRICH ZADN\u00c9 SR0280.01-1525"},"content":{"rendered":"<p>Numer WVA<\/p>\n<p>40118<\/p>\n<p>\u010c\u00edsla v\u00fdrobcov<br \/>\n0 986 424 671<\/p>\n<p>OE \u010d\u00edsla<br \/>\nATE: 13 0460 3988 2<br \/>\nBREMBO: P 68 028<br \/>\nDELPHI: LP1682<br \/>\nFERODO: FDB1380<br \/>\nFORD: 1126719<br \/>\nFORD: 1126959<br \/>\nFORD: 1S712M008BC<br \/>\nGIRLING: 6115252<br \/>\nHELLA: 8DB 355 012-211<br \/>\nJAGUAR: C2S 12439<br \/>\nJAGUAR: C2S 12649<br \/>\nRAICAM: 836 09<br \/>\nREMSA: 777.10<br \/>\nRENAULT: 77 01 207 187<br \/>\nRENAULT: 86 71 016 712<br \/>\nROADHOUSE: 2777.10<br \/>\nTRW: GDB1525<br \/>\nVALEO: 598527<\/p>","protected":false},"excerpt":{"rendered":"<p>Numer WVA 40118 Numery producenta 0 986 424 671 Numery OE ATE: 13 0460 3988 2 BREMBO: P 68 028 DELPHI: LP1682 FERODO: FDB1380 FORD: 1126719 FORD: 1126959 FORD: 1S712M008BC GIRLING: 6115252 HELLA: 8DB 355 012-211 JAGUAR: C2S 12439 JAGUAR: C2S 12649 RAICAM: 836 09 REMSA: 777.10 RENAULT: 77 01 207 187 RENAULT: 86 71 [&hellip;]<\/p>\n","protected":false},"featured_media":13648,"template":"","meta":{"_monsterinsights_skip_tracking":false,"_monsterinsights_sitenote_active":false,"_monsterinsights_sitenote_note":"","_monsterinsights_sitenote_category":0},"product_brand":[],"product_cat":[149],"product_tag":[],"class_list":{"0":"post-7430","1":"product","2":"type-product","3":"status-publish","4":"has-post-thumbnail","6":"product_cat-klocki-hamulcowe","8":"first","9":"instock","10":"taxable","11":"shipping-taxable","12":"purchasable","13":"product-type-simple"},"_links":{"self":[{"href":"https:\/\/dev.niezawodneczesci.pl\/sk\/wp-json\/wp\/v2\/product\/7430","targetHints":{"allow":["GET"]}}],"collection":[{"href":"https:\/\/dev.niezawodneczesci.pl\/sk\/wp-json\/wp\/v2\/product"}],"about":[{"href":"https:\/\/dev.niezawodneczesci.pl\/sk\/wp-json\/wp\/v2\/types\/product"}],"version-history":[{"count":1,"href":"https:\/\/dev.niezawodneczesci.pl\/sk\/wp-json\/wp\/v2\/product\/7430\/revisions"}],"predecessor-version":[{"id":26000,"href":"https:\/\/dev.niezawodneczesci.pl\/sk\/wp-json\/wp\/v2\/product\/7430\/revisions\/26000"}],"wp:featuredmedia":[{"embeddable":true,"href":"https:\/\/dev.niezawodneczesci.pl\/sk\/wp-json\/wp\/v2\/media\/13648"}],"wp:attachment":[{"href":"https:\/\/dev.niezawodneczesci.pl\/sk\/wp-json\/wp\/v2\/media?parent=7430"}],"wp:term":[{"taxonomy":"product_brand","embeddable":true,"href":"https:\/\/dev.niezawodneczesci.pl\/sk\/wp-json\/wp\/v2\/product_brand?post=7430"},{"taxonomy":"product_cat","embeddable":true,"href":"https:\/\/dev.niezawodneczesci.pl\/sk\/wp-json\/wp\/v2\/product_cat?post=7430"},{"taxonomy":"product_tag","embeddable":true,"href":"https:\/\/dev.niezawodneczesci.pl\/sk\/wp-json\/wp\/v2\/product_tag?post=7430"}],"curies":[{"name":"wp","href":"https:\/\/api.w.org\/{rel}","templated":true}]}}