{"id":7433,"date":"2021-06-16T11:52:49","date_gmt":"2021-06-16T09:52:49","guid":{"rendered":"https:\/\/niezawodneczesci.pl\/\/?post_type=product&#038;p=7433"},"modified":"2026-04-24T01:04:52","modified_gmt":"2026-04-23T23:04:52","slug":"klocki-hamulcowe-sunrich-tyl-sr0247-01-1571","status":"publish","type":"product","link":"https:\/\/dev.niezawodneczesci.pl\/sk\/produkt\/klocki-hamulcowe-sunrich-tyl-sr0247-01-1571\/","title":{"rendered":"BRZDOV\u00c9 DESTI\u010cKY SUNRICH PREDN\u00c9 SR0247.01-1571"},"content":{"rendered":"<p>Numer WVA<br \/>\n23934<\/p>\n<p>\u010c\u00edsla v\u00fdrobcov<br \/>\nGDB1571<\/p>\n<p>OE \u010d\u00edsla<br \/>\nA.B.S.: 37398<br \/>\nA.B.S.: 37398OE<br \/>\nA.B.S.: P68031<br \/>\nAKEBONO: AN-4592K<br \/>\nAKEBONO: AN-4592KE<br \/>\nAKRON-MAL\u00d2: 1050677<br \/>\nAPEC: PAD1305<br \/>\nAPEC: PD3585<br \/>\nASIMCO: KD7405<br \/>\nATE: 13046038142<br \/>\nATE: 13047038142<br \/>\nBENDIX: 573123B<br \/>\nBLUE PRINT: ADR164215<br \/>\nBORG &amp; BECK: BBP1851<br \/>\nBOSCH: 0 986 424 774<br \/>\nBOSCH: 0 986 495 069<br \/>\nBOSCH: 0 986 TB2 442<br \/>\nBREMBO: P68031<br \/>\nBrake ENGINEERING: PA1489<br \/>\nDELPHI: LP1866<br \/>\nDITAS: DFB3642<br \/>\nDON: PCP1386<br \/>\nE.T.F.: 121113<br \/>\nFEBI BILSTEIN: 16623<br \/>\nFERODO: FDB1409<br \/>\nFERODO: FSL1409<br \/>\nFIRST LINE: FBP3483<br \/>\nFTE: BL1899A3<br \/>\nFTE: BL1899B3<br \/>\nGIRLING: 6115714<br \/>\nHELLA: 8DB 355 010-551<br \/>\nHELLA PAGID: 8DB 355 010-551<br \/>\nICER: 181572<br \/>\nICER: 181572701<br \/>\nJURID: 573123J<br \/>\nJURID: 573123JC<br \/>\nJURID: 573131J<br \/>\nKAWE: 81595<br \/>\nLPR: 05P910<br \/>\nLUCAS: LBP1666<br \/>\nMAGNETI MARELLI: 363700201374<br \/>\nMAGNETI MARELLI: 363700468031<br \/>\nMAGNETI MARELLI: 363702161247<br \/>\nMAGNETI MARELLI: 363916060600<br \/>\nMAPCO: 6600<br \/>\nMETELLI: 2205430<br \/>\nMETZGER: 097700<br \/>\nMETZGER: 1170652<br \/>\nMEYLE: 025 239 3418<br \/>\nMGA: 694<br \/>\nMINTEX: MDB2591<br \/>\nNECTO: FD6864A<br \/>\nNECTO: FD6864N<br \/>\nNK: 223952<br \/>\nOPTIMAL: 12159<br \/>\nOPTIMAL: BP-12159<br \/>\nPAGID: T1374<br \/>\nPEX: 7726<br \/>\nQH Benelux: 7530<br \/>\nQUINTON HAZELL: BP1415<br \/>\nREMSA: 097700<br \/>\nREMSA: 97700<br \/>\nREMY: RAP1849<br \/>\nRENAULT: 41 06 091 92R<br \/>\nRENAULT: 77 01 207 673<br \/>\nROULUNDS RUBBER: 610981<br \/>\nSPIDAN: 32854<br \/>\nSWAG: 60916623<br \/>\nTEXTAR: 2393401<br \/>\nTRISCAN: 811025019<br \/>\nTRUSTING: 5590<br \/>\nVAICO: V46-0158<br \/>\nVALEO: 301557<br \/>\nVALEO: 597495<br \/>\nVALEO: 598557<br \/>\nVALEO: 670557<br \/>\nWAGNER: WBP23934A<br \/>\nZIMMERMANN: 239341801<br \/>\nfri.tech.: 5590<br \/>\nsbs: 223952<\/p>","protected":false},"excerpt":{"rendered":"<p>Numer WVA 23934 Numery producenta GDB1571 Numery OE A.B.S.: 37398 A.B.S.: 37398OE A.B.S.: P68031 AKEBONO: AN-4592K AKEBONO: AN-4592KE AKRON-MAL\u00d2: 1050677 APEC: PAD1305 APEC: PD3585 ASIMCO: KD7405 ATE: 13046038142 ATE: 13047038142 BENDIX: 573123B BLUE PRINT: ADR164215 BORG &amp; BECK: BBP1851 BOSCH: 0 986 424 774 BOSCH: 0 986 495 069 BOSCH: 0 986 TB2 442 BREMBO: [&hellip;]<\/p>\n","protected":false},"featured_media":17481,"template":"","meta":{"_monsterinsights_skip_tracking":false,"_monsterinsights_sitenote_active":false,"_monsterinsights_sitenote_note":"","_monsterinsights_sitenote_category":0},"product_brand":[],"product_cat":[149,447],"product_tag":[],"class_list":{"0":"post-7433","1":"product","2":"type-product","3":"status-publish","4":"has-post-thumbnail","6":"product_cat-klocki-hamulcowe","7":"product_cat-promocja","9":"first","10":"instock","11":"taxable","12":"shipping-taxable","13":"purchasable","14":"product-type-simple"},"_links":{"self":[{"href":"https:\/\/dev.niezawodneczesci.pl\/sk\/wp-json\/wp\/v2\/product\/7433","targetHints":{"allow":["GET"]}}],"collection":[{"href":"https:\/\/dev.niezawodneczesci.pl\/sk\/wp-json\/wp\/v2\/product"}],"about":[{"href":"https:\/\/dev.niezawodneczesci.pl\/sk\/wp-json\/wp\/v2\/types\/product"}],"version-history":[{"count":1,"href":"https:\/\/dev.niezawodneczesci.pl\/sk\/wp-json\/wp\/v2\/product\/7433\/revisions"}],"predecessor-version":[{"id":25992,"href":"https:\/\/dev.niezawodneczesci.pl\/sk\/wp-json\/wp\/v2\/product\/7433\/revisions\/25992"}],"wp:featuredmedia":[{"embeddable":true,"href":"https:\/\/dev.niezawodneczesci.pl\/sk\/wp-json\/wp\/v2\/media\/17481"}],"wp:attachment":[{"href":"https:\/\/dev.niezawodneczesci.pl\/sk\/wp-json\/wp\/v2\/media?parent=7433"}],"wp:term":[{"taxonomy":"product_brand","embeddable":true,"href":"https:\/\/dev.niezawodneczesci.pl\/sk\/wp-json\/wp\/v2\/product_brand?post=7433"},{"taxonomy":"product_cat","embeddable":true,"href":"https:\/\/dev.niezawodneczesci.pl\/sk\/wp-json\/wp\/v2\/product_cat?post=7433"},{"taxonomy":"product_tag","embeddable":true,"href":"https:\/\/dev.niezawodneczesci.pl\/sk\/wp-json\/wp\/v2\/product_tag?post=7433"}],"curies":[{"name":"wp","href":"https:\/\/api.w.org\/{rel}","templated":true}]}}