{"id":7436,"date":"2021-06-16T11:52:49","date_gmt":"2021-06-16T09:52:49","guid":{"rendered":"https:\/\/niezawodneczesci.pl\/\/?post_type=product&#038;p=7436"},"modified":"2026-04-24T01:04:52","modified_gmt":"2026-04-23T23:04:52","slug":"klocki-hamulcowe-sunrich-tyl-sr0232-01-3243","status":"publish","type":"product","link":"https:\/\/dev.niezawodneczesci.pl\/sk\/produkt\/klocki-hamulcowe-sunrich-tyl-sr0232-01-3243\/","title":{"rendered":"BRZDOV\u00c9 DESTI\u010cKY SUNRICH ZADN\u00c9 SR0232.01-3243"},"content":{"rendered":"<p>Numer WVA<br \/>\n23521<\/p>\n<p>\u010c\u00edsla v\u00fdrobcov<br \/>\nGDB3243<\/p>\n<p>OE \u010d\u00edsla<br \/>\nA.B.S.: 37136<br \/>\nACDelco: AC679181D<br \/>\nAPEC: PAD1113<br \/>\nASHIKA: 5102203<br \/>\nATE: 13046058122<br \/>\nBENDIX: 572450B<br \/>\nBLUE PRINT: ADT342114<br \/>\nBORG &amp; BECK: BBP1712<br \/>\nBOSCH: 0 986 424 630<br \/>\nBOSCH: 0 986 505 226<br \/>\nBOSCH: 0 986 AB2 090<br \/>\nBOSCH: 0 986 AB2 670<br \/>\nBOSCH: 0 986 AB2 949<br \/>\nBOSCH: 0 986 AB3 836<br \/>\nBOSCH: 0 986 AB9 153<br \/>\nBOSCH: 0 986 TB2 802<br \/>\nBOSCH: F 03B 150 074<br \/>\nBREMBO: P83052<br \/>\nBrake ENGINEERING: PA1288<br \/>\nDELPHI: LP1513<br \/>\nE.T.F.: 121061<br \/>\nFERODO: FDB1395<br \/>\nFERODO: FSL1395<br \/>\nFIRST LINE: FBP3341<br \/>\nFTE: BL1880A2<br \/>\nGIRLING: 6132439<br \/>\nHELLA: 8DB 355 017-221<br \/>\nHERTH+BUSS JAKOPARTS: J3612018<br \/>\nICER: 181607<br \/>\nJAPANPARTS: PP203AF<br \/>\nJURID: 572450J<br \/>\nKAWE: 81350<br \/>\nKBP: BP9069<br \/>\nLEMF\u00d6RDER: 26306<br \/>\nMAGNETI MARELLI: 363702161265<br \/>\nMETELLI: 2204240<br \/>\nMETZGER: 074102<br \/>\nMEYLE: 025 235 2114\/W<br \/>\nMINTEX: MDB2014<br \/>\nMK Kashiyama: D2204M<br \/>\nNECTO: FD6910A<br \/>\nNIPPARTS: J3612018<br \/>\nNK: 224557<br \/>\nPAGID: T3117<br \/>\nQH Benelux: 7227<br \/>\nQUINTON HAZELL: BP1229<br \/>\nRAMEDER: T0610144<br \/>\nREMSA: 074102<br \/>\nREMSA: 74102<br \/>\nROULUNDS RUBBER: 679181<br \/>\nTEXTAR: 2352101<br \/>\nTEXTAR: 2352104<br \/>\nTEXTAR: 2352114005<br \/>\nTOYOTA: 04466-20090<br \/>\nTOYOTA: 04466-52010<br \/>\nTOYOTA: 04466-52020<br \/>\nTOYOTA: 04466-52030<br \/>\nTOYOTA: 04466-52040<br \/>\nTOYOTA: 04466-52050<br \/>\nTOYOTA: 04466-52060<br \/>\nTOYOTA: 04466-YZZD5<br \/>\nTOYOTA: 446652010<br \/>\nTOYOTA: PA511H<br \/>\nTOYOTA: PA544<br \/>\nTRISCAN: 811013047<br \/>\nTRUSTING: 4390<br \/>\nVALEO: 301577<br \/>\nVALEO: 598577<br \/>\nVALEO: 606403<br \/>\nWAGNER: WBP23521A<br \/>\nWOKING: P641302<br \/>\nZIMMERMANN: 235211401<br \/>\nfri.tech.: 4390<br \/>\nsbs: 224557<\/p>","protected":false},"excerpt":{"rendered":"<p>Numer WVA 23521 Numery producenta GDB3243 Numery OE A.B.S.: 37136 ACDelco: AC679181D APEC: PAD1113 ASHIKA: 5102203 ATE: 13046058122 BENDIX: 572450B BLUE PRINT: ADT342114 BORG &amp; BECK: BBP1712 BOSCH: 0 986 424 630 BOSCH: 0 986 505 226 BOSCH: 0 986 AB2 090 BOSCH: 0 986 AB2 670 BOSCH: 0 986 AB2 949 BOSCH: 0 986 [&hellip;]<\/p>\n","protected":false},"featured_media":17461,"template":"","meta":{"_monsterinsights_skip_tracking":false,"_monsterinsights_sitenote_active":false,"_monsterinsights_sitenote_note":"","_monsterinsights_sitenote_category":0},"product_brand":[],"product_cat":[149,447],"product_tag":[],"class_list":{"0":"post-7436","1":"product","2":"type-product","3":"status-publish","4":"has-post-thumbnail","6":"product_cat-klocki-hamulcowe","7":"product_cat-promocja","9":"first","10":"instock","11":"taxable","12":"shipping-taxable","13":"purchasable","14":"product-type-simple"},"_links":{"self":[{"href":"https:\/\/dev.niezawodneczesci.pl\/sk\/wp-json\/wp\/v2\/product\/7436","targetHints":{"allow":["GET"]}}],"collection":[{"href":"https:\/\/dev.niezawodneczesci.pl\/sk\/wp-json\/wp\/v2\/product"}],"about":[{"href":"https:\/\/dev.niezawodneczesci.pl\/sk\/wp-json\/wp\/v2\/types\/product"}],"version-history":[{"count":1,"href":"https:\/\/dev.niezawodneczesci.pl\/sk\/wp-json\/wp\/v2\/product\/7436\/revisions"}],"predecessor-version":[{"id":25995,"href":"https:\/\/dev.niezawodneczesci.pl\/sk\/wp-json\/wp\/v2\/product\/7436\/revisions\/25995"}],"wp:featuredmedia":[{"embeddable":true,"href":"https:\/\/dev.niezawodneczesci.pl\/sk\/wp-json\/wp\/v2\/media\/17461"}],"wp:attachment":[{"href":"https:\/\/dev.niezawodneczesci.pl\/sk\/wp-json\/wp\/v2\/media?parent=7436"}],"wp:term":[{"taxonomy":"product_brand","embeddable":true,"href":"https:\/\/dev.niezawodneczesci.pl\/sk\/wp-json\/wp\/v2\/product_brand?post=7436"},{"taxonomy":"product_cat","embeddable":true,"href":"https:\/\/dev.niezawodneczesci.pl\/sk\/wp-json\/wp\/v2\/product_cat?post=7436"},{"taxonomy":"product_tag","embeddable":true,"href":"https:\/\/dev.niezawodneczesci.pl\/sk\/wp-json\/wp\/v2\/product_tag?post=7436"}],"curies":[{"name":"wp","href":"https:\/\/api.w.org\/{rel}","templated":true}]}}