{"id":7439,"date":"2021-06-16T11:52:50","date_gmt":"2021-06-16T09:52:50","guid":{"rendered":"https:\/\/niezawodneczesci.pl\/\/?post_type=product&#038;p=7439"},"modified":"2026-04-24T01:04:53","modified_gmt":"2026-04-23T23:04:53","slug":"klocki-hamulcowe-sunrich-tyl-sr0135-01-745","status":"publish","type":"product","link":"https:\/\/dev.niezawodneczesci.pl\/sk\/produkt\/klocki-hamulcowe-sunrich-tyl-sr0135-01-745\/","title":{"rendered":"BRZDOV\u00c9 DESTI\u010cKY SUNRICH ZADN\u00c9 SR0135.01-745"},"content":{"rendered":"<p>Numer WVA<br \/>\n20098<\/p>\n<p>\u010c\u00edsla v\u00fdrobcov<br \/>\nGDB745<\/p>\n<p>OE \u010d\u00edsla<br \/>\nA.B.S.: 36693<br \/>\nA.B.S.: 36776<br \/>\nACDelco: AC487681D<br \/>\nAPEC: PAD616<br \/>\nASIMCO: KD1771<br \/>\nBENDIX: 572290B<br \/>\nBENDIX-AU: DB1146<br \/>\nBLUE PRINT: ADN14279<br \/>\nBOSCH: 0 986 461 133<br \/>\nBOSCH: 0 986 TB2 616<br \/>\nBOSCH: 986461133<br \/>\nBREMBO: P56020<br \/>\nBrake ENGINEERING: PA802<br \/>\nDELPHI: LP1623<br \/>\nDELPHI: LP983<br \/>\nE.T.F.: 120445<br \/>\nFERODO: FDB937<br \/>\nFTE: BL1020A1<br \/>\nGIRLING: 6107459<br \/>\nHELLA: 8DB 355 006-251<br \/>\nHERTH+BUSS JAKOPARTS: J3611032<br \/>\nJURID: 572290J<br \/>\nKAWE: 0292 00<br \/>\nKAWE: 80860<br \/>\nKBP: BP6546<br \/>\nLEMF\u00d6RDER: 26406<br \/>\nLPR: 05P376<br \/>\nMAGNETI MARELLI: 363702160895<br \/>\nMAGNETI MARELLI: 363916060958<br \/>\nMETELLI: 2204090<br \/>\nMEYLE: 025 200 9819<br \/>\nMINTEX: MDB1365<br \/>\nMINTEX: MDB1452<br \/>\nMINTEX: MDB2506<br \/>\nMK Kashiyama: D 1095<br \/>\nNECTO: FD6905A<br \/>\nNIPPARTS: J3601036<br \/>\nNIPPARTS: J3611032<br \/>\nNISSAN: 44060-20J85<br \/>\nNISSAN: 44060-32J85<br \/>\nNK: 222213<br \/>\nPAGID: T0364<br \/>\nPEX: 7237<br \/>\nQH Benelux: 2656<br \/>\nQUINTON HAZELL: BLF660<br \/>\nQUINTON HAZELL: BP660<br \/>\nRAMEDER: T0610666<br \/>\nREMSA: 029200<br \/>\nREMSA: 29200<br \/>\nROADHOUSE: 2292.00<br \/>\nROULUNDS RUBBER: 487681<br \/>\nTEXTAR: 2009801<br \/>\nTEXTAR: 2009817004<br \/>\nTRISCAN: 811014010<br \/>\nTRUSTING: 4240<br \/>\nVALEO: 598851<br \/>\nWAGNER: WBP20098A<br \/>\nWOKING: P392300<br \/>\nZIMMERMANN: 200981901<br \/>\nfri.tech.: 4240<\/p>","protected":false},"excerpt":{"rendered":"<p>Numer WVA 20098 Numery producenta GDB745 Numery OE A.B.S.: 36693 A.B.S.: 36776 ACDelco: AC487681D APEC: PAD616 ASIMCO: KD1771 BENDIX: 572290B BENDIX-AU: DB1146 BLUE PRINT: ADN14279 BOSCH: 0 986 461 133 BOSCH: 0 986 TB2 616 BOSCH: 986461133 BREMBO: P56020 Brake ENGINEERING: PA802 DELPHI: LP1623 DELPHI: LP983 E.T.F.: 120445 FERODO: FDB937 FTE: BL1020A1 GIRLING: 6107459 HELLA: [&hellip;]<\/p>\n","protected":false},"featured_media":14138,"template":"","meta":{"_monsterinsights_skip_tracking":false,"_monsterinsights_sitenote_active":false,"_monsterinsights_sitenote_note":"","_monsterinsights_sitenote_category":0},"product_brand":[],"product_cat":[149],"product_tag":[],"class_list":{"0":"post-7439","1":"product","2":"type-product","3":"status-publish","4":"has-post-thumbnail","6":"product_cat-klocki-hamulcowe","8":"first","9":"outofstock","10":"taxable","11":"shipping-taxable","12":"purchasable","13":"product-type-simple"},"_links":{"self":[{"href":"https:\/\/dev.niezawodneczesci.pl\/sk\/wp-json\/wp\/v2\/product\/7439","targetHints":{"allow":["GET"]}}],"collection":[{"href":"https:\/\/dev.niezawodneczesci.pl\/sk\/wp-json\/wp\/v2\/product"}],"about":[{"href":"https:\/\/dev.niezawodneczesci.pl\/sk\/wp-json\/wp\/v2\/types\/product"}],"version-history":[{"count":1,"href":"https:\/\/dev.niezawodneczesci.pl\/sk\/wp-json\/wp\/v2\/product\/7439\/revisions"}],"predecessor-version":[{"id":25991,"href":"https:\/\/dev.niezawodneczesci.pl\/sk\/wp-json\/wp\/v2\/product\/7439\/revisions\/25991"}],"wp:featuredmedia":[{"embeddable":true,"href":"https:\/\/dev.niezawodneczesci.pl\/sk\/wp-json\/wp\/v2\/media\/14138"}],"wp:attachment":[{"href":"https:\/\/dev.niezawodneczesci.pl\/sk\/wp-json\/wp\/v2\/media?parent=7439"}],"wp:term":[{"taxonomy":"product_brand","embeddable":true,"href":"https:\/\/dev.niezawodneczesci.pl\/sk\/wp-json\/wp\/v2\/product_brand?post=7439"},{"taxonomy":"product_cat","embeddable":true,"href":"https:\/\/dev.niezawodneczesci.pl\/sk\/wp-json\/wp\/v2\/product_cat?post=7439"},{"taxonomy":"product_tag","embeddable":true,"href":"https:\/\/dev.niezawodneczesci.pl\/sk\/wp-json\/wp\/v2\/product_tag?post=7439"}],"curies":[{"name":"wp","href":"https:\/\/api.w.org\/{rel}","templated":true}]}}