{"id":7452,"date":"2021-06-16T11:52:54","date_gmt":"2021-06-16T09:52:54","guid":{"rendered":"https:\/\/niezawodneczesci.pl\/\/?post_type=product&#038;p=7452"},"modified":"2026-04-24T01:04:49","modified_gmt":"2026-04-23T23:04:49","slug":"klocki-hamulcowe-sunrich-tyl-sr0473-01-3421","status":"publish","type":"product","link":"https:\/\/dev.niezawodneczesci.pl\/sk\/produkt\/klocki-hamulcowe-sunrich-tyl-sr0473-01-3421\/","title":{"rendered":"BRZDOV\u00c9 DESTI\u010cKY SUNRICH REAR SR0473.01-3421\/3636"},"content":{"rendered":"<p>Numer WVA<br \/>\n24320<br \/>\n24321<br \/>\n24322<\/p>\n<p>\u010c\u00edsla v\u00fdrobcov<br \/>\nGDB3421<\/p>\n<p>OE \u010d\u00edsla<br \/>\nA.B.S.: 37533<br \/>\nAPEC: PAD1563<br \/>\nASHIKA: 510KK09<br \/>\nATE: 13046057802<br \/>\nBENDIX: 572590B<br \/>\nBENDIX: 573430B<br \/>\nBENDIX: DB1943<br \/>\nBLUE PRINT: ADG042132<br \/>\nBLUE PRINT: ADG04282<br \/>\nBORG &amp; BECK: BBP1924<br \/>\nBORG &amp; BECK: BBP1932<br \/>\nBORG &amp; BECK: BBP2104<br \/>\nBORG &amp; BECK: BBP2425<br \/>\nBOSCH: 0 986 424 418<br \/>\nBOSCH: 0 986 494 140<br \/>\nBOSCH: 0 986 494 627<br \/>\nBOSCH: 0 986 AB1 284<br \/>\nBOSCH: 0 986 AB1 497<br \/>\nBOSCH: 0 986 AB2 978<br \/>\nBOSCH: 0 986 AB3 099<br \/>\nBOSCH: 0 986 AB3 921<br \/>\nBOSCH: 0 986 AB9 149<br \/>\nBOSCH: 0 986 TB2 975<br \/>\nBOSCH: 0 986 TB3 044<br \/>\nBOSCH: F 03B 150 161<br \/>\nBREMBO: P30025<br \/>\nBREMBO: P30068<br \/>\nBrake ENGINEERING: PA1708<br \/>\nDELPHI: LP1952<br \/>\nDELPHI: LP2303<br \/>\nE.T.F.: 121241<br \/>\nFEBI BILSTEIN: 16677<br \/>\nFERODO: FDB1956<br \/>\nFERODO: FDB1956-D<br \/>\nFERODO: FDB4235<br \/>\nFERODO: FDB4408<br \/>\nFERODO: FSL1956<br \/>\nFERODO: FSL4235<br \/>\nFTE: BL1982A2<br \/>\nGIRLING: 6134219<br \/>\nHELLA: 8DB 355 006-581<br \/>\nHELLA: 8DB 355 006-961<br \/>\nHELLA: 8DB 355 014-911<br \/>\nHELLA: 8DB 355 020-851<br \/>\nHERTH+BUSS JAKOPARTS: J3610309<br \/>\nHERTH+BUSS JAKOPARTS: J3610312<br \/>\nHERTH+BUSS JAKOPARTS: J3610529<br \/>\nHYUNDAI: 58302-0ZA00<br \/>\nHYUNDAI: 58302-1GA00<br \/>\nHYUNDAI: 58302-1HA00<br \/>\nHYUNDAI: 58302-1XA30<br \/>\nHYUNDAI: 58302-2SA35<br \/>\nHYUNDAI: 58302-3SA20<br \/>\nICER: 181712<br \/>\nJAPANPARTS: PPK09AF<br \/>\nJURID: 572127J<br \/>\nJURID: 572527J<br \/>\nJURID: 572590J<br \/>\nJURID: 572590JC<br \/>\nJURID: 572604J<br \/>\nJURID: 573430J<br \/>\nKAGER: 350990<br \/>\nKBP: BP4018<br \/>\nKIA: 58302-0ZA00<br \/>\nKIA: 58302-1GA00<br \/>\nKIA: 58302-1HA00<br \/>\nKIA: 58302-1MA00<br \/>\nKIA: 58302-1MA40<br \/>\nKIA: 58302-1XA30<br \/>\nKIA: 58302-1YA30<br \/>\nKIA: 58302-1YA50<br \/>\nLPR: 05P1344<br \/>\nMETELLI: 2207250<br \/>\nMETZGER: 120902<br \/>\nMEYLE: 025 243 2015\/PD<br \/>\nMEYLE: 025 243 2015\/W<br \/>\nMEYLE: 025 245 0116\/W<br \/>\nMGA: 810<br \/>\nMINTEX: MDB2734<br \/>\nNIPPARTS: J3610512<br \/>\nNK: 223521<br \/>\nPAGID: T1592<br \/>\nPAGID: T2280<br \/>\nQH Benelux: 7772<br \/>\nQUINTON HAZELL: BP1538<br \/>\nREMSA: 120902<br \/>\nREMSA: 120912<br \/>\nREMSA: 120942<br \/>\nROULUNDS RUBBER: 847881<br \/>\nRUVILLE: D11578267<br \/>\nTEXTAR: 2432001<br \/>\nTEXTAR: 2432004<br \/>\nTEXTAR: 2494901<br \/>\nTEXTAR: 2529201<br \/>\nTEXTAR: 2567701<br \/>\nTRISCAN: 811043032<br \/>\nVALEO: 301867<br \/>\nVALEO: 598867<br \/>\nVALEO: 601135<br \/>\nWAGNER: WBP21553A<br \/>\nWAGNER: WBP24276A<br \/>\nWAGNER: WBP24320A<br \/>\nWAGNER: WBP24949A<br \/>\nWOKING: P1309302<br \/>\nZIMMERMANN: 243201551<br \/>\nZIMMERMANN: 243201552<br \/>\nsbs: 223521<\/p>","protected":false},"excerpt":{"rendered":"<p>Numer WVA 24320 24321 24322 Numery producenta GDB3421 Numery OE A.B.S.: 37533 APEC: PAD1563 ASHIKA: 510KK09 ATE: 13046057802 BENDIX: 572590B BENDIX: 573430B BENDIX: DB1943 BLUE PRINT: ADG042132 BLUE PRINT: ADG04282 BORG &amp; BECK: BBP1924 BORG &amp; BECK: BBP1932 BORG &amp; BECK: BBP2104 BORG &amp; BECK: BBP2425 BOSCH: 0 986 424 418 BOSCH: 0 986 494 [&hellip;]<\/p>\n","protected":false},"featured_media":18369,"template":"","meta":{"_monsterinsights_skip_tracking":false,"_monsterinsights_sitenote_active":false,"_monsterinsights_sitenote_note":"","_monsterinsights_sitenote_category":0},"product_brand":[],"product_cat":[149],"product_tag":[],"class_list":{"0":"post-7452","1":"product","2":"type-product","3":"status-publish","4":"has-post-thumbnail","6":"product_cat-klocki-hamulcowe","8":"first","9":"instock","10":"taxable","11":"shipping-taxable","12":"purchasable","13":"product-type-simple"},"_links":{"self":[{"href":"https:\/\/dev.niezawodneczesci.pl\/sk\/wp-json\/wp\/v2\/product\/7452","targetHints":{"allow":["GET"]}}],"collection":[{"href":"https:\/\/dev.niezawodneczesci.pl\/sk\/wp-json\/wp\/v2\/product"}],"about":[{"href":"https:\/\/dev.niezawodneczesci.pl\/sk\/wp-json\/wp\/v2\/types\/product"}],"version-history":[{"count":1,"href":"https:\/\/dev.niezawodneczesci.pl\/sk\/wp-json\/wp\/v2\/product\/7452\/revisions"}],"predecessor-version":[{"id":25983,"href":"https:\/\/dev.niezawodneczesci.pl\/sk\/wp-json\/wp\/v2\/product\/7452\/revisions\/25983"}],"wp:featuredmedia":[{"embeddable":true,"href":"https:\/\/dev.niezawodneczesci.pl\/sk\/wp-json\/wp\/v2\/media\/18369"}],"wp:attachment":[{"href":"https:\/\/dev.niezawodneczesci.pl\/sk\/wp-json\/wp\/v2\/media?parent=7452"}],"wp:term":[{"taxonomy":"product_brand","embeddable":true,"href":"https:\/\/dev.niezawodneczesci.pl\/sk\/wp-json\/wp\/v2\/product_brand?post=7452"},{"taxonomy":"product_cat","embeddable":true,"href":"https:\/\/dev.niezawodneczesci.pl\/sk\/wp-json\/wp\/v2\/product_cat?post=7452"},{"taxonomy":"product_tag","embeddable":true,"href":"https:\/\/dev.niezawodneczesci.pl\/sk\/wp-json\/wp\/v2\/product_tag?post=7452"}],"curies":[{"name":"wp","href":"https:\/\/api.w.org\/{rel}","templated":true}]}}