{"id":7466,"date":"2021-06-16T11:52:57","date_gmt":"2021-06-16T09:52:57","guid":{"rendered":"https:\/\/niezawodneczesci.pl\/\/?post_type=product&#038;p=7466"},"modified":"2026-04-24T01:04:51","modified_gmt":"2026-04-23T23:04:51","slug":"klocki-hamulcowe-sunrich-ty-sr0336-01-1314","status":"publish","type":"product","link":"https:\/\/dev.niezawodneczesci.pl\/sk\/produkt\/klocki-hamulcowe-sunrich-ty-sr0336-01-1314\/","title":{"rendered":"BRZDOV\u00c9 DESTI\u010cKY SUNRICH ZADN\u00c9 SR0336.01-1314"},"content":{"rendered":"<p>Numer WVA<br \/>\n21860<br \/>\n21861<\/p>\n<p>\u010c\u00edsla v\u00fdrobcov<br \/>\nGDB1314<\/p>\n<p>OE \u010d\u00edsla<br \/>\nA.B.S.: 36950<br \/>\nA.B.S.: 36950OE<br \/>\nACDelco: AC647381D<br \/>\nAPEC: PAD934<br \/>\nASHIKA: 5105507<br \/>\nATE: 13046028312<br \/>\nATE: 13046028972<br \/>\nBENDIX: 571941B<br \/>\nBENDIX-AU: DB1382<br \/>\nBLUE PRINT: ADC44266<br \/>\nBORG &amp; BECK: BBP1488<br \/>\nBOSCH: 0 986 424 427<br \/>\nBOSCH: 0 986 494 506<br \/>\nBOSCH: 0 986 TB2 298<br \/>\nBOSCH: 0 986 TB2 299<br \/>\nBOSCH: 986424427<br \/>\nBOSCH: F 03B 150 296<br \/>\nBREMBO: P54023<br \/>\nBREMBO: P54023N<br \/>\nBrake ENGINEERING: PA1134<br \/>\nDELPHI: LP1023<br \/>\nDELPHI: LP1593<br \/>\nE.T.F.: 120742<br \/>\nFEBI BILSTEIN: 16207<br \/>\nFEBI BILSTEIN: 16453<br \/>\nFERODO: FDB1095<br \/>\nFERODO: FQT1095<br \/>\nFERODO: FSL1095<br \/>\nFERODO: TAR1095<br \/>\nFTE: BL1490A4<br \/>\nGALFER: B1G10204582<br \/>\nHELLA: 8DB 355 018-271<br \/>\nHELLA: 8DB 355 030-371<br \/>\nHELLA: 8DB 355 030-941<br \/>\nHELLA PAGID: 8DB 355 018-271<br \/>\nHELLA PAGID: 8DB 355 030-371<br \/>\nHELLA PAGID: 8DB 355 030-941<br \/>\nHERTH+BUSS JAKOPARTS: J3615012<br \/>\nHERZOG GERMANY: 886950<br \/>\nICER: 181165<br \/>\nICER: 181165700<br \/>\nICER: 181743<br \/>\nJAPANPARTS: PP507AF<br \/>\nJURID: 571941J<br \/>\nKAWE: 81153<br \/>\nKBP: BP5527<br \/>\nLEMF\u00d6RDER: 26245<br \/>\nLPR: 05P621<br \/>\nLUCAS: LBP1409<br \/>\nMAGNETI MARELLI: 363702160742<br \/>\nMAGNETI MARELLI: 363702161037<br \/>\nMAPCO: 6500<br \/>\nMETELLI: 2203470<br \/>\nMETZGER: 060502<br \/>\nMETZGER: 060512<br \/>\nMEYLE: 025 218 6115<br \/>\nMEYLE: 025 218 6115\/PD<br \/>\nMGA: 367<br \/>\nMINTEX: MDB1831<br \/>\nMINTEX: MDK0120<br \/>\nMITSUBISHI: M620770<br \/>\nMITSUBISHI: M850978<br \/>\nMITSUBISHI: MN125772<br \/>\nMITSUBISHI: MZ690345<br \/>\nMITSUBISHI: X3516005<br \/>\nNECTO: FD6791A<br \/>\nNECTO: FD6791N<br \/>\nNIPPARTS: J3615012<br \/>\nNK: 223022<br \/>\nNK: 224815<br \/>\nOPTIMAL: 10208<br \/>\nPAGID: T5100<br \/>\nPEX: 7458<br \/>\nPEX: 7458S<br \/>\nQH Benelux: 7000<br \/>\nQH Benelux: 7100<br \/>\nQUINTON HAZELL: BP973<br \/>\nRAMEDER: T0610047<br \/>\nREMSA: 060502<br \/>\nREMSA: 060512<br \/>\nREMSA: 60502<br \/>\nREMSA: 60512<br \/>\nREMY: RAP1253<br \/>\nSMART: 454 420 10 20<br \/>\nSMART: A 454 420 10 20<br \/>\nSPIDAN: 32219<br \/>\nSPIDAN: 32986<br \/>\nSWAG: 12916453<br \/>\nSWAG: 55916207<br \/>\nScanTech: 400978<br \/>\nTEXTAR: 2186102<br \/>\nTEXTAR: 2186116815<br \/>\nTEXTAR: 2354901<br \/>\nTRISCAN: 811010511<br \/>\nTRISCAN: 811023046<br \/>\nTRUCKTEC AUTOMOTIVE: 0235248<br \/>\nTRUSTING: 3560<br \/>\nVALEO: 301319<br \/>\nVALEO: 597568<br \/>\nVALEO: 598319<br \/>\nVALEO: 598492<br \/>\nVOLVO: 30620770<br \/>\nVOLVO: 306207700<br \/>\nVOLVO: 306207705<br \/>\nVOLVO: 30623264<br \/>\nVOLVO: 306232646<br \/>\nVOLVO: 30630556<br \/>\nVOLVO: 30630613<br \/>\nVOLVO: 30638455<br \/>\nVOLVO: 307691860<br \/>\nVOLVO: 30799186<br \/>\nVOLVO: 30850978<br \/>\nVOLVO: 308509785<br \/>\nVOLVO: 31262468<br \/>\nVOLVO: 312624680<br \/>\nVOLVO: 33456781<br \/>\nWAGNER: WBP21861A<br \/>\nWOKING: P705302<br \/>\nWOKING: P705312<br \/>\nZIMMERMANN: 218611701<br \/>\nfri.tech.: 3560<br \/>\nsbs: 223022<br \/>\nsbs: 224815<\/p>","protected":false},"excerpt":{"rendered":"<p>Numer WVA 21860 21861 Numery producenta GDB1314 Numery OE A.B.S.: 36950 A.B.S.: 36950OE ACDelco: AC647381D APEC: PAD934 ASHIKA: 5105507 ATE: 13046028312 ATE: 13046028972 BENDIX: 571941B BENDIX-AU: DB1382 BLUE PRINT: ADC44266 BORG &amp; BECK: BBP1488 BOSCH: 0 986 424 427 BOSCH: 0 986 494 506 BOSCH: 0 986 TB2 298 BOSCH: 0 986 TB2 299 BOSCH: [&hellip;]<\/p>\n","protected":false},"featured_media":17542,"template":"","meta":{"_monsterinsights_skip_tracking":false,"_monsterinsights_sitenote_active":false,"_monsterinsights_sitenote_note":"","_monsterinsights_sitenote_category":0},"product_brand":[],"product_cat":[149],"product_tag":[],"class_list":{"0":"post-7466","1":"product","2":"type-product","3":"status-publish","4":"has-post-thumbnail","6":"product_cat-klocki-hamulcowe","8":"first","9":"outofstock","10":"taxable","11":"shipping-taxable","12":"purchasable","13":"product-type-simple"},"_links":{"self":[{"href":"https:\/\/dev.niezawodneczesci.pl\/sk\/wp-json\/wp\/v2\/product\/7466","targetHints":{"allow":["GET"]}}],"collection":[{"href":"https:\/\/dev.niezawodneczesci.pl\/sk\/wp-json\/wp\/v2\/product"}],"about":[{"href":"https:\/\/dev.niezawodneczesci.pl\/sk\/wp-json\/wp\/v2\/types\/product"}],"version-history":[{"count":2,"href":"https:\/\/dev.niezawodneczesci.pl\/sk\/wp-json\/wp\/v2\/product\/7466\/revisions"}],"predecessor-version":[{"id":25968,"href":"https:\/\/dev.niezawodneczesci.pl\/sk\/wp-json\/wp\/v2\/product\/7466\/revisions\/25968"}],"wp:featuredmedia":[{"embeddable":true,"href":"https:\/\/dev.niezawodneczesci.pl\/sk\/wp-json\/wp\/v2\/media\/17542"}],"wp:attachment":[{"href":"https:\/\/dev.niezawodneczesci.pl\/sk\/wp-json\/wp\/v2\/media?parent=7466"}],"wp:term":[{"taxonomy":"product_brand","embeddable":true,"href":"https:\/\/dev.niezawodneczesci.pl\/sk\/wp-json\/wp\/v2\/product_brand?post=7466"},{"taxonomy":"product_cat","embeddable":true,"href":"https:\/\/dev.niezawodneczesci.pl\/sk\/wp-json\/wp\/v2\/product_cat?post=7466"},{"taxonomy":"product_tag","embeddable":true,"href":"https:\/\/dev.niezawodneczesci.pl\/sk\/wp-json\/wp\/v2\/product_tag?post=7466"}],"curies":[{"name":"wp","href":"https:\/\/api.w.org\/{rel}","templated":true}]}}