{"id":7469,"date":"2021-06-16T11:52:59","date_gmt":"2021-06-16T09:52:59","guid":{"rendered":"https:\/\/niezawodneczesci.pl\/\/?post_type=product&#038;p=7469"},"modified":"2026-04-24T01:04:52","modified_gmt":"2026-04-23T23:04:52","slug":"klocki-hamulcowe-sunrich-ty-sr0254-01-1127","status":"publish","type":"product","link":"https:\/\/dev.niezawodneczesci.pl\/sk\/produkt\/klocki-hamulcowe-sunrich-ty-sr0254-01-1127\/","title":{"rendered":"BRZDOV\u00c9 DESTI\u010cKY SUNRICH ZADN\u00c9 SR0254.01-1127"},"content":{"rendered":"<p>Numer WVA<br \/>\n21840<\/p>\n<p>\u010c\u00edsla v\u00fdrobcov<br \/>\nGDB1127<\/p>\n<p>OE \u010d\u00edsla<br \/>\nA.B.S.: 36781<br \/>\nACDelco: AC482181D<br \/>\nAPEC: PAD794<br \/>\nASHIKA: 5105594<br \/>\nASHIKA: 5105599<br \/>\nASHIKA: 5105599P<br \/>\nATE: 13046059802<br \/>\nATE: 13046059812<br \/>\nBENDIX: 572186B<br \/>\nBENDIX: 572200B<br \/>\nBLUE PRINT: ADC44243<br \/>\nBORG &amp; BECK: BBP1500<br \/>\nBORG &amp; BECK: BBP1582<br \/>\nBOSCH: 0 986 461 145<br \/>\nBOSCH: 0 986 461 768<br \/>\nBOSCH: 0 986 505 913<br \/>\nBOSCH: 0 986 AB2 208<br \/>\nBOSCH: 0 986 AB2 313<br \/>\nBOSCH: 0 986 AB3 892<br \/>\nBOSCH: 0 986 TB2 681<br \/>\nBOSCH: 986461145<br \/>\nBOSCH: 986461768<br \/>\nBOSCH: F 03B 150 003<br \/>\nBREMBO: P54018<br \/>\nBrake ENGINEERING: PA959<br \/>\nDELPHI: LP641<br \/>\nDELPHI: LP954<br \/>\nDELPHI: LP955<br \/>\nE.T.F.: 120574<br \/>\nFERODO: FDB804<br \/>\nFERODO: FSL804<br \/>\nFTE: BL1376A2<br \/>\nFTE: BL1396A2<br \/>\nGIRLING: 6111279<br \/>\nHELLA: 8DB 355 016-471<br \/>\nHELLA: 8DB 355 016-591<br \/>\nHERTH+BUSS JAKOPARTS: J3615003<br \/>\nHERTH+BUSS JAKOPARTS: J3615005<br \/>\nICER: 140980<br \/>\nICER: 180981<br \/>\nJAPANPARTS: PP594AF<br \/>\nJAPANPARTS: PP599AF<br \/>\nJAPANPARTS: PP599P<br \/>\nJURID: 572186J<br \/>\nJURID: 572200J<br \/>\nKAWE: 80859<br \/>\nKAWE: 81049<br \/>\nKBP: BP5510<br \/>\nKBP: BP5513<br \/>\nLEMF\u00d6RDER: 26232<br \/>\nLEMF\u00d6RDER: 26242<br \/>\nLPR: 05P518<br \/>\nMAGNETI MARELLI: 363702160520<br \/>\nMAGNETI MARELLI: 363702160569<br \/>\nMAGNETI MARELLI: 363702160638<br \/>\nMAPCO: 6782<br \/>\nMETELLI: 2201510<br \/>\nMETELLI: 2203980<br \/>\nMETZGER: 029102<br \/>\nMETZGER: 040502<br \/>\nMEYLE: 025 218 4014\/PD<br \/>\nMEYLE: 025 218 4014\/W<br \/>\nMGA: 467<br \/>\nMGA: 468<br \/>\nMINTEX: MDB1481<br \/>\nMINTEX: MDB1646<br \/>\nMINTEX: MDB1693<br \/>\nMITSUBISHI: MB858380<br \/>\nMITSUBISHI: MB858463<br \/>\nMITSUBISHI: MN102623<br \/>\nMITSUBISHI: MR129579<br \/>\nMITSUBISHI: MR205269<br \/>\nMITSUBISHI: MR389571<br \/>\nMITSUBISHI: MR389572<br \/>\nMITSUBISHI: MZ690009<br \/>\nMITSUBISHI: MZ690009EU<br \/>\nMITSUBISHI: MZ690170<br \/>\nMITSUBISHI: MZ690344<br \/>\nMITSUBISHI: X3516004<br \/>\nMK Kashiyama: D 6054M<br \/>\nNECTO: FD6701A<br \/>\nNECTO: FD6736A<br \/>\nNECTO: FD6736N<br \/>\nNIPPARTS: J3615003<br \/>\nNIPPARTS: J3615005<br \/>\nNK: 223019<br \/>\nOPTIMAL: 9594<br \/>\nOPTIMAL: 9792<br \/>\nPAGID: T3019<br \/>\nPAGID: T3031<br \/>\nPEX: 7219<br \/>\nPEX: 7226<br \/>\nQH Benelux: 2667<br \/>\nQH Benelux: 2868<br \/>\nQUINTON HAZELL: BLF260<br \/>\nQUINTON HAZELL: BLF761<br \/>\nQUINTON HAZELL: BP678<br \/>\nQUINTON HAZELL: BP761<br \/>\nRAMEDER: T0610593<br \/>\nRAMEDER: T0610594<br \/>\nREMSA: 003400<br \/>\nREMSA: 040502<br \/>\nREMSA: 3400<br \/>\nREMSA: 40502<br \/>\nROULUNDS RUBBER: 479481<br \/>\nROULUNDS RUBBER: 482181<br \/>\nSCT &#8211; MANNOL: SP202<br \/>\nSPIDAN: 31712<br \/>\nSPIDAN: 31888<br \/>\nTEXTAR: 2170602<br \/>\nTEXTAR: 2184002<br \/>\nTEXTAR: 2184014005<br \/>\nTRISCAN: 811042003<br \/>\nTRUSTING: 1540<br \/>\nTRUSTING: 4130<br \/>\nVALEO: 168202<br \/>\nVALEO: 301519<br \/>\nVALEO: 597180<br \/>\nVALEO: 598144<br \/>\nVALEO: 598519<br \/>\nVALEO: 606502<br \/>\nWAGNER: WBP21840A<br \/>\nWOKING: P134300<br \/>\nWOKING: P505302<br \/>\nZIMMERMANN: 217061551<br \/>\nZIMMERMANN: 218401451<br \/>\nfri.tech.: 1540<br \/>\nfri.tech.: 4130<br \/>\nsbs: 223019<\/p>","protected":false},"excerpt":{"rendered":"<p>Numer WVA 21840 Numery producenta GDB1127 Numery OE A.B.S.: 36781 ACDelco: AC482181D APEC: PAD794 ASHIKA: 5105594 ASHIKA: 5105599 ASHIKA: 5105599P ATE: 13046059802 ATE: 13046059812 BENDIX: 572186B BENDIX: 572200B BLUE PRINT: ADC44243 BORG &amp; BECK: BBP1500 BORG &amp; BECK: BBP1582 BOSCH: 0 986 461 145 BOSCH: 0 986 461 768 BOSCH: 0 986 505 913 BOSCH: [&hellip;]<\/p>\n","protected":false},"featured_media":17492,"template":"","meta":{"_monsterinsights_skip_tracking":false,"_monsterinsights_sitenote_active":false,"_monsterinsights_sitenote_note":"","_monsterinsights_sitenote_category":0},"product_brand":[],"product_cat":[149,447],"product_tag":[],"class_list":{"0":"post-7469","1":"product","2":"type-product","3":"status-publish","4":"has-post-thumbnail","6":"product_cat-klocki-hamulcowe","7":"product_cat-promocja","9":"first","10":"instock","11":"taxable","12":"shipping-taxable","13":"purchasable","14":"product-type-simple"},"_links":{"self":[{"href":"https:\/\/dev.niezawodneczesci.pl\/sk\/wp-json\/wp\/v2\/product\/7469","targetHints":{"allow":["GET"]}}],"collection":[{"href":"https:\/\/dev.niezawodneczesci.pl\/sk\/wp-json\/wp\/v2\/product"}],"about":[{"href":"https:\/\/dev.niezawodneczesci.pl\/sk\/wp-json\/wp\/v2\/types\/product"}],"version-history":[{"count":2,"href":"https:\/\/dev.niezawodneczesci.pl\/sk\/wp-json\/wp\/v2\/product\/7469\/revisions"}],"predecessor-version":[{"id":25967,"href":"https:\/\/dev.niezawodneczesci.pl\/sk\/wp-json\/wp\/v2\/product\/7469\/revisions\/25967"}],"wp:featuredmedia":[{"embeddable":true,"href":"https:\/\/dev.niezawodneczesci.pl\/sk\/wp-json\/wp\/v2\/media\/17492"}],"wp:attachment":[{"href":"https:\/\/dev.niezawodneczesci.pl\/sk\/wp-json\/wp\/v2\/media?parent=7469"}],"wp:term":[{"taxonomy":"product_brand","embeddable":true,"href":"https:\/\/dev.niezawodneczesci.pl\/sk\/wp-json\/wp\/v2\/product_brand?post=7469"},{"taxonomy":"product_cat","embeddable":true,"href":"https:\/\/dev.niezawodneczesci.pl\/sk\/wp-json\/wp\/v2\/product_cat?post=7469"},{"taxonomy":"product_tag","embeddable":true,"href":"https:\/\/dev.niezawodneczesci.pl\/sk\/wp-json\/wp\/v2\/product_tag?post=7469"}],"curies":[{"name":"wp","href":"https:\/\/api.w.org\/{rel}","templated":true}]}}