{"id":7472,"date":"2021-06-16T11:53:00","date_gmt":"2021-06-16T09:53:00","guid":{"rendered":"https:\/\/niezawodneczesci.pl\/\/?post_type=product&#038;p=7472"},"modified":"2026-04-24T01:04:54","modified_gmt":"2026-04-23T23:04:54","slug":"klocki-hamulcowe-sunrich-ty-sr0078-01-1399","status":"publish","type":"product","link":"https:\/\/dev.niezawodneczesci.pl\/sk\/produkt\/klocki-hamulcowe-sunrich-ty-sr0078-01-1399\/","title":{"rendered":"BRZDOV\u00c9 DESTI\u010cKY SUNRICH ZADN\u00c9 SR0078.01-1399"},"content":{"rendered":"<p>Numer WVA<br \/>\n23021<\/p>\n<p>\u010c\u00edsla v\u00fdrobcov<br \/>\nGDB1399<\/p>\n<p>OE \u010d\u00edsla<br \/>\nA.B.S.: 37124<br \/>\nA.B.S.: 37124OE<br \/>\nABEX: AVR117<br \/>\nACDelco: AC679781D<br \/>\nAISIN: BPMB-2020<br \/>\nAPEC: PAD1104<br \/>\nATE: 13046039902<br \/>\nAUTOMEGA: 3069804512D0B<br \/>\nBENDIX: 571950B<br \/>\nBENDIX: DB1961<br \/>\nBENDIX-AU: DB1961<br \/>\nBERAL: 2302118604048014<br \/>\nBLUE PRINT: ADU174225<br \/>\nBORG &amp; BECK: BBP1667<br \/>\nBOSCH: 0 986 424 516<br \/>\nBOSCH: 0 986 TB2 046<br \/>\nBOSCH: 0204204174<br \/>\nBREMBO: P50020<br \/>\nBREMBO: P50020N<br \/>\nBrake ENGINEERING: PA1183<br \/>\nDELPHI: LP1437<br \/>\nE.T.F.: 120845<br \/>\nE.T.F.: 120880<br \/>\nFEBI BILSTEIN: 16450<br \/>\nFERODO: FDB1306<br \/>\nFERODO: FSL1306<br \/>\nFERODO: FVR1306<br \/>\nFIRST LINE: FBP3294<br \/>\nFTE: BL1741A2<br \/>\nGALFER: B1G10205832<br \/>\nHELLA: 8DB 355 008-651<br \/>\nHELLA: 8DB 355 031-471<br \/>\nHELLA PAGID: 8DB 355 008-651<br \/>\nHELLA PAGID: 8DB 355 031-471<br \/>\nHERZOG GERMANY: 887124<br \/>\nICER: 141289<br \/>\nJURID: 571950J<br \/>\nJURID: 571950JAS<br \/>\nKAWE: 81400<br \/>\nLEMF\u00d6RDER: 26271 01<br \/>\nLPR: 05P956<br \/>\nLUCAS: LBP1494<br \/>\nMAGNETI MARELLI: 363702161264<br \/>\nMAPCO: 6040<br \/>\nMERCEDES-BENZ: 000 420 97 20<br \/>\nMERCEDES-BENZ: 003 420 24 20<br \/>\nMERCEDES-BENZ: 004 420 25 20<br \/>\nMERCEDES-BENZ: 008 420 43 20<br \/>\nMERCEDES-BENZ: 008 420 44 20<br \/>\nMERCEDES-BENZ: 910 420 73 00<br \/>\nMERCEDES-BENZ: A 000 420 97 20<br \/>\nMERCEDES-BENZ: A 003 420 24 20<br \/>\nMERCEDES-BENZ: A 004 420 25 20<br \/>\nMERCEDES-BENZ: A 008 420 43 20<br \/>\nMERCEDES-BENZ: A 008 420 44 20<br \/>\nMERCEDES-BENZ: A 910 420 73 00<br \/>\nMETELLI: 2205720<br \/>\nMETZGER: 073300<br \/>\nMEYLE: 025 230 2118<br \/>\nMEYLE: 025 230 2118\/PD<br \/>\nMINTEX: MDB1997<br \/>\nMINTEX: MDK0136<br \/>\nNECTO: FD6784N<br \/>\nNECTO: FD6784V<br \/>\nNK: 223338<br \/>\nOPTIMAL: 10403<br \/>\nPAGID: T1170<br \/>\nPEX: 7510<br \/>\nPEX: 7510S<br \/>\nQH Benelux: 7301<br \/>\nQUINTON HAZELL: 873300<br \/>\nQUINTON HAZELL: 873301<br \/>\nQUINTON HAZELL: BP1246<br \/>\nRAMEDER: T0610836<br \/>\nREMSA: 073300<br \/>\nREMSA: 73300<br \/>\nREMSA: 873300<br \/>\nREMSA: 873301<br \/>\nROADHOUSE: 873300<br \/>\nROADHOUSE: 873301<br \/>\nROULUNDS RUBBER: 679781<br \/>\nRUVILLE: D00013270<br \/>\nSCT &#8211; MANNOL: SP233<br \/>\nSPIDAN: 32632<br \/>\nST-TEMPLIN: 031208700190<br \/>\nSWAG: 30916450<br \/>\nTEXTAR: 2302101<br \/>\nTEXTAR: 2302118904<br \/>\nTEXTAR: 2302170<br \/>\nTOPRAN: 109471<br \/>\nTRISCAN: 811010515<br \/>\nTRUCKTEC AUTOMOTIVE: 0235086<br \/>\nTRUSTING: 5880<br \/>\nVAICO: V308154<br \/>\nVALEO: 301300<br \/>\nVALEO: 598300<br \/>\nVALEO: 872021<br \/>\nVW: 2D0 698 451 B<br \/>\nWAGNER: WBP23021A<br \/>\nZIMMERMANN: 230211901<br \/>\nZIMMERMANN: 230211902<br \/>\nfri.tech.: 5880<br \/>\nsbs: 1501223338<br \/>\nsbs: 223338<\/p>","protected":false},"excerpt":{"rendered":"<p>Numer WVA 23021 Numery producenta GDB1399 Numery OE A.B.S.: 37124 A.B.S.: 37124OE ABEX: AVR117 ACDelco: AC679781D AISIN: BPMB-2020 APEC: PAD1104 ATE: 13046039902 AUTOMEGA: 3069804512D0B BENDIX: 571950B BENDIX: DB1961 BENDIX-AU: DB1961 BERAL: 2302118604048014 BLUE PRINT: ADU174225 BORG &amp; BECK: BBP1667 BOSCH: 0 986 424 516 BOSCH: 0 986 TB2 046 BOSCH: 0204204174 BREMBO: P50020 BREMBO: P50020N [&hellip;]<\/p>\n","protected":false},"featured_media":17331,"template":"","meta":{"_monsterinsights_skip_tracking":false,"_monsterinsights_sitenote_active":false,"_monsterinsights_sitenote_note":"","_monsterinsights_sitenote_category":0},"product_brand":[],"product_cat":[149],"product_tag":[],"class_list":{"0":"post-7472","1":"product","2":"type-product","3":"status-publish","4":"has-post-thumbnail","6":"product_cat-klocki-hamulcowe","8":"first","9":"instock","10":"taxable","11":"shipping-taxable","12":"purchasable","13":"product-type-simple"},"_links":{"self":[{"href":"https:\/\/dev.niezawodneczesci.pl\/sk\/wp-json\/wp\/v2\/product\/7472","targetHints":{"allow":["GET"]}}],"collection":[{"href":"https:\/\/dev.niezawodneczesci.pl\/sk\/wp-json\/wp\/v2\/product"}],"about":[{"href":"https:\/\/dev.niezawodneczesci.pl\/sk\/wp-json\/wp\/v2\/types\/product"}],"version-history":[{"count":2,"href":"https:\/\/dev.niezawodneczesci.pl\/sk\/wp-json\/wp\/v2\/product\/7472\/revisions"}],"predecessor-version":[{"id":25962,"href":"https:\/\/dev.niezawodneczesci.pl\/sk\/wp-json\/wp\/v2\/product\/7472\/revisions\/25962"}],"wp:featuredmedia":[{"embeddable":true,"href":"https:\/\/dev.niezawodneczesci.pl\/sk\/wp-json\/wp\/v2\/media\/17331"}],"wp:attachment":[{"href":"https:\/\/dev.niezawodneczesci.pl\/sk\/wp-json\/wp\/v2\/media?parent=7472"}],"wp:term":[{"taxonomy":"product_brand","embeddable":true,"href":"https:\/\/dev.niezawodneczesci.pl\/sk\/wp-json\/wp\/v2\/product_brand?post=7472"},{"taxonomy":"product_cat","embeddable":true,"href":"https:\/\/dev.niezawodneczesci.pl\/sk\/wp-json\/wp\/v2\/product_cat?post=7472"},{"taxonomy":"product_tag","embeddable":true,"href":"https:\/\/dev.niezawodneczesci.pl\/sk\/wp-json\/wp\/v2\/product_tag?post=7472"}],"curies":[{"name":"wp","href":"https:\/\/api.w.org\/{rel}","templated":true}]}}