{"id":7474,"date":"2021-06-16T11:53:00","date_gmt":"2021-06-16T09:53:00","guid":{"rendered":"https:\/\/niezawodneczesci.pl\/\/?post_type=product&#038;p=7474"},"modified":"2026-04-24T01:04:43","modified_gmt":"2026-04-23T23:04:43","slug":"klocki-hamulcowe-sunrich-sr1001-01-1959","status":"publish","type":"product","link":"https:\/\/dev.niezawodneczesci.pl\/sk\/produkt\/klocki-hamulcowe-sunrich-sr1001-01-1959\/","title":{"rendered":"BRZDOV\u00c9 DESTI\u010cKY SUNRICH SR1001.01-1959"},"content":{"rendered":"<p>Numer WVA<br \/>\n25134,<br \/>\n25135<\/p>\n<p>\u010c\u00edsla v\u00fdrobcov<br \/>\nGDB1959<\/p>\n<p>OE \u010d\u00edsla<br \/>\nAISIN: BPFO-1020<br \/>\nATE: 13046027842<br \/>\nATE: 13047027842<br \/>\nBENDIX-AU: DB2382<br \/>\nBORG &amp; BECK: BBP2379<br \/>\nBOSCH: 0 986 TB3 199<br \/>\nBREMBO: P24151<br \/>\nBREMBO: P24151N<br \/>\nBrake ENGINEERING: PA1983<br \/>\nDELPHI: LP2474<br \/>\nFEBI BILSTEIN: 16915<br \/>\nFEBI BILSTEIN: 16940<br \/>\nFERODO: FDB4612<br \/>\nFERODO: FSL4612<br \/>\nFORD: 1751951<br \/>\nFORD: 1765066<br \/>\nFORD: 1775672<br \/>\nFORD: 1785193<br \/>\nFORD: 1860476<br \/>\nFORD: AY11-2K021-BA<br \/>\nFORD: AY11-2K021-BB<br \/>\nFORD: AY11-2K021-BC<br \/>\nFORD: AY11-2K021-BD<br \/>\nFTE: BL2754A1<br \/>\nGIRLING: 6119593<br \/>\nHELLA: 8DB 355 020-621<br \/>\nHELLA PAGID: 8DB 355 020-621<br \/>\nICER: 182108<br \/>\nICER: 182108203<br \/>\nJURID: 573363J<br \/>\nJURID: 573363JC<br \/>\nLPR: 05P1856<br \/>\nLUCAS: LBP2054<br \/>\nMETELLI: 22-0976-0<br \/>\nMEYLE: 025 251 3417\/PD<br \/>\nMEYLE: 0252513417<br \/>\nMINTEX: MDB3322<br \/>\nNK: 222579<br \/>\nOPTIMAL: 12632<br \/>\nOPTIMAL: BP-12632<br \/>\nPAGID: T2223<br \/>\nREMSA: 151400<br \/>\nREMY: RAP1149<br \/>\nROADHOUSE: 2151400<br \/>\nSWAG: 50 91 6915<br \/>\nSWAG: 50 91 6940<br \/>\nTEXTAR: 2513402<br \/>\nTRISCAN: 811016027<br \/>\nTRUSTING: 9920<br \/>\nVALEO: 601364<br \/>\nWAGNER: WBP80017A<br \/>\nWOKING: P1414300<br \/>\nZIMMERMANN: 251341701<br \/>\nZIMMERMANN: 251341702<br \/>\nfri.tech.: 9920<\/p>","protected":false},"excerpt":{"rendered":"<p>Numer WVA 25134, 25135 Numery producenta GDB1959 Numery OE AISIN: BPFO-1020 ATE: 13046027842 ATE: 13047027842 BENDIX-AU: DB2382 BORG &amp; BECK: BBP2379 BOSCH: 0 986 TB3 199 BREMBO: P24151 BREMBO: P24151N Brake ENGINEERING: PA1983 DELPHI: LP2474 FEBI BILSTEIN: 16915 FEBI BILSTEIN: 16940 FERODO: FDB4612 FERODO: FSL4612 FORD: 1751951 FORD: 1765066 FORD: 1775672 FORD: 1785193 FORD: 1860476 [&hellip;]<\/p>\n","protected":false},"featured_media":18826,"template":"","meta":{"_monsterinsights_skip_tracking":false,"_monsterinsights_sitenote_active":false,"_monsterinsights_sitenote_note":"","_monsterinsights_sitenote_category":0},"product_brand":[],"product_cat":[149],"product_tag":[],"class_list":{"0":"post-7474","1":"product","2":"type-product","3":"status-publish","4":"has-post-thumbnail","6":"product_cat-klocki-hamulcowe","8":"first","9":"instock","10":"taxable","11":"shipping-taxable","12":"purchasable","13":"product-type-simple"},"_links":{"self":[{"href":"https:\/\/dev.niezawodneczesci.pl\/sk\/wp-json\/wp\/v2\/product\/7474","targetHints":{"allow":["GET"]}}],"collection":[{"href":"https:\/\/dev.niezawodneczesci.pl\/sk\/wp-json\/wp\/v2\/product"}],"about":[{"href":"https:\/\/dev.niezawodneczesci.pl\/sk\/wp-json\/wp\/v2\/types\/product"}],"version-history":[{"count":1,"href":"https:\/\/dev.niezawodneczesci.pl\/sk\/wp-json\/wp\/v2\/product\/7474\/revisions"}],"predecessor-version":[{"id":25961,"href":"https:\/\/dev.niezawodneczesci.pl\/sk\/wp-json\/wp\/v2\/product\/7474\/revisions\/25961"}],"wp:featuredmedia":[{"embeddable":true,"href":"https:\/\/dev.niezawodneczesci.pl\/sk\/wp-json\/wp\/v2\/media\/18826"}],"wp:attachment":[{"href":"https:\/\/dev.niezawodneczesci.pl\/sk\/wp-json\/wp\/v2\/media?parent=7474"}],"wp:term":[{"taxonomy":"product_brand","embeddable":true,"href":"https:\/\/dev.niezawodneczesci.pl\/sk\/wp-json\/wp\/v2\/product_brand?post=7474"},{"taxonomy":"product_cat","embeddable":true,"href":"https:\/\/dev.niezawodneczesci.pl\/sk\/wp-json\/wp\/v2\/product_cat?post=7474"},{"taxonomy":"product_tag","embeddable":true,"href":"https:\/\/dev.niezawodneczesci.pl\/sk\/wp-json\/wp\/v2\/product_tag?post=7474"}],"curies":[{"name":"wp","href":"https:\/\/api.w.org\/{rel}","templated":true}]}}