{"id":7490,"date":"2021-06-16T11:53:03","date_gmt":"2021-06-16T09:53:03","guid":{"rendered":"https:\/\/niezawodneczesci.pl\/\/?post_type=product&#038;p=7490"},"modified":"2026-04-28T12:07:01","modified_gmt":"2026-04-28T10:07:01","slug":"klocki-hamulcowe-sunrich-sr0775-02-1282","status":"publish","type":"product","link":"https:\/\/dev.niezawodneczesci.pl\/sk\/produkt\/klocki-hamulcowe-sunrich-sr0775-02-1282\/","title":{"rendered":"BRZDOV\u00c9 DESTI\u010cKY SUNRICH SR0775.02-1282"},"content":{"rendered":"<p>Numer WVA<br \/>\n21883<br \/>\n21884<\/p>\n<p>\u010c\u00edsla v\u00fdrobcov<br \/>\nGDB1282<\/p>\n<p>OE \u010d\u00edsla<br \/>\nA.B.S.: 36986<br \/>\nA.B.S.: 36986OE<br \/>\nA.B.S.: P85047<br \/>\nACDelco: AC647781D<br \/>\nAKEBONO: AN-4041K<br \/>\nAKEBONO: AN-4041KE<br \/>\nAKRON-MAL\u00d2: 1050374<br \/>\nAPEC: PAD954<br \/>\nATE: 13046071022<br \/>\nAUDI: 7D0 698 151<br \/>\nBENDIX: 571934B<br \/>\nBORG &amp; BECK: BBP1384<br \/>\nBOSCH: 0 986 424 402<br \/>\nBOSCH: 0 986 494 008<br \/>\nBOSCH: 0 986 TB2 038<br \/>\nBOSCH: 986424402<br \/>\nBOSCH: F 026 000 003<br \/>\nBREMBO: P85047<br \/>\nBREMBO: P85047N<br \/>\nBrake ENGINEERING: PA1163<br \/>\nDELPHI: LP1092<br \/>\nDON: PCP1649<br \/>\nE.T.F.: 120723<br \/>\nFEBI BILSTEIN: 16306<br \/>\nFERODO: FDB1163<br \/>\nFERODO: FSL1163<br \/>\nFERODO: FVR1163<br \/>\nFERODO: TAR1163<br \/>\nFIRST LINE: FBP1653<br \/>\nFREMAX: FBP-1061<br \/>\nFTE: BL1476A1<br \/>\nGALFER: B1G10204192<br \/>\nGIRLING: 6112822<br \/>\nHELLA: 8DB 355 008-011<br \/>\nHELLA PAGID: 8DB 355 008-011<br \/>\nICER: 141166<br \/>\nJP GROUP: 698355001<br \/>\nJP GROUP: 698355001ALT<br \/>\nJURID: 571934J<br \/>\nKAWE: 0618 00<br \/>\nKAWE: 81167<br \/>\nLEMF\u00d6RDER: 24850 03<br \/>\nLPR: 05P645<br \/>\nMAGNETI MARELLI: 323700023500<br \/>\nMAGNETI MARELLI: 363700201107<br \/>\nMAGNETI MARELLI: 363700485047<br \/>\nMAGNETI MARELLI: 363702160419<br \/>\nMAGNETI MARELLI: 363710201107<br \/>\nMAGNETI MARELLI: 363802160413<br \/>\nMAGNETI MARELLI: 363916060418<br \/>\nMAPCO: 6467<br \/>\nMAPCO: 6550<br \/>\nMETELLI: 2202630<br \/>\nMETZGER: 1170218<br \/>\nMEYLE: 025 218 8319<br \/>\nMEYLE: 025 218 8319\/PD<br \/>\nMGA: 448<br \/>\nMGA: 457<br \/>\nMINTEX: MDB1814<br \/>\nNECTO: FD6759N<br \/>\nNECTO: FD6759V<br \/>\nNK: 224736<br \/>\nOPEN PARTS: BPA0618.00<br \/>\nOPTIMAL: 10137<br \/>\nOPTIMAL: BP-10137<br \/>\nPAGID: T1107<br \/>\nPAGID: T1107ECO<br \/>\nPEX: 7459<br \/>\nQH Benelux: 7015<br \/>\nQUINTON HAZELL: BLF1059<br \/>\nQUINTON HAZELL: BP974<br \/>\nRAICAM: RA.0669.0<br \/>\nRAMEDER: T0600079<br \/>\nRAMEDER: T0600099<br \/>\nRAMEDER: T0610831<br \/>\nREMSA: 061800<br \/>\nREMSA: 61800<br \/>\nROADHOUSE: 2618.00<br \/>\nROULUNDS RUBBER: 647781<br \/>\nSCT &#8211; MANNOL: SP286<br \/>\nSPIDAN: 32800<br \/>\nSWAG: 30916306<br \/>\nTEXTAR: 2188302<br \/>\nTEXTAR: 2188319605<br \/>\nTOPRAN: 109462<br \/>\nTRISCAN: 811029013<br \/>\nTRUSTING: 2720<br \/>\nVAICO: V108116<br \/>\nVAICO: V1081161<br \/>\nVALEO: 301675<br \/>\nVALEO: 598675<br \/>\nVW: 7D0 698 151<br \/>\nVW: 7D0 698 151 E<br \/>\nWAGNER: WBP21883B<br \/>\nWOKING: P718300<br \/>\nZIMMERMANN: 218831951<br \/>\nfri.tech.: 2720<br \/>\nsbs: 1501224736<br \/>\nsbs: 224736<\/p>","protected":false},"excerpt":{"rendered":"<p>Numer WVA 21883 21884 Numery producenta GDB1282 Numery OE A.B.S.: 36986 A.B.S.: 36986OE A.B.S.: P85047 ACDelco: AC647781D AKEBONO: AN-4041K AKEBONO: AN-4041KE AKRON-MAL\u00d2: 1050374 APEC: PAD954 ATE: 13046071022 AUDI: 7D0 698 151 BENDIX: 571934B BORG &amp; BECK: BBP1384 BOSCH: 0 986 424 402 BOSCH: 0 986 494 008 BOSCH: 0 986 TB2 038 BOSCH: 986424402 BOSCH: [&hellip;]<\/p>\n","protected":false},"featured_media":14208,"template":"","meta":{"_monsterinsights_skip_tracking":false,"_monsterinsights_sitenote_active":false,"_monsterinsights_sitenote_note":"","_monsterinsights_sitenote_category":0},"product_brand":[],"product_cat":[149],"product_tag":[],"class_list":{"0":"post-7490","1":"product","2":"type-product","3":"status-publish","4":"has-post-thumbnail","6":"product_cat-klocki-hamulcowe","8":"first","9":"instock","10":"taxable","11":"shipping-taxable","12":"product-type-simple"},"_links":{"self":[{"href":"https:\/\/dev.niezawodneczesci.pl\/sk\/wp-json\/wp\/v2\/product\/7490","targetHints":{"allow":["GET"]}}],"collection":[{"href":"https:\/\/dev.niezawodneczesci.pl\/sk\/wp-json\/wp\/v2\/product"}],"about":[{"href":"https:\/\/dev.niezawodneczesci.pl\/sk\/wp-json\/wp\/v2\/types\/product"}],"version-history":[{"count":1,"href":"https:\/\/dev.niezawodneczesci.pl\/sk\/wp-json\/wp\/v2\/product\/7490\/revisions"}],"predecessor-version":[{"id":25949,"href":"https:\/\/dev.niezawodneczesci.pl\/sk\/wp-json\/wp\/v2\/product\/7490\/revisions\/25949"}],"wp:featuredmedia":[{"embeddable":true,"href":"https:\/\/dev.niezawodneczesci.pl\/sk\/wp-json\/wp\/v2\/media\/14208"}],"wp:attachment":[{"href":"https:\/\/dev.niezawodneczesci.pl\/sk\/wp-json\/wp\/v2\/media?parent=7490"}],"wp:term":[{"taxonomy":"product_brand","embeddable":true,"href":"https:\/\/dev.niezawodneczesci.pl\/sk\/wp-json\/wp\/v2\/product_brand?post=7490"},{"taxonomy":"product_cat","embeddable":true,"href":"https:\/\/dev.niezawodneczesci.pl\/sk\/wp-json\/wp\/v2\/product_cat?post=7490"},{"taxonomy":"product_tag","embeddable":true,"href":"https:\/\/dev.niezawodneczesci.pl\/sk\/wp-json\/wp\/v2\/product_tag?post=7490"}],"curies":[{"name":"wp","href":"https:\/\/api.w.org\/{rel}","templated":true}]}}