{"id":7496,"date":"2021-06-16T11:53:04","date_gmt":"2021-06-16T09:53:04","guid":{"rendered":"https:\/\/niezawodneczesci.pl\/\/?post_type=product&#038;p=7496"},"modified":"2026-04-28T12:07:01","modified_gmt":"2026-04-28T10:07:01","slug":"klocki-hamulcowe-sunrich-sr0724-01-2009","status":"publish","type":"product","link":"https:\/\/dev.niezawodneczesci.pl\/sk\/produkt\/klocki-hamulcowe-sunrich-sr0724-01-2009\/","title":{"rendered":"BRZDOV\u00c9 DESTI\u010cKY SUNRICH SR0724.01-2009"},"content":{"rendered":"<p>Numer WVA<br \/>\n25555<br \/>\n25736<br \/>\n25737<\/p>\n<p>\u010c\u00edsla v\u00fdrobcov<br \/>\nGDB2009<\/p>\n<p>OE \u010d\u00edsla<br \/>\nA.B.S.: 37996<br \/>\nABE: C1G065ABE<br \/>\nAKRON-MAL\u00d2: 1051121<br \/>\nAPEC: PAD1949<br \/>\nBENDIX: 573460B<br \/>\nBORG &amp; BECK: BBP2443<br \/>\nBOSCH: 0 986 TB3 207<br \/>\nBREMBO: P24157<br \/>\nCOMLINE: CBP02196<br \/>\nDELPHI: LP2495<br \/>\nFERODO: FDB4416<br \/>\nFORD: 1775091<br \/>\nFORD: 2005900<br \/>\nFORD: 5181461<br \/>\nFORD: BV61-2K021-AC<br \/>\nFORD: CV61-2001-CB<br \/>\nFORD: CV61-2001-CC<br \/>\nFREMAX: FBP1896<br \/>\nFTE: BL2773A1<br \/>\nGIRLING: 6120092<br \/>\nHELLA: 8DB 355 020-831<br \/>\nICER: 182134<br \/>\nJURID: 573460J<br \/>\nKAWE: 151010<br \/>\nLPR: 05P1879<br \/>\nMETZGER: 1170689<br \/>\nMEYLE: 025 257 3618<br \/>\nMINTEX: MDB3364<br \/>\nNK: 222580<br \/>\nOPTIMAL: 12622<br \/>\nPAGID: T2262<br \/>\nREMSA: 151010<br \/>\nROADHOUSE: 2151010<br \/>\nTEXTAR: 2372301<br \/>\nTEXTAR: 2372304<br \/>\nTEXTAR: 2372381<br \/>\nTEXTAR: 2555501<br \/>\nTEXTAR: 2573601<br \/>\nTRISCAN: 811016029<br \/>\nVALEO: 601373<br \/>\nWOKING: P1410310<br \/>\nZIMMERMANN: 257361801<br \/>\nsbs: 1501222580<\/p>","protected":false},"excerpt":{"rendered":"<p>Numer WVA 25555 25736 25737 Numery producenta GDB2009 Numery OE A.B.S.: 37996 ABE: C1G065ABE AKRON-MAL\u00d2: 1051121 APEC: PAD1949 BENDIX: 573460B BORG &amp; BECK: BBP2443 BOSCH: 0 986 TB3 207 BREMBO: P24157 COMLINE: CBP02196 DELPHI: LP2495 FERODO: FDB4416 FORD: 1775091 FORD: 2005900 FORD: 5181461 FORD: BV61-2K021-AC FORD: CV61-2001-CB FORD: CV61-2001-CC FREMAX: FBP1896 FTE: BL2773A1 GIRLING: 6120092 [&hellip;]<\/p>\n","protected":false},"featured_media":18612,"template":"","meta":{"_monsterinsights_skip_tracking":false,"_monsterinsights_sitenote_active":false,"_monsterinsights_sitenote_note":"","_monsterinsights_sitenote_category":0},"product_brand":[],"product_cat":[149],"product_tag":[],"class_list":{"0":"post-7496","1":"product","2":"type-product","3":"status-publish","4":"has-post-thumbnail","6":"product_cat-klocki-hamulcowe","8":"first","9":"instock","10":"taxable","11":"shipping-taxable","12":"product-type-simple"},"_links":{"self":[{"href":"https:\/\/dev.niezawodneczesci.pl\/sk\/wp-json\/wp\/v2\/product\/7496","targetHints":{"allow":["GET"]}}],"collection":[{"href":"https:\/\/dev.niezawodneczesci.pl\/sk\/wp-json\/wp\/v2\/product"}],"about":[{"href":"https:\/\/dev.niezawodneczesci.pl\/sk\/wp-json\/wp\/v2\/types\/product"}],"version-history":[{"count":1,"href":"https:\/\/dev.niezawodneczesci.pl\/sk\/wp-json\/wp\/v2\/product\/7496\/revisions"}],"predecessor-version":[{"id":25943,"href":"https:\/\/dev.niezawodneczesci.pl\/sk\/wp-json\/wp\/v2\/product\/7496\/revisions\/25943"}],"wp:featuredmedia":[{"embeddable":true,"href":"https:\/\/dev.niezawodneczesci.pl\/sk\/wp-json\/wp\/v2\/media\/18612"}],"wp:attachment":[{"href":"https:\/\/dev.niezawodneczesci.pl\/sk\/wp-json\/wp\/v2\/media?parent=7496"}],"wp:term":[{"taxonomy":"product_brand","embeddable":true,"href":"https:\/\/dev.niezawodneczesci.pl\/sk\/wp-json\/wp\/v2\/product_brand?post=7496"},{"taxonomy":"product_cat","embeddable":true,"href":"https:\/\/dev.niezawodneczesci.pl\/sk\/wp-json\/wp\/v2\/product_cat?post=7496"},{"taxonomy":"product_tag","embeddable":true,"href":"https:\/\/dev.niezawodneczesci.pl\/sk\/wp-json\/wp\/v2\/product_tag?post=7496"}],"curies":[{"name":"wp","href":"https:\/\/api.w.org\/{rel}","templated":true}]}}