{"id":7500,"date":"2021-06-16T11:53:07","date_gmt":"2021-06-16T09:53:07","guid":{"rendered":"https:\/\/niezawodneczesci.pl\/\/?post_type=product&#038;p=7500"},"modified":"2026-04-28T12:07:01","modified_gmt":"2026-04-28T10:07:01","slug":"klocki-hamulcowe-sunrich-sr0654-02-1715","status":"publish","type":"product","link":"https:\/\/dev.niezawodneczesci.pl\/sk\/produkt\/klocki-hamulcowe-sunrich-sr0654-02-1715\/","title":{"rendered":"BRZDOV\u00c9 DESTI\u010cKY SUNRICH SR0654.02-1715"},"content":{"rendered":"<p>Numer WVA<br \/>\n24510<\/p>\n<p>\u010c\u00edsla v\u00fdrobcov<br \/>\nGDB1715<\/p>\n<p>OE \u010d\u00edsla<br \/>\nAPEC: PAD1574<br \/>\nATE: 13046057852<br \/>\nBENDIX: 572570B<br \/>\nBENDIX: DB1850<br \/>\nBENDIX-AU: DB1850<br \/>\nBLUE PRINT: ADG04285<br \/>\nBORG &amp; BECK: BBP2040<br \/>\nBOSCH: 0 986 494 250<br \/>\nBOSCH: 0 986 AB1 274<br \/>\nBOSCH: 0 986 AB1 469<br \/>\nBOSCH: 0 986 AB3 754<br \/>\nBOSCH: 0 986 TB3 017<br \/>\nBREMBO: P10003<br \/>\nBREMBO: P10003N<br \/>\nBrake ENGINEERING: PA1733<br \/>\nCHEVROLET: 19149903<br \/>\nCHEVROLET: 19168899<br \/>\nCHEVROLET: 20789468<br \/>\nCHEVROLET: 22850989<br \/>\nCHEVROLET: 48 08 861<br \/>\nCHEVROLET: 48 17 764<br \/>\nCHEVROLET: 48 20 834<br \/>\nCHEVROLET: 96626069<br \/>\nCHEVROLET: 96626070<br \/>\nDELPHI: LP1987<br \/>\nFEBI BILSTEIN: 16632<br \/>\nFERODO: FDB1934<br \/>\nFERODO: FDB1934-D<br \/>\nFERODO: FSL1934<br \/>\nFTE: BL2053A2<br \/>\nGIRLING: 6117159<br \/>\nHELLA: 8DB 355 013-121<br \/>\nHERTH+BUSS JAKOPARTS: J3600915<br \/>\nICER: 181798<br \/>\nJURID: 572570J<br \/>\nJURID: 572570JC<br \/>\nLPR: 05P1322<br \/>\nMAGNETI MARELLI: 363702161496<br \/>\nMAGNETI MARELLI: 363916061055<br \/>\nMETELLI: 2207780<br \/>\nMETZGER: 126112<br \/>\nMEYLE: 025 245 1016\/W<br \/>\nMINTEX: MDB2872<br \/>\nNK: 223638<br \/>\nOPEL: 20789468<br \/>\nOPEL: 22850989<br \/>\nOPEL: 48 08 861<br \/>\nOPEL: 48 17 764<br \/>\nOPEL: 48 20 834<br \/>\nOPEL: 96626070<br \/>\nPAGID: T1676<br \/>\nPEX: 7919S<br \/>\nREMSA: 126112<br \/>\nRUVILLE: D12648381<br \/>\nSWAG: 89916632<br \/>\nTEXTAR: 2451001<br \/>\nTEXTAR: 2451003<br \/>\nTRISCAN: 811024031<br \/>\nTRUSTING: 7940<br \/>\nVALEO: 301942<br \/>\nVALEO: 598942<br \/>\nVALEO: 604040<br \/>\nVALEO: 606453<br \/>\nWAGNER: WBP24510A<br \/>\nZIMMERMANN: 245101701<\/p>","protected":false},"excerpt":{"rendered":"<p>Numer WVA 24510 Numery producenta GDB1715 Numery OE APEC: PAD1574 ATE: 13046057852 BENDIX: 572570B BENDIX: DB1850 BENDIX-AU: DB1850 BLUE PRINT: ADG04285 BORG &amp; BECK: BBP2040 BOSCH: 0 986 494 250 BOSCH: 0 986 AB1 274 BOSCH: 0 986 AB1 469 BOSCH: 0 986 AB3 754 BOSCH: 0 986 TB3 017 BREMBO: P10003 BREMBO: P10003N Brake [&hellip;]<\/p>\n","protected":false},"featured_media":18593,"template":"","meta":{"_monsterinsights_skip_tracking":false,"_monsterinsights_sitenote_active":false,"_monsterinsights_sitenote_note":"","_monsterinsights_sitenote_category":0},"product_brand":[],"product_cat":[149],"product_tag":[],"class_list":{"0":"post-7500","1":"product","2":"type-product","3":"status-publish","4":"has-post-thumbnail","6":"product_cat-klocki-hamulcowe","8":"first","9":"instock","10":"taxable","11":"shipping-taxable","12":"product-type-simple"},"_links":{"self":[{"href":"https:\/\/dev.niezawodneczesci.pl\/sk\/wp-json\/wp\/v2\/product\/7500","targetHints":{"allow":["GET"]}}],"collection":[{"href":"https:\/\/dev.niezawodneczesci.pl\/sk\/wp-json\/wp\/v2\/product"}],"about":[{"href":"https:\/\/dev.niezawodneczesci.pl\/sk\/wp-json\/wp\/v2\/types\/product"}],"version-history":[{"count":1,"href":"https:\/\/dev.niezawodneczesci.pl\/sk\/wp-json\/wp\/v2\/product\/7500\/revisions"}],"predecessor-version":[{"id":25937,"href":"https:\/\/dev.niezawodneczesci.pl\/sk\/wp-json\/wp\/v2\/product\/7500\/revisions\/25937"}],"wp:featuredmedia":[{"embeddable":true,"href":"https:\/\/dev.niezawodneczesci.pl\/sk\/wp-json\/wp\/v2\/media\/18593"}],"wp:attachment":[{"href":"https:\/\/dev.niezawodneczesci.pl\/sk\/wp-json\/wp\/v2\/media?parent=7500"}],"wp:term":[{"taxonomy":"product_brand","embeddable":true,"href":"https:\/\/dev.niezawodneczesci.pl\/sk\/wp-json\/wp\/v2\/product_brand?post=7500"},{"taxonomy":"product_cat","embeddable":true,"href":"https:\/\/dev.niezawodneczesci.pl\/sk\/wp-json\/wp\/v2\/product_cat?post=7500"},{"taxonomy":"product_tag","embeddable":true,"href":"https:\/\/dev.niezawodneczesci.pl\/sk\/wp-json\/wp\/v2\/product_tag?post=7500"}],"curies":[{"name":"wp","href":"https:\/\/api.w.org\/{rel}","templated":true}]}}