{"id":7508,"date":"2021-06-16T11:53:08","date_gmt":"2021-06-16T09:53:08","guid":{"rendered":"https:\/\/niezawodneczesci.pl\/\/?post_type=product&#038;p=7508"},"modified":"2026-04-28T12:07:01","modified_gmt":"2026-04-28T10:07:01","slug":"klocki-hamulcowe-sunrich-sr0580-01-3484","status":"publish","type":"product","link":"https:\/\/dev.niezawodneczesci.pl\/sk\/produkt\/klocki-hamulcowe-sunrich-sr0580-01-3484\/","title":{"rendered":"BRZDOV\u00c9 DESTI\u010cKY SUNRICH SR0580.01-3484"},"content":{"rendered":"<p>\u010c\u00edsla v\u00fdrobcov<br \/>\nGDB3484<\/p>\n<p>OE \u010d\u00edsla<br \/>\nATE: 13046056342<br \/>\nATE: 13047056342<br \/>\nBENDIX: 572655B<br \/>\nBENDIX-AU: DB2004<br \/>\nBLUE PRINT: ADT342190<br \/>\nBORG &amp; BECK: BBP2289<br \/>\nBOSCH: 0 986 495 169<br \/>\nBOSCH: 0 986 AB1 090<br \/>\nBOSCH: 0 986 AB2 846<br \/>\nBOSCH: 0 986 AB3 746<br \/>\nBREMBO: P83145<br \/>\nBREMBO: P83145N<br \/>\nDELPHI: LP2201<br \/>\nFERODO: FDB4354<br \/>\nFTE: BL2640A1<br \/>\nGIRLING: 6134849<br \/>\nHELLA: 8DB 355 015-461<br \/>\nHELLA: 8DB 355 024-491<br \/>\nHELLA: 8DB 355 030-201<br \/>\nHELLA PAGID: 8DB 355 015-461<br \/>\nHELLA PAGID: 8DB 355 024-491<br \/>\nHELLA PAGID: 8DB 355 030-201<br \/>\nHERTH+BUSS JAKOPARTS: J3602009<br \/>\nJURID: 572655J<br \/>\nJURID: 572655JC<br \/>\nLEXUS: 04465-0E010<br \/>\nLEXUS: 04465-48150<br \/>\nLEXUS: 04465-48160<br \/>\nLEXUS: 04465-48170<br \/>\nLEXUS: 04465-48190<br \/>\nLEXUS: 04465-48210<br \/>\nNK: 2245107<br \/>\nPAGID: T1997<br \/>\nREMSA: 1312.00<br \/>\nRUVILLE: D13248436<br \/>\nTEXTAR: 2445201<br \/>\nTEXTAR: 2445203<br \/>\nTOYOTA: 04465-0E010<br \/>\nTOYOTA: 04465-48150<br \/>\nTOYOTA: 04465-48160<br \/>\nTOYOTA: 04465-48170<br \/>\nTOYOTA: 04465-48190<br \/>\nTRISCAN: 811013115<\/p>","protected":false},"excerpt":{"rendered":"<p>Numery producenta GDB3484 Numery OE ATE: 13046056342 ATE: 13047056342 BENDIX: 572655B BENDIX-AU: DB2004 BLUE PRINT: ADT342190 BORG &amp; BECK: BBP2289 BOSCH: 0 986 495 169 BOSCH: 0 986 AB1 090 BOSCH: 0 986 AB2 846 BOSCH: 0 986 AB3 746 BREMBO: P83145 BREMBO: P83145N DELPHI: LP2201 FERODO: FDB4354 FTE: BL2640A1 GIRLING: 6134849 HELLA: 8DB 355 [&hellip;]<\/p>\n","protected":false},"featured_media":18493,"template":"","meta":{"_monsterinsights_skip_tracking":false,"_monsterinsights_sitenote_active":false,"_monsterinsights_sitenote_note":"","_monsterinsights_sitenote_category":0},"product_brand":[],"product_cat":[149],"product_tag":[],"class_list":{"0":"post-7508","1":"product","2":"type-product","3":"status-publish","4":"has-post-thumbnail","6":"product_cat-klocki-hamulcowe","8":"first","9":"instock","10":"taxable","11":"shipping-taxable","12":"product-type-simple"},"_links":{"self":[{"href":"https:\/\/dev.niezawodneczesci.pl\/sk\/wp-json\/wp\/v2\/product\/7508","targetHints":{"allow":["GET"]}}],"collection":[{"href":"https:\/\/dev.niezawodneczesci.pl\/sk\/wp-json\/wp\/v2\/product"}],"about":[{"href":"https:\/\/dev.niezawodneczesci.pl\/sk\/wp-json\/wp\/v2\/types\/product"}],"version-history":[{"count":1,"href":"https:\/\/dev.niezawodneczesci.pl\/sk\/wp-json\/wp\/v2\/product\/7508\/revisions"}],"predecessor-version":[{"id":25931,"href":"https:\/\/dev.niezawodneczesci.pl\/sk\/wp-json\/wp\/v2\/product\/7508\/revisions\/25931"}],"wp:featuredmedia":[{"embeddable":true,"href":"https:\/\/dev.niezawodneczesci.pl\/sk\/wp-json\/wp\/v2\/media\/18493"}],"wp:attachment":[{"href":"https:\/\/dev.niezawodneczesci.pl\/sk\/wp-json\/wp\/v2\/media?parent=7508"}],"wp:term":[{"taxonomy":"product_brand","embeddable":true,"href":"https:\/\/dev.niezawodneczesci.pl\/sk\/wp-json\/wp\/v2\/product_brand?post=7508"},{"taxonomy":"product_cat","embeddable":true,"href":"https:\/\/dev.niezawodneczesci.pl\/sk\/wp-json\/wp\/v2\/product_cat?post=7508"},{"taxonomy":"product_tag","embeddable":true,"href":"https:\/\/dev.niezawodneczesci.pl\/sk\/wp-json\/wp\/v2\/product_tag?post=7508"}],"curies":[{"name":"wp","href":"https:\/\/api.w.org\/{rel}","templated":true}]}}