{"id":7510,"date":"2021-06-16T11:53:09","date_gmt":"2021-06-16T09:53:09","guid":{"rendered":"https:\/\/niezawodneczesci.pl\/\/?post_type=product&#038;p=7510"},"modified":"2026-04-28T12:07:00","modified_gmt":"2026-04-28T10:07:00","slug":"klocki-hamulcowe-sunrich-sr0536-03-1814","status":"publish","type":"product","link":"https:\/\/dev.niezawodneczesci.pl\/sk\/produkt\/klocki-hamulcowe-sunrich-sr0536-03-1814\/","title":{"rendered":"BRZDOV\u00c9 DESTI\u010cKY SUNRICH SR0536.03-1814"},"content":{"rendered":"<p>Numer WVA<br \/>\n24332,<br \/>\n24333,<br \/>\n24706<\/p>\n<p>\u010c\u00edsla v\u00fdrobcov<br \/>\nGDB1814<\/p>\n<p>OE \u010d\u00edsla<br \/>\nA.B.S.: 37675<br \/>\nA.B.S.: P85113<br \/>\nAISIN: BPVW-1021<br \/>\nAKEBONO: AN-4549WK<br \/>\nAKRON-MAL\u00d2: 1050282<br \/>\nAPEC: PAD1651<br \/>\nAPEC: PD3242<br \/>\nATE: 13046072562<br \/>\nATE: 13047072562<br \/>\nAUDI: 8K0 698 151 A<br \/>\nAUDI: 8K0 698 151 F<br \/>\nBENDIX: 573258B<br \/>\nBENDIX-AU: DB2184<br \/>\nBENDIX-AU: DB2184 EURO+<br \/>\nBLUE PRINT: ADV184209<br \/>\nBORG &amp; BECK: BBP2052<br \/>\nBOSCH: 0 986 494 538<br \/>\nBOSCH: 0 986 495 129<br \/>\nBOSCH: 0 986 AB2 852<br \/>\nBOSCH: 0 986 TB3 164<br \/>\nBREMBO: P 85 113X<br \/>\nBREMBO: P85113<br \/>\nBREMBO: P85113N<br \/>\nCOBREQ: N-1738<br \/>\nDELPHI: LP2107<br \/>\nDON: PCP1127<br \/>\nFEBI BILSTEIN: 16768<br \/>\nFERODO: FDB4045<br \/>\nFERODO: FDB4045-D<br \/>\nFERODO: FSL4045<br \/>\nFREMAX: FBP-1719<br \/>\nFTE: BL2551A1<br \/>\nHELLA: 8DB 355 013-861<br \/>\nHELLA: 8DB 355 023-581<br \/>\nHELLA: 8DB 355 026-231<br \/>\nHELLA PAGID: 8DB 355 013-861<br \/>\nHELLA PAGID: 8DB 355 023-581<br \/>\nHELLA PAGID: 8DB 355 026-231<br \/>\nICER: 181864<br \/>\nJURID: 573258J<br \/>\nJURID: 573258JC<br \/>\nKAWE: 1219 11<br \/>\nLPR: 05P1391<br \/>\nLUCAS: LBP1909<br \/>\nMAGNETI MARELLI: 323700038000<br \/>\nMAGNETI MARELLI: 363700201760<br \/>\nMAGNETI MARELLI: 363700485113<br \/>\nMAGNETI MARELLI: 363802160998<br \/>\nMAGNETI MARELLI: 363916060139<br \/>\nMAPCO: 6933<br \/>\nMETELLI: 22-0675-2<br \/>\nMETZGER: 1170156<br \/>\nMEYLE: 025 247 0520\/PD<br \/>\nMEYLE: 025 247 0520\/W<br \/>\nMGA: 2206752<br \/>\nMINTEX: MDB2952<br \/>\nNK: 224794<br \/>\nOPEN PARTS: BPA1219.11<br \/>\nOPTIMAL: 12452<br \/>\nOPTIMAL: BP-12452<br \/>\nOmnicraft: 2134936<br \/>\nPAGID: T1760<br \/>\nPEX: 7946S<br \/>\nQUINTON HAZELL: BP1647<br \/>\nRAICAM: RA.0922.1<br \/>\nREMSA: 121911<br \/>\nREMY: RAP1052<br \/>\nROADHOUSE: 2121911<br \/>\nROULUNDS RUBBER: 862381<br \/>\nSKODA: 8K0 698 151 F<br \/>\nSWAG: 32916768<br \/>\nTEXTAR: 2470601<br \/>\nTEXTAR: 2470603<br \/>\nTEXTAR: 2470620005<br \/>\nTEXTAR: 2470681<br \/>\nTRISCAN: 811029078<br \/>\nTRUCKTEC AUTOMOTIVE: 0735271<br \/>\nVAICO: V10-8301<br \/>\nVAICO: V10-8301-1<br \/>\nVALEO: 302098<br \/>\nVALEO: 598996<br \/>\nVW: 8K0 698 151 A<br \/>\nVW: 8K0 698 151 F<br \/>\nVW: 8K0 698 151 P<br \/>\nWAGNER: WBP24705A<br \/>\nWOKING: P13193.11<br \/>\nZIMMERMANN: 247052001<br \/>\nfri.tech.: 6912<br \/>\nsbs: 1501224794<\/p>","protected":false},"excerpt":{"rendered":"<p>Numer WVA 24332, 24333, 24706 Numery producenta GDB1814 Numery OE A.B.S.: 37675 A.B.S.: P85113 AISIN: BPVW-1021 AKEBONO: AN-4549WK AKRON-MAL\u00d2: 1050282 APEC: PAD1651 APEC: PD3242 ATE: 13046072562 ATE: 13047072562 AUDI: 8K0 698 151 A AUDI: 8K0 698 151 F BENDIX: 573258B BENDIX-AU: DB2184 BENDIX-AU: DB2184 EURO+ BLUE PRINT: ADV184209 BORG &amp; BECK: BBP2052 BOSCH: 0 986 [&hellip;]<\/p>\n","protected":false},"featured_media":18437,"template":"","meta":{"_monsterinsights_skip_tracking":false,"_monsterinsights_sitenote_active":false,"_monsterinsights_sitenote_note":"","_monsterinsights_sitenote_category":0},"product_brand":[],"product_cat":[149],"product_tag":[],"class_list":{"0":"post-7510","1":"product","2":"type-product","3":"status-publish","4":"has-post-thumbnail","6":"product_cat-klocki-hamulcowe","8":"first","9":"instock","10":"taxable","11":"shipping-taxable","12":"product-type-simple"},"_links":{"self":[{"href":"https:\/\/dev.niezawodneczesci.pl\/sk\/wp-json\/wp\/v2\/product\/7510","targetHints":{"allow":["GET"]}}],"collection":[{"href":"https:\/\/dev.niezawodneczesci.pl\/sk\/wp-json\/wp\/v2\/product"}],"about":[{"href":"https:\/\/dev.niezawodneczesci.pl\/sk\/wp-json\/wp\/v2\/types\/product"}],"version-history":[{"count":1,"href":"https:\/\/dev.niezawodneczesci.pl\/sk\/wp-json\/wp\/v2\/product\/7510\/revisions"}],"predecessor-version":[{"id":25928,"href":"https:\/\/dev.niezawodneczesci.pl\/sk\/wp-json\/wp\/v2\/product\/7510\/revisions\/25928"}],"wp:featuredmedia":[{"embeddable":true,"href":"https:\/\/dev.niezawodneczesci.pl\/sk\/wp-json\/wp\/v2\/media\/18437"}],"wp:attachment":[{"href":"https:\/\/dev.niezawodneczesci.pl\/sk\/wp-json\/wp\/v2\/media?parent=7510"}],"wp:term":[{"taxonomy":"product_brand","embeddable":true,"href":"https:\/\/dev.niezawodneczesci.pl\/sk\/wp-json\/wp\/v2\/product_brand?post=7510"},{"taxonomy":"product_cat","embeddable":true,"href":"https:\/\/dev.niezawodneczesci.pl\/sk\/wp-json\/wp\/v2\/product_cat?post=7510"},{"taxonomy":"product_tag","embeddable":true,"href":"https:\/\/dev.niezawodneczesci.pl\/sk\/wp-json\/wp\/v2\/product_tag?post=7510"}],"curies":[{"name":"wp","href":"https:\/\/api.w.org\/{rel}","templated":true}]}}