{"id":7512,"date":"2021-06-16T11:53:09","date_gmt":"2021-06-16T09:53:09","guid":{"rendered":"https:\/\/niezawodneczesci.pl\/\/?post_type=product&#038;p=7512"},"modified":"2026-04-28T12:07:00","modified_gmt":"2026-04-28T10:07:00","slug":"klocki-hamulcowe-sunrich-sr0530-01-1685","status":"publish","type":"product","link":"https:\/\/dev.niezawodneczesci.pl\/sk\/produkt\/klocki-hamulcowe-sunrich-sr0530-01-1685\/","title":{"rendered":"BRZDOV\u00c9 DESTI\u010cKY SUNRICH SR0530.01-1685"},"content":{"rendered":"<p>Numer WVA<br \/>\n24496<\/p>\n<p>\u010c\u00edsla v\u00fdrobcov<br \/>\nGDB1685<\/p>\n<p>OE \u010d\u00edsla<br \/>\nA.B.S.: 37562<br \/>\nAISIN: BPFO-2002<br \/>\nAPEC: PAD1566<br \/>\nATE: 13046027222<br \/>\nATE: 13046027362<br \/>\nATE: 13047027222<br \/>\nATE: 13047027362<br \/>\nBENDIX: 573250B<br \/>\nBENDIX: DB2234<br \/>\nBENDIX-AU: DB2234<br \/>\nBLUE PRINT: ADF124202<br \/>\nBORG &amp; BECK: BBP1982<br \/>\nBOSCH: 0 986 494 175<br \/>\nBOSCH: 0 986 494 213<br \/>\nBOSCH: 0 986 494 248<br \/>\nBOSCH: 0 986 494 641<br \/>\nBOSCH: 0 986 TB3 004<br \/>\nBREMBO: P24078<br \/>\nBREMBO: P86021<br \/>\nDELPHI: LP2008<br \/>\nE.T.F.: 121298<br \/>\nFEBI BILSTEIN: 16625<br \/>\nFERODO: FDB1918<br \/>\nFERODO: FDB4237<br \/>\nFERODO: FSL1918<br \/>\nFERODO: FSL4237<br \/>\nFMSI-VERBAND: 8422D1307<br \/>\nFORD: 1426143<br \/>\nFORD: 1426144<br \/>\nFORD: 1439866<br \/>\nFORD: 1459450<br \/>\nFORD: 1503969<br \/>\nFORD: 1566233<br \/>\nFORD: 1752093<br \/>\nFORD: 6G91-2M008-FA<br \/>\nFORD: 6G91-2M008-FB<br \/>\nFORD: 6G91-2M008-FC<br \/>\nFORD: 6G91-2M008-FD<br \/>\nFORD: ME6G-9J2M008-FA<br \/>\nFTE: BL2049A3<br \/>\nHELLA: 8DB 355 012-941<br \/>\nHELLA: 8DB 355 023-941<br \/>\nHELLA: 8DB 355 025-401<br \/>\nHELLA: 8DB 355 025-411<br \/>\nHELLA: 8DB 355 030-911<br \/>\nHELLA PAGID: 8DB 355 023-941<br \/>\nHELLA PAGID: 8DB 355 025-401<br \/>\nHELLA PAGID: 8DB 355 025-411<br \/>\nHELLA PAGID: 8DB 355 030-911<br \/>\nICER: 181776<br \/>\nJURID: 573250J<br \/>\nJURID: 573250JC<br \/>\nLAND ROVER: LR027129<br \/>\nLAND ROVER: LR043285<br \/>\nLAND ROVER: LR043714<br \/>\nLAND ROVER: LR134695<br \/>\nLPR: 05P1474<br \/>\nLUCAS: LBP1780<br \/>\nMAGNETI MARELLI: 363702161491<br \/>\nMETELLI: 2206760<br \/>\nMETZGER: 123600<br \/>\nMEYLE: 025 244 9617<br \/>\nMGA: 865<br \/>\nMINTEX: MDB2863<br \/>\nNK: 222571<br \/>\nOPTIMAL: 12401<br \/>\nOPTIMAL: BP-12401<br \/>\nPAGID: T1658<br \/>\nPEX: 7917S<br \/>\nQH Benelux: 7777<br \/>\nQUINTON HAZELL: BP1560<br \/>\nREMSA: 123600<br \/>\nREMY: RAP1073<br \/>\nROULUNDS RUBBER: 846781<br \/>\nSWAG: 50916625<br \/>\nTEXTAR: 2449601<br \/>\nTEXTAR: 2449602<br \/>\nTEXTAR: 2449607<br \/>\nTEXTAR: 2449616924<br \/>\nTRISCAN: 811010564<br \/>\nTRUSTING: 6920<br \/>\nVALEO: 301928<br \/>\nVALEO: 598928<br \/>\nVOLVO: 30671574<br \/>\nVOLVO: 30671575<br \/>\nVOLVO: 306715750<br \/>\nVOLVO: 30742491<br \/>\nVOLVO: 30742516<br \/>\nVOLVO: 30794554<br \/>\nVOLVO: 30794555<br \/>\nVOLVO: 31317482<br \/>\nWAGNER: WBP24496A<br \/>\nWAGNER: WBP24496B<br \/>\nWOKING: P1336300<br \/>\nZIMMERMANN: 244961701<br \/>\nsbs: 222571<\/p>","protected":false},"excerpt":{"rendered":"<p>Numer WVA 24496 Numery producenta GDB1685 Numery OE A.B.S.: 37562 AISIN: BPFO-2002 APEC: PAD1566 ATE: 13046027222 ATE: 13046027362 ATE: 13047027222 ATE: 13047027362 BENDIX: 573250B BENDIX: DB2234 BENDIX-AU: DB2234 BLUE PRINT: ADF124202 BORG &amp; BECK: BBP1982 BOSCH: 0 986 494 175 BOSCH: 0 986 494 213 BOSCH: 0 986 494 248 BOSCH: 0 986 494 641 [&hellip;]<\/p>\n","protected":false},"featured_media":18424,"template":"","meta":{"_monsterinsights_skip_tracking":false,"_monsterinsights_sitenote_active":false,"_monsterinsights_sitenote_note":"","_monsterinsights_sitenote_category":0},"product_brand":[],"product_cat":[149],"product_tag":[],"class_list":{"0":"post-7512","1":"product","2":"type-product","3":"status-publish","4":"has-post-thumbnail","6":"product_cat-klocki-hamulcowe","8":"first","9":"instock","10":"taxable","11":"shipping-taxable","12":"product-type-simple"},"_links":{"self":[{"href":"https:\/\/dev.niezawodneczesci.pl\/sk\/wp-json\/wp\/v2\/product\/7512","targetHints":{"allow":["GET"]}}],"collection":[{"href":"https:\/\/dev.niezawodneczesci.pl\/sk\/wp-json\/wp\/v2\/product"}],"about":[{"href":"https:\/\/dev.niezawodneczesci.pl\/sk\/wp-json\/wp\/v2\/types\/product"}],"version-history":[{"count":1,"href":"https:\/\/dev.niezawodneczesci.pl\/sk\/wp-json\/wp\/v2\/product\/7512\/revisions"}],"predecessor-version":[{"id":26428,"href":"https:\/\/dev.niezawodneczesci.pl\/sk\/wp-json\/wp\/v2\/product\/7512\/revisions\/26428"}],"wp:featuredmedia":[{"embeddable":true,"href":"https:\/\/dev.niezawodneczesci.pl\/sk\/wp-json\/wp\/v2\/media\/18424"}],"wp:attachment":[{"href":"https:\/\/dev.niezawodneczesci.pl\/sk\/wp-json\/wp\/v2\/media?parent=7512"}],"wp:term":[{"taxonomy":"product_brand","embeddable":true,"href":"https:\/\/dev.niezawodneczesci.pl\/sk\/wp-json\/wp\/v2\/product_brand?post=7512"},{"taxonomy":"product_cat","embeddable":true,"href":"https:\/\/dev.niezawodneczesci.pl\/sk\/wp-json\/wp\/v2\/product_cat?post=7512"},{"taxonomy":"product_tag","embeddable":true,"href":"https:\/\/dev.niezawodneczesci.pl\/sk\/wp-json\/wp\/v2\/product_tag?post=7512"}],"curies":[{"name":"wp","href":"https:\/\/api.w.org\/{rel}","templated":true}]}}