{"id":7518,"date":"2021-06-16T11:53:10","date_gmt":"2021-06-16T09:53:10","guid":{"rendered":"https:\/\/niezawodneczesci.pl\/\/?post_type=product&#038;p=7518"},"modified":"2026-04-28T12:07:00","modified_gmt":"2026-04-28T10:07:00","slug":"klocki-hamulcowe-sunrich-sr0458-03-1729","status":"publish","type":"product","link":"https:\/\/dev.niezawodneczesci.pl\/sk\/produkt\/klocki-hamulcowe-sunrich-sr0458-03-1729\/","title":{"rendered":"BRZDOV\u00c9 DESTI\u010cKY SUNRICH SR0458.03-1729"},"content":{"rendered":"<p>Numer WVA<br \/>\n23313<\/p>\n<p>\u010c\u00edsla v\u00fdrobcov<br \/>\nGDB1729<\/p>\n<p>OE \u010d\u00edsla<br \/>\nAPEC: PAD1635<br \/>\nATE: 13046072382<br \/>\nATE: 13047072382<br \/>\nBENDIX: 573181B<br \/>\nBENDIX: DB1856<br \/>\nBLUE PRINT: ADB114208<br \/>\nBMW: 2 288 858<br \/>\nBMW: 2 288 859<br \/>\nBMW: 2 288 861<br \/>\nBMW: 34 11 2 288 858<br \/>\nBMW: 34 11 2 288 859<br \/>\nBMW: 34 11 2 288 861<br \/>\nBMW: 34 11 6 780 711<br \/>\nBMW: 6 780 711<br \/>\nBORG &amp; BECK: BBP2110<br \/>\nBOSCH: 0 986 494 354<br \/>\nBOSCH: 0 986 TB3 033<br \/>\nBREMBO: P06055<br \/>\nDELPHI: LP2067<br \/>\nFEBI BILSTEIN: 16728<br \/>\nFERODO: FDB4191<br \/>\nFERODO: FSL4191<br \/>\nFTE: BL2086A2<br \/>\nHELLA: 8DB 355 013-931<br \/>\nJURID: 573181J<br \/>\nJURID: 573181J-AS<br \/>\nJURID: 573181JAS<br \/>\nJURID: 573181JC<br \/>\nLPR: 05P1509<br \/>\nMETELLI: 2205586<br \/>\nMETZGER: 085710<br \/>\nMEYLE: 025 233 1320<br \/>\nMEYLE: 025 233 1320\/PD<br \/>\nMINTEX: MDB2960<br \/>\nNK: 221539<br \/>\nPAGID: T1770<br \/>\nPEX: 7960S<br \/>\nREMSA: 085710<br \/>\nREMSA: 85710<br \/>\nSWAG: 20916728<br \/>\nTEXTAR: 2331301<br \/>\nTEXTAR: 2331381<br \/>\nTRISCAN: 811011035<br \/>\nTRUCKTEC AUTOMOTIVE: 0834157<br \/>\nVALEO: 601027<br \/>\nWAGNER: WBP23313A<br \/>\nZIMMERMANN: 242552001<\/p>","protected":false},"excerpt":{"rendered":"<p>Numer WVA 23313 Numery producenta GDB1729 Numery OE APEC: PAD1635 ATE: 13046072382 ATE: 13047072382 BENDIX: 573181B BENDIX: DB1856 BLUE PRINT: ADB114208 BMW: 2 288 858 BMW: 2 288 859 BMW: 2 288 861 BMW: 34 11 2 288 858 BMW: 34 11 2 288 859 BMW: 34 11 2 288 861 BMW: 34 11 6 [&hellip;]<\/p>\n","protected":false},"featured_media":18361,"template":"","meta":{"_monsterinsights_skip_tracking":false,"_monsterinsights_sitenote_active":false,"_monsterinsights_sitenote_note":"","_monsterinsights_sitenote_category":0},"product_brand":[],"product_cat":[149],"product_tag":[],"class_list":{"0":"post-7518","1":"product","2":"type-product","3":"status-publish","4":"has-post-thumbnail","6":"product_cat-klocki-hamulcowe","8":"first","9":"instock","10":"taxable","11":"shipping-taxable","12":"product-type-simple"},"_links":{"self":[{"href":"https:\/\/dev.niezawodneczesci.pl\/sk\/wp-json\/wp\/v2\/product\/7518","targetHints":{"allow":["GET"]}}],"collection":[{"href":"https:\/\/dev.niezawodneczesci.pl\/sk\/wp-json\/wp\/v2\/product"}],"about":[{"href":"https:\/\/dev.niezawodneczesci.pl\/sk\/wp-json\/wp\/v2\/types\/product"}],"version-history":[{"count":1,"href":"https:\/\/dev.niezawodneczesci.pl\/sk\/wp-json\/wp\/v2\/product\/7518\/revisions"}],"predecessor-version":[{"id":25925,"href":"https:\/\/dev.niezawodneczesci.pl\/sk\/wp-json\/wp\/v2\/product\/7518\/revisions\/25925"}],"wp:featuredmedia":[{"embeddable":true,"href":"https:\/\/dev.niezawodneczesci.pl\/sk\/wp-json\/wp\/v2\/media\/18361"}],"wp:attachment":[{"href":"https:\/\/dev.niezawodneczesci.pl\/sk\/wp-json\/wp\/v2\/media?parent=7518"}],"wp:term":[{"taxonomy":"product_brand","embeddable":true,"href":"https:\/\/dev.niezawodneczesci.pl\/sk\/wp-json\/wp\/v2\/product_brand?post=7518"},{"taxonomy":"product_cat","embeddable":true,"href":"https:\/\/dev.niezawodneczesci.pl\/sk\/wp-json\/wp\/v2\/product_cat?post=7518"},{"taxonomy":"product_tag","embeddable":true,"href":"https:\/\/dev.niezawodneczesci.pl\/sk\/wp-json\/wp\/v2\/product_tag?post=7518"}],"curies":[{"name":"wp","href":"https:\/\/api.w.org\/{rel}","templated":true}]}}