{"id":7520,"date":"2021-06-16T11:53:11","date_gmt":"2021-06-16T09:53:11","guid":{"rendered":"https:\/\/niezawodneczesci.pl\/\/?post_type=product&#038;p=7520"},"modified":"2026-04-28T12:07:00","modified_gmt":"2026-04-28T10:07:00","slug":"klocki-hamulcowe-sunrich-sr0453-01-3403","status":"publish","type":"product","link":"https:\/\/dev.niezawodneczesci.pl\/sk\/produkt\/klocki-hamulcowe-sunrich-sr0453-01-3403\/","title":{"rendered":"BRZDOV\u00c9 DESTI\u010cKY SUNRICH SR0453.01-3403"},"content":{"rendered":"<p>Numer WVA<br \/>\n24353<br \/>\n24672<\/p>\n<p>\u010c\u00edsla v\u00fdrobcov<br \/>\nGDB3403<\/p>\n<p>OE \u010d\u00edsla<br \/>\nA.B.S.: 37540<br \/>\nAPEC: PAD1470<br \/>\nATE: 13046057952<br \/>\nBENDIX: 572572B<br \/>\nBENDIX: DB1681<br \/>\nBENDIX-AU: DB1681<br \/>\nBLUE PRINT: ADM54286<br \/>\nBORG &amp; BECK: BBP2119<br \/>\nBOSCH: 0 986 494 323<br \/>\nBOSCH: 0 986 494 587<br \/>\nBOSCH: 0 986 AB1 002<br \/>\nBOSCH: 0 986 AB3 142<br \/>\nBOSCH: 0 986 AB9 164<br \/>\nBOSCH: 0 986 TB2 925<br \/>\nBREMBO: P24086<br \/>\nBrake ENGINEERING: PA1940<br \/>\nCIFAM: 8226100<br \/>\nDELPHI: LP2036<br \/>\nFEBI BILSTEIN: 16739<br \/>\nFERODO: FDB1817<br \/>\nFERODO: FSL1817<br \/>\nFORD: 1356600<br \/>\nFORD: 1360290<br \/>\nFORD: 1454544<br \/>\nFORD: 2M34-2001-AA<br \/>\nFORD: 2M34-2001-CA<br \/>\nFORD: 3M34-2001-CA<br \/>\nFORD: 3M35-2001-AA<br \/>\nFORD: 3M35-2001-BA<br \/>\nFORD: 4432201<br \/>\nFORD: 4432234<br \/>\nFORD: 6M34-2001-AA<br \/>\nFORD: UMY1-3328-ZA<br \/>\nFORD USA: 1356600<br \/>\nFORD USA: 1360290<br \/>\nFORD USA: 1454544<br \/>\nFORD USA: 3M35-2001-AA<br \/>\nFORD USA: 3M35-2001-BA<br \/>\nFORD USA: 6M34-2001-AA<br \/>\nGIRLING: 6134039<br \/>\nHELLA: 8DB 355 012-381<br \/>\nHERTH+BUSS JAKOPARTS: J3603068<br \/>\nICER: 181822<br \/>\nJURID: 572572J<br \/>\nLPR: 05P1499<br \/>\nMAZDA: UMY13323ZA<br \/>\nMAZDA: UMY13329ZA<br \/>\nMAZDA: UMY23323ZA<br \/>\nMAZDA: UMY43323Z<br \/>\nMAZDA: UMY43328Z<br \/>\nMAZDA: UMY53323Z<br \/>\nMAZDA: UMY53328Z<br \/>\nMETELLI: 2206100<br \/>\nMEYLE: 025 243 5316\/W<br \/>\nMINTEX: MDB2778<br \/>\nMK Kashiyama: D3137M<br \/>\nNK: 222574<br \/>\nPAGID: T1603<br \/>\nQH Benelux: 7736<br \/>\nQUINTON HAZELL: BP1523<br \/>\nREMSA: 115100<br \/>\nSWAG: 83916739<br \/>\nTEXTAR: 2435301<br \/>\nTEXTAR: 2435316905<br \/>\nTRISCAN: 811010568<br \/>\nVALEO: 606421<\/p>","protected":false},"excerpt":{"rendered":"<p>Numer WVA 24353 24672 Numery producenta GDB3403 Numery OE A.B.S.: 37540 APEC: PAD1470 ATE: 13046057952 BENDIX: 572572B BENDIX: DB1681 BENDIX-AU: DB1681 BLUE PRINT: ADM54286 BORG &amp; BECK: BBP2119 BOSCH: 0 986 494 323 BOSCH: 0 986 494 587 BOSCH: 0 986 AB1 002 BOSCH: 0 986 AB3 142 BOSCH: 0 986 AB9 164 BOSCH: 0 [&hellip;]<\/p>\n","protected":false},"featured_media":18351,"template":"","meta":{"_monsterinsights_skip_tracking":false,"_monsterinsights_sitenote_active":false,"_monsterinsights_sitenote_note":"","_monsterinsights_sitenote_category":0},"product_brand":[],"product_cat":[149,447],"product_tag":[],"class_list":{"0":"post-7520","1":"product","2":"type-product","3":"status-publish","4":"has-post-thumbnail","6":"product_cat-klocki-hamulcowe","7":"product_cat-promocja","9":"first","10":"instock","11":"taxable","12":"shipping-taxable","13":"product-type-simple"},"_links":{"self":[{"href":"https:\/\/dev.niezawodneczesci.pl\/sk\/wp-json\/wp\/v2\/product\/7520","targetHints":{"allow":["GET"]}}],"collection":[{"href":"https:\/\/dev.niezawodneczesci.pl\/sk\/wp-json\/wp\/v2\/product"}],"about":[{"href":"https:\/\/dev.niezawodneczesci.pl\/sk\/wp-json\/wp\/v2\/types\/product"}],"version-history":[{"count":1,"href":"https:\/\/dev.niezawodneczesci.pl\/sk\/wp-json\/wp\/v2\/product\/7520\/revisions"}],"predecessor-version":[{"id":25916,"href":"https:\/\/dev.niezawodneczesci.pl\/sk\/wp-json\/wp\/v2\/product\/7520\/revisions\/25916"}],"wp:featuredmedia":[{"embeddable":true,"href":"https:\/\/dev.niezawodneczesci.pl\/sk\/wp-json\/wp\/v2\/media\/18351"}],"wp:attachment":[{"href":"https:\/\/dev.niezawodneczesci.pl\/sk\/wp-json\/wp\/v2\/media?parent=7520"}],"wp:term":[{"taxonomy":"product_brand","embeddable":true,"href":"https:\/\/dev.niezawodneczesci.pl\/sk\/wp-json\/wp\/v2\/product_brand?post=7520"},{"taxonomy":"product_cat","embeddable":true,"href":"https:\/\/dev.niezawodneczesci.pl\/sk\/wp-json\/wp\/v2\/product_cat?post=7520"},{"taxonomy":"product_tag","embeddable":true,"href":"https:\/\/dev.niezawodneczesci.pl\/sk\/wp-json\/wp\/v2\/product_tag?post=7520"}],"curies":[{"name":"wp","href":"https:\/\/api.w.org\/{rel}","templated":true}]}}