{"id":7526,"date":"2021-06-16T11:53:12","date_gmt":"2021-06-16T09:53:12","guid":{"rendered":"https:\/\/niezawodneczesci.pl\/\/?post_type=product&#038;p=7526"},"modified":"2026-04-28T12:07:00","modified_gmt":"2026-04-28T10:07:00","slug":"klocki-hamulcowe-sunrich-sr0360-01-1527","status":"publish","type":"product","link":"https:\/\/dev.niezawodneczesci.pl\/sk\/produkt\/klocki-hamulcowe-sunrich-sr0360-01-1527\/","title":{"rendered":"BRZDOV\u00c9 DESTI\u010cKY SUNRICH SR0360.01-1527"},"content":{"rendered":"<p>Numer WVA<br \/>\n21487<\/p>\n<p>\u010c\u00edsla v\u00fdrobcov<br \/>\nGDB1527<\/p>\n<p>OE \u010d\u00edsla<br \/>\nACDelco: AC661481D<br \/>\nAPEC: PAD956<br \/>\nATE: 13046070792<br \/>\nATE: 13047070792<br \/>\nBENDIX-AU: DB1397<br \/>\nBLUE PRINT: ADJ134218<br \/>\nBORG &amp; BECK: BBP1844<br \/>\nBOSCH: 0 986 494 006<br \/>\nBOSCH: 0 986 TB2 204<br \/>\nBOSCH: 0 986 TB2 205<br \/>\nBOSCH: F 03B 150 262<br \/>\nBREMBO: P06020<br \/>\nBREMBO: P06044<br \/>\nDELPHI: LP1803<br \/>\nFERODO: FDB1483<br \/>\nFERODO: FQT1483<br \/>\nFERODO: FSL1483<br \/>\nFTE: BL1329A2<br \/>\nFTE: BL2451A1<br \/>\nGALFER: B1G10203672<br \/>\nGIRLING: 6115272<br \/>\nHELLA: 8DB 355 006-691<br \/>\nHELLA: 8DB 355 008-091<br \/>\nHERZOG GERMANY: 886715<br \/>\nICER: 181552<br \/>\nJURID: 571918J<br \/>\nJURID: 571918JAS<br \/>\nKAWE: 81600<br \/>\nLAND ROVER: SFP000120<br \/>\nLAND ROVER: SFP500210<br \/>\nLAND ROVER: XH422C562AA<br \/>\nLAND ROVER: XH422C562AB<br \/>\nLPR: 05P1231<br \/>\nMAPCO: 6774<br \/>\nMETELLI: 2205600<br \/>\nMINTEX: MDB2534<br \/>\nOPTIMAL: 12143<br \/>\nPAGID: T1563<br \/>\nPAGID: T1563EP<br \/>\nQH Benelux: 7536<br \/>\nQUINTON HAZELL: BP1357<br \/>\nREMSA: 038120<br \/>\nREMSA: 038130<br \/>\nREMSA: 038150<br \/>\nREMSA: 38120<br \/>\nREMSA: 38130<br \/>\nREMSA: 38150<br \/>\nROULUNDS RUBBER: 813281<br \/>\nSPIDAN: 32469<br \/>\nTEXTAR: 2148702<br \/>\nTEXTAR: 2148703<br \/>\nTEXTAR: 2148708<br \/>\nTEXTAR: 2148717315<br \/>\nTEXTAR: 2148781<br \/>\nTEXTAR: 2148791<br \/>\nTRUCKTEC AUTOMOTIVE: 0834102<br \/>\nTRUSTING: 5760<br \/>\nVALEO: 301580<br \/>\nVALEO: 597257<br \/>\nVALEO: 597323<br \/>\nVALEO: 598580<br \/>\nWAGNER: WBP21282A<br \/>\nZIMMERMANN: 214871701<br \/>\nZIMMERMANN: 214871702<br \/>\nZIMMERMANN: 214871709<br \/>\nfri.tech.: 5760<\/p>","protected":false},"excerpt":{"rendered":"<p>Numer WVA 21487 Numery producenta GDB1527 Numery OE ACDelco: AC661481D APEC: PAD956 ATE: 13046070792 ATE: 13047070792 BENDIX-AU: DB1397 BLUE PRINT: ADJ134218 BORG &amp; BECK: BBP1844 BOSCH: 0 986 494 006 BOSCH: 0 986 TB2 204 BOSCH: 0 986 TB2 205 BOSCH: F 03B 150 262 BREMBO: P06020 BREMBO: P06044 DELPHI: LP1803 FERODO: FDB1483 FERODO: FQT1483 [&hellip;]<\/p>\n","protected":false},"featured_media":18303,"template":"","meta":{"_monsterinsights_skip_tracking":false,"_monsterinsights_sitenote_active":false,"_monsterinsights_sitenote_note":"","_monsterinsights_sitenote_category":0},"product_brand":[],"product_cat":[149],"product_tag":[],"class_list":{"0":"post-7526","1":"product","2":"type-product","3":"status-publish","4":"has-post-thumbnail","6":"product_cat-klocki-hamulcowe","8":"first","9":"instock","10":"taxable","11":"shipping-taxable","12":"purchasable","13":"product-type-simple"},"_links":{"self":[{"href":"https:\/\/dev.niezawodneczesci.pl\/sk\/wp-json\/wp\/v2\/product\/7526","targetHints":{"allow":["GET"]}}],"collection":[{"href":"https:\/\/dev.niezawodneczesci.pl\/sk\/wp-json\/wp\/v2\/product"}],"about":[{"href":"https:\/\/dev.niezawodneczesci.pl\/sk\/wp-json\/wp\/v2\/types\/product"}],"version-history":[{"count":1,"href":"https:\/\/dev.niezawodneczesci.pl\/sk\/wp-json\/wp\/v2\/product\/7526\/revisions"}],"predecessor-version":[{"id":25914,"href":"https:\/\/dev.niezawodneczesci.pl\/sk\/wp-json\/wp\/v2\/product\/7526\/revisions\/25914"}],"wp:featuredmedia":[{"embeddable":true,"href":"https:\/\/dev.niezawodneczesci.pl\/sk\/wp-json\/wp\/v2\/media\/18303"}],"wp:attachment":[{"href":"https:\/\/dev.niezawodneczesci.pl\/sk\/wp-json\/wp\/v2\/media?parent=7526"}],"wp:term":[{"taxonomy":"product_brand","embeddable":true,"href":"https:\/\/dev.niezawodneczesci.pl\/sk\/wp-json\/wp\/v2\/product_brand?post=7526"},{"taxonomy":"product_cat","embeddable":true,"href":"https:\/\/dev.niezawodneczesci.pl\/sk\/wp-json\/wp\/v2\/product_cat?post=7526"},{"taxonomy":"product_tag","embeddable":true,"href":"https:\/\/dev.niezawodneczesci.pl\/sk\/wp-json\/wp\/v2\/product_tag?post=7526"}],"curies":[{"name":"wp","href":"https:\/\/api.w.org\/{rel}","templated":true}]}}