{"id":7529,"date":"2021-06-16T11:53:14","date_gmt":"2021-06-16T09:53:14","guid":{"rendered":"https:\/\/niezawodneczesci.pl\/\/?post_type=product&#038;p=7529"},"modified":"2026-04-28T12:07:00","modified_gmt":"2026-04-28T10:07:00","slug":"klocki-hamulcowe-sunrich-sr0108-01-3242","status":"publish","type":"product","link":"https:\/\/dev.niezawodneczesci.pl\/sk\/produkt\/klocki-hamulcowe-sunrich-sr0108-01-3242\/","title":{"rendered":"BRZDOV\u00c9 DESTI\u010cKY SUNRICH SR0108.01-3242"},"content":{"rendered":"<p>Numer WVA<br \/>\n23510<br \/>\n23511<br \/>\n23512<\/p>\n<p>\u010c\u00edsla v\u00fdrobcov<br \/>\nGDB3242<\/p>\n<p>OE \u010d\u00edsla<br \/>\nA.B.S.: 37134<br \/>\nA.B.S.: 37134OE<br \/>\nACDelco: AC678881D<br \/>\nAPEC: PAD1116<br \/>\nASHIKA: 5002203<br \/>\nBENDIX: 572405B<br \/>\nBENDIX-AU: DB1422<br \/>\nBLUE PRINT: ADT342105<br \/>\nBORG &amp; BECK: BBP1728<br \/>\nBOSCH: 0 986 424 534<br \/>\nBOSCH: 0 986 424 535<br \/>\nBOSCH: 0 986 424 803<br \/>\nBOSCH: 0 986 495 242<br \/>\nBOSCH: 0 986 505 225<br \/>\nBOSCH: 0 986 AB2 093<br \/>\nBOSCH: 0 986 AB2 382<br \/>\nBOSCH: 0 986 AB9 086<br \/>\nBOSCH: 0 986 TB2 367<br \/>\nBOSCH: F 03B 150 126<br \/>\nBREMBO: P83051<br \/>\nDELPHI: LP1742<br \/>\nE.T.F.: 120931<br \/>\nFEBI BILSTEIN: 16725<br \/>\nFERODO: FDB1392<br \/>\nFERODO: FDB1392-D<br \/>\nFERODO: FSL1392<br \/>\nFTE: BL1845A2<br \/>\nGIRLING: 6132429<br \/>\nHELLA: 8DB 355 017-081<br \/>\nHERTH+BUSS JAKOPARTS: J3602088<br \/>\nICER: 181386<br \/>\nJAPANPARTS: PA203AF<br \/>\nJURID: 572405J<br \/>\nKAWE: 81347<br \/>\nKBP: BP9063<br \/>\nLEMF\u00d6RDER: 26300<br \/>\nLEMF\u00d6RDER: 26327<br \/>\nMAGNETI MARELLI: 363702161213<br \/>\nMAGNETI MARELLI: 363916060998<br \/>\nMAPCO: 6525<br \/>\nMEYLE: 025 235 1015\/W<br \/>\nMEYLE: 025 235 1017<br \/>\nMEYLE: 025 235 1017\/PD<br \/>\nMGA: 555<br \/>\nMINTEX: MDB2029<br \/>\nNECTO: FD6908A<br \/>\nNECTO: FD6908N<br \/>\nNECTO: FD7020A<br \/>\nNIPPARTS: J3602088<br \/>\nOPTIMAL: 12095<br \/>\nPAGID: T3099<br \/>\nPEX: 7612<br \/>\nQUINTON HAZELL: BP1227<br \/>\nRAMEDER: T0610141<br \/>\nRAMEDER: T0610234<br \/>\nREMSA: 097112<br \/>\nREMSA: 74002<br \/>\nREMSA: 97112<br \/>\nROULUNDS RUBBER: 678881<br \/>\nRUVILLE: D99076950<br \/>\nSPIDAN: 32782<br \/>\nTEXTAR: 2351002<br \/>\nTEXTAR: 2351005<br \/>\nTEXTAR: 2351015505<br \/>\nTEXTAR: 2390401<br \/>\nTEXTAR: 2390403<br \/>\nTOYOTA: 04465-12581<br \/>\nTOYOTA: 04465-17100<br \/>\nTOYOTA: 04465-17101<br \/>\nTOYOTA: 04465-17140<br \/>\nTOYOTA: 04465-20480<br \/>\nTOYOTA: 04465-47030<br \/>\nTOYOTA: 04465-52010<br \/>\nTOYOTA: 04465-52011<br \/>\nTOYOTA: 04465-52021<br \/>\nTOYOTA: 04465-52022<br \/>\nTOYOTA: 04465-52060<br \/>\nTOYOTA: 04465-52120<br \/>\nTOYOTA: 446552010<br \/>\nTOYOTA: PC543<br \/>\nTOYOTA: PN540H<br \/>\nTRISCAN: 811013033<br \/>\nTRISCAN: 811013057<br \/>\nTRUSTING: 4380<br \/>\nVALEO: 301737<br \/>\nVALEO: 598737<br \/>\nWAGNER: WBP23510A<br \/>\nfri.tech.: 4380<br \/>\nsbs: 224552<br \/>\nsbs: 224567<\/p>","protected":false},"excerpt":{"rendered":"<p>Numer WVA 23510 23511 23512 Numery producenta GDB3242 Numery OE A.B.S.: 37134 A.B.S.: 37134OE ACDelco: AC678881D APEC: PAD1116 ASHIKA: 5002203 BENDIX: 572405B BENDIX-AU: DB1422 BLUE PRINT: ADT342105 BORG &amp; BECK: BBP1728 BOSCH: 0 986 424 534 BOSCH: 0 986 424 535 BOSCH: 0 986 424 803 BOSCH: 0 986 495 242 BOSCH: 0 986 505 [&hellip;]<\/p>\n","protected":false},"featured_media":18255,"template":"","meta":{"_monsterinsights_skip_tracking":false,"_monsterinsights_sitenote_active":false,"_monsterinsights_sitenote_note":"","_monsterinsights_sitenote_category":0},"product_brand":[],"product_cat":[149],"product_tag":[],"class_list":{"0":"post-7529","1":"product","2":"type-product","3":"status-publish","4":"has-post-thumbnail","6":"product_cat-klocki-hamulcowe","8":"first","9":"instock","10":"taxable","11":"shipping-taxable","12":"purchasable","13":"product-type-simple"},"_links":{"self":[{"href":"https:\/\/dev.niezawodneczesci.pl\/sk\/wp-json\/wp\/v2\/product\/7529","targetHints":{"allow":["GET"]}}],"collection":[{"href":"https:\/\/dev.niezawodneczesci.pl\/sk\/wp-json\/wp\/v2\/product"}],"about":[{"href":"https:\/\/dev.niezawodneczesci.pl\/sk\/wp-json\/wp\/v2\/types\/product"}],"version-history":[{"count":1,"href":"https:\/\/dev.niezawodneczesci.pl\/sk\/wp-json\/wp\/v2\/product\/7529\/revisions"}],"predecessor-version":[{"id":25912,"href":"https:\/\/dev.niezawodneczesci.pl\/sk\/wp-json\/wp\/v2\/product\/7529\/revisions\/25912"}],"wp:featuredmedia":[{"embeddable":true,"href":"https:\/\/dev.niezawodneczesci.pl\/sk\/wp-json\/wp\/v2\/media\/18255"}],"wp:attachment":[{"href":"https:\/\/dev.niezawodneczesci.pl\/sk\/wp-json\/wp\/v2\/media?parent=7529"}],"wp:term":[{"taxonomy":"product_brand","embeddable":true,"href":"https:\/\/dev.niezawodneczesci.pl\/sk\/wp-json\/wp\/v2\/product_brand?post=7529"},{"taxonomy":"product_cat","embeddable":true,"href":"https:\/\/dev.niezawodneczesci.pl\/sk\/wp-json\/wp\/v2\/product_cat?post=7529"},{"taxonomy":"product_tag","embeddable":true,"href":"https:\/\/dev.niezawodneczesci.pl\/sk\/wp-json\/wp\/v2\/product_tag?post=7529"}],"curies":[{"name":"wp","href":"https:\/\/api.w.org\/{rel}","templated":true}]}}