{"id":7559,"date":"2021-06-16T11:53:22","date_gmt":"2021-06-16T09:53:22","guid":{"rendered":"https:\/\/niezawodneczesci.pl\/\/?post_type=product&#038;p=7559"},"modified":"2026-04-28T12:06:59","modified_gmt":"2026-04-28T10:06:59","slug":"klocki-hamulcowe-sunrich-przod-sr0640-04-1376","status":"publish","type":"product","link":"https:\/\/dev.niezawodneczesci.pl\/sk\/produkt\/klocki-hamulcowe-sunrich-przod-sr0640-04-1376\/","title":{"rendered":"BRZDOV\u00c9 DESTI\u010cKY SUNRICH PREDN\u00c9 SR0640.04-1376"},"content":{"rendered":"<p>Numer WVA<br \/>\n20676<br \/>\n20678<\/p>\n<p>\u010c\u00edsla v\u00fdrobcov<br \/>\nGDB1376<\/p>\n<p>OE \u010d\u00edsla<br \/>\nA.B.S.: 36898<br \/>\nA.B.S.: 36898OE<br \/>\nACDelco: AC625181D<br \/>\nAPEC: PAD930<br \/>\nAUDI: 8D0 698 151 C<br \/>\nAUDI: 8D0 698 151 E<br \/>\nAUDI: 8D0 698 151 F<br \/>\nAUTOMEGA: 3069801518D0C<br \/>\nBENDIX: 571921B<br \/>\nBORG &amp; BECK: BBP1620<br \/>\nBORG &amp; BECK: BBP1645<br \/>\nBOSCH: 0 986 424 481<br \/>\nBOSCH: F 026 000 050<br \/>\nBREMBO: P85036<br \/>\nBrake ENGINEERING: PA1944<br \/>\nDELPHI: LP1407<br \/>\nE.T.F.: 120679<br \/>\nFEBI BILSTEIN: 16322<br \/>\nFEBI BILSTEIN: 16338<br \/>\nFIRST LINE: FBP3245<br \/>\nFTE: BL1355A2<br \/>\nGALFER: B1G10201962<br \/>\nGALFER: B1G10203122<br \/>\nGIRLING: 6113762<br \/>\nHELLA: 8DB 355 007-881<br \/>\nHERZOG GERMANY: 886773<br \/>\nHERZOG GERMANY: 886898<br \/>\nICER: 181138<br \/>\nJP GROUP: 698650001ALT<br \/>\nJURID: 571921J<br \/>\nKAWE: 81402<br \/>\nLEMF\u00d6RDER: 24843 03<br \/>\nLPR: 05P669<br \/>\nLUCAS: LBP1471<br \/>\nMAGNETI MARELLI: 363702161097<br \/>\nMETELLI: 2201811<br \/>\nMEYLE: 025 216 2419<br \/>\nMEYLE: 025 216 2419\/PD<br \/>\nMINTEX: MDK0069<br \/>\nNECTO: FD6764A<br \/>\nNECTO: FD6764N<br \/>\nPAGID: T1093<br \/>\nPAGID: T1093ECO<br \/>\nPEX: 7442<br \/>\nPEX: 7442S<br \/>\nQH Benelux: 7294<br \/>\nQUINTON HAZELL: BP975<br \/>\nRAMEDER: T0610079<br \/>\nREMSA: 039040<br \/>\nREMSA: 39040<br \/>\nROULUNDS RUBBER: 625181<br \/>\nSPIDAN: 32727<br \/>\nSWAG: 30916338<br \/>\nTEXTAR: 2162402<br \/>\nTOPRAN: 108505<br \/>\nTRISCAN: 811029006<br \/>\nTRISCAN: 811029087<br \/>\nTRUSTING: 1881<br \/>\nVAICO: V108130<br \/>\nVALEO: 301355<br \/>\nVALEO: 597260<br \/>\nVALEO: 598355<br \/>\nVALEO: 598483<br \/>\nVW: 8D0 698 151 C<br \/>\nVW: 8D0 698 151 E<br \/>\nVW: 8D0 698 151 F<br \/>\nWAGNER: WBP21624A<br \/>\nZIMMERMANN: 10012030570<br \/>\nZIMMERMANN: 216242001<br \/>\nfri.tech.: 1881<\/p>","protected":false},"excerpt":{"rendered":"<p>Numer WVA 20676 20678 Numery producenta GDB1376 Numery OE A.B.S.: 36898 A.B.S.: 36898OE ACDelco: AC625181D APEC: PAD930 AUDI: 8D0 698 151 C AUDI: 8D0 698 151 E AUDI: 8D0 698 151 F AUTOMEGA: 3069801518D0C BENDIX: 571921B BORG &amp; BECK: BBP1620 BORG &amp; BECK: BBP1645 BOSCH: 0 986 424 481 BOSCH: F 026 000 050 BREMBO: [&hellip;]<\/p>\n","protected":false},"featured_media":17815,"template":"","meta":{"_monsterinsights_skip_tracking":false,"_monsterinsights_sitenote_active":false,"_monsterinsights_sitenote_note":"","_monsterinsights_sitenote_category":0},"product_brand":[],"product_cat":[149],"product_tag":[],"class_list":{"0":"post-7559","1":"product","2":"type-product","3":"status-publish","4":"has-post-thumbnail","6":"product_cat-klocki-hamulcowe","8":"first","9":"instock","10":"taxable","11":"shipping-taxable","12":"purchasable","13":"product-type-simple"},"_links":{"self":[{"href":"https:\/\/dev.niezawodneczesci.pl\/sk\/wp-json\/wp\/v2\/product\/7559","targetHints":{"allow":["GET"]}}],"collection":[{"href":"https:\/\/dev.niezawodneczesci.pl\/sk\/wp-json\/wp\/v2\/product"}],"about":[{"href":"https:\/\/dev.niezawodneczesci.pl\/sk\/wp-json\/wp\/v2\/types\/product"}],"version-history":[{"count":1,"href":"https:\/\/dev.niezawodneczesci.pl\/sk\/wp-json\/wp\/v2\/product\/7559\/revisions"}],"predecessor-version":[{"id":25888,"href":"https:\/\/dev.niezawodneczesci.pl\/sk\/wp-json\/wp\/v2\/product\/7559\/revisions\/25888"}],"wp:featuredmedia":[{"embeddable":true,"href":"https:\/\/dev.niezawodneczesci.pl\/sk\/wp-json\/wp\/v2\/media\/17815"}],"wp:attachment":[{"href":"https:\/\/dev.niezawodneczesci.pl\/sk\/wp-json\/wp\/v2\/media?parent=7559"}],"wp:term":[{"taxonomy":"product_brand","embeddable":true,"href":"https:\/\/dev.niezawodneczesci.pl\/sk\/wp-json\/wp\/v2\/product_brand?post=7559"},{"taxonomy":"product_cat","embeddable":true,"href":"https:\/\/dev.niezawodneczesci.pl\/sk\/wp-json\/wp\/v2\/product_cat?post=7559"},{"taxonomy":"product_tag","embeddable":true,"href":"https:\/\/dev.niezawodneczesci.pl\/sk\/wp-json\/wp\/v2\/product_tag?post=7559"}],"curies":[{"name":"wp","href":"https:\/\/api.w.org\/{rel}","templated":true}]}}