{"id":7563,"date":"2021-06-16T11:53:23","date_gmt":"2021-06-16T09:53:23","guid":{"rendered":"https:\/\/niezawodneczesci.pl\/\/?post_type=product&#038;p=7563"},"modified":"2026-04-24T12:46:03","modified_gmt":"2026-04-24T10:46:03","slug":"klocki-hamulcowe-gdb1307-audi-vw-skoda-seat","status":"publish","type":"product","link":"https:\/\/dev.niezawodneczesci.pl\/sk\/produkt\/klocki-hamulcowe-gdb1307-audi-vw-skoda-seat\/","title":{"rendered":"BRZDOV\u00c9 DESTI\u010cKY SUNRICH PREDN\u00c9 SR0640.02-1307"},"content":{"rendered":"<p>Numer WVA<br \/>\n20676<br \/>\n20678<br \/>\n21938<br \/>\n21939<br \/>\n23018<br \/>\n23019<\/p>\n<p>\u010c\u00edsla v\u00fdrobcov<br \/>\nGDB1307<\/p>\n<p>OE \u010d\u00edsla<br \/>\nA.B.S.: 37156<br \/>\nA.B.S.: 37156OE<br \/>\nACDelco: AC668681D<br \/>\nAISIN: BPVW-1010<br \/>\nAPEC: PAD964<br \/>\nATE: 13046071102<br \/>\nATE: 13046371102<br \/>\nATE: 13047071102<br \/>\nAUDI: 4B0 698 151<br \/>\nAUDI: 4B0 698 151 AB<br \/>\nAUDI: 4B0 698 151 AF<br \/>\nAUDI: 4B0 698 151 B<br \/>\nAUDI: 4B0 698 151 E<br \/>\nAUDI: 4B0 698 151 H<br \/>\nAUDI: 4B0 698 151 J<br \/>\nAUDI: 4B0 698 151 K<br \/>\nAUDI: 4B0 698 151 M<br \/>\nAUDI: 4B0 698 151 N<br \/>\nAUDI: 4B0 698 996 A<br \/>\nAUDI: 4BO 698 151 K<br \/>\nAUDI: 4D0 698 151 J<br \/>\nAUDI: 4F0 698 151<br \/>\nAUDI: 8E0 698 151 F<br \/>\nAUDI: 8E0 698 151 J<br \/>\nAUDI: 8E0 698 151 K<br \/>\nAUDI: 8E0 698 151 T<br \/>\nAUTOMEGA: 3069801514B0K<br \/>\nBENDIX: 571882B<br \/>\nBENDIX: 571982B<br \/>\nBENDIX: 571982X<br \/>\nBENDIX: 573037B<br \/>\nBENDIX: 573064B<br \/>\nBENDIX: DB1404<br \/>\nBENDIX-AU: DB1404<br \/>\nBENDIX-AU: DB1427<br \/>\nBLUE PRINT: ADV184213<br \/>\nBORG &amp; BECK: BBP1447<br \/>\nBORG &amp; BECK: BBP1575<br \/>\nBORG &amp; BECK: BBP1766<br \/>\nBOSCH: 0 986 424 482<br \/>\nBOSCH: 0 986 424 706<br \/>\nBOSCH: 0 986 494 050<br \/>\nBOSCH: 0 986 495 232<br \/>\nBOSCH: 0 986 495 241<br \/>\nBOSCH: 0 986 AB2 901<br \/>\nBOSCH: 0 986 AB3 816<br \/>\nBOSCH: 0 986 AB4 755<br \/>\nBOSCH: 0 986 TB2 018<br \/>\nBOSCH: 0 986 TB2 217<br \/>\nBREMBO: P 85 085X<br \/>\nBREMBO: P85037<br \/>\nBREMBO: P85040<br \/>\nBREMBO: P85051<br \/>\nBREMBO: P85085<br \/>\nBREMBO: P85085N<br \/>\nBREMBO: P85086<br \/>\nDELPHI: LP1129<br \/>\nDELPHI: LP1672<br \/>\nDELPHI: LP1687<br \/>\nDELPHI: LP1922<br \/>\nDITAS: DFB3114<br \/>\nE.T.F.: 120733<br \/>\nE.T.F.: 120816<br \/>\nE.T.F.: 121071<br \/>\nFEBI BILSTEIN: 16060<br \/>\nFEBI BILSTEIN: 16447<br \/>\nFEBI BILSTEIN: 16448<br \/>\nFEBI BILSTEIN: 16456<br \/>\nFERODO: FDB1297<br \/>\nFERODO: FDB1323<br \/>\nFERODO: FDB1668<br \/>\nFERODO: FDB1717<br \/>\nFERODO: FDB1827<br \/>\nFERODO: FDS1323<br \/>\nFERODO: FQT1323<br \/>\nFERODO: FQT1717<br \/>\nFERODO: FSL1323<br \/>\nFERODO: FSL1717<br \/>\nFERODO: TAR1323<br \/>\nFIRST LINE: FBP3064<br \/>\nFIRST LINE: FBP3198<br \/>\nFIRST LINE: FBP3272<br \/>\nFIRST LINE: FBP3396<br \/>\nFTE: BL1617A4<br \/>\nGALFER: B1G10203132<br \/>\nGIRLING: 6113072<br \/>\nHELLA: 8DB 355 008-411<br \/>\nHELLA: 8DB 355 008-531<br \/>\nHELLA: 8DB 355 010-731<br \/>\nHERZOG GERMANY: 887156<br \/>\nICER: 181331<br \/>\nICER: 181362<br \/>\nJP GROUP: 698530001ALT<br \/>\nJURID: 571982D<br \/>\nJURID: 571982J<br \/>\nJURID: 573037J<br \/>\nJURID: 573037JC<br \/>\nJURID: 573064J<br \/>\nKAGER: 350217<br \/>\nKAWE: 81201<br \/>\nKAWE: 81561<br \/>\nLEMF\u00d6RDER: 24821 04<br \/>\nLEMF\u00d6RDER: 25915 01<br \/>\nLPR: 05P1119<br \/>\nLPR: 05P453<br \/>\nLPR: 05P790<br \/>\nLUCAS: LBP1402<br \/>\nMAGNETI MARELLI: 363702160313<br \/>\nMETELLI: 2201813<br \/>\nMETELLI: 2203140<br \/>\nMETELLI: 2207740<br \/>\nMETZGER: 075202<br \/>\nMEYLE: 025 230 1820\/PD<br \/>\nMEYLE: 025 230 1820\/W<br \/>\nMGA: 419<br \/>\nMINTEX: MDB1826<br \/>\nMINTEX: MDB2231<br \/>\nMINTEX: MDK0210<br \/>\nNECTO: FD6786A<br \/>\nNECTO: FD6786N<br \/>\nNECTO: FD7145A<br \/>\nNECTO: FD7145N<br \/>\nNK: 224742<br \/>\nOPTIMAL: 12080<br \/>\nOPTIMAL: BP-12080<br \/>\nPAGID: T1149<br \/>\nPAGID: T1149EP<br \/>\nPAGID: T1388<br \/>\nPAGID: T1388EP<br \/>\nPEX: 7549<br \/>\nPEX: 7549S<br \/>\nQH Benelux: 7058<br \/>\nQH Benelux: 7493<br \/>\nQUINTON HAZELL: 839000<br \/>\nQUINTON HAZELL: BLF1022<br \/>\nQUINTON HAZELL: BP1022<br \/>\nRAMEDER: T0610118<br \/>\nRAMEDER: T0610795<br \/>\nREMSA: 039022<br \/>\nREMSA: 039052<br \/>\nREMSA: 130030<br \/>\nREMSA: 39022<br \/>\nREMSA: 39052<br \/>\nREMSA: 839000<br \/>\nREMY: RAP1040<br \/>\nROADHOUSE: 839000<br \/>\nROULUNDS RUBBER: 611681<br \/>\nROULUNDS RUBBER: 668681<br \/>\nRUVILLE: D55574340<br \/>\nRUVILLE: D84077150<br \/>\nSCT &#8211; MANNOL: SP259<br \/>\nSEAT: 4B0 698 151 H<br \/>\nSEAT: 4B0 698 151 J<br \/>\nSEAT: 4B0 698 151 K<br \/>\nSEAT: 4B0 698 151 M<br \/>\nSEAT: 4B0 698 151 N<br \/>\nSEAT: 4B0 698 996 A<br \/>\nSEAT: 8E0 698 151 J<br \/>\nSEAT: 8E0 698 151 K<br \/>\nSKODA: 4B0 698 151 AB<br \/>\nSKODA: 4B0 698 151 E<br \/>\nSKODA: 4B0 698 151 J<br \/>\nSKODA: 4B0 698 151 N<br \/>\nSKODA: 4B0 698 996 A<br \/>\nSKODA: 8E0 698 151 J<br \/>\nSKODA: 8E0 698 151 K<br \/>\nSPIDAN: 32370<br \/>\nSPIDAN: 32713<br \/>\nSPIDAN: 32946<br \/>\nSWAG: 30916060<br \/>\nSWAG: 30916447<br \/>\nSWAG: 30916448<br \/>\nSWAG: 30916456<br \/>\nTEXTAR: 2163901<br \/>\nTEXTAR: 2193801<br \/>\nTEXTAR: 2193820405<br \/>\nTEXTAR: 2193881<br \/>\nTEXTAR: 2193891<br \/>\nTEXTAR: 2301802<br \/>\nTEXTAR: 2301805<br \/>\nTEXTAR: 2301820405<br \/>\nTEXTAR: 2301881<br \/>\nTEXTAR: 2301891<br \/>\nTOPRAN: 109457<br \/>\nTRISCAN: 811029016<br \/>\nTRISCAN: 811029166<br \/>\nTRUCKTEC AUTOMOTIVE: 0735107<br \/>\nTRUSTING: 1883<br \/>\nTRUSTING: 3230<br \/>\nVAICO: V108146<br \/>\nVAICO: V1081461<br \/>\nVALEO: 301483<br \/>\nVALEO: 301751<br \/>\nVALEO: 597260<br \/>\nVALEO: 598483<br \/>\nVALEO: 598751<br \/>\nVALEO: 598779<br \/>\nVALEO: 601103<br \/>\nVW: 4B0 698 151<br \/>\nVW: 4B0 698 151 AB<br \/>\nVW: 4B0 698 151 AF<br \/>\nVW: 4B0 698 151 B<br \/>\nVW: 4B0 698 151 E<br \/>\nVW: 4B0 698 151 H<br \/>\nVW: 4B0 698 151 J<br \/>\nVW: 4B0 698 151 K<br \/>\nVW: 4B0 698 151 M<br \/>\nVW: 4B0 698 151 N<br \/>\nVW: 4B0 698 996 A<br \/>\nVW: 4BO 698 151 K<br \/>\nVW: 4D0 698 151 J<br \/>\nVW: 8E0 698 151 J<br \/>\nVW: 8E0 698 151 K<br \/>\nVW: JZW 698 151 N<br \/>\nWAGNER: WBP20676A<br \/>\nWAGNER: WBP20676B<br \/>\nWOKING: P290322<br \/>\nZIMMERMANN: 10292040570<br \/>\nZIMMERMANN: 10312030570<br \/>\nZIMMERMANN: 219382001<br \/>\nZIMMERMANN: 230182001<br \/>\nfri.tech.: 1883<br \/>\nfri.tech.: 3230<br \/>\nsbs: 224742<\/p>","protected":false},"excerpt":{"rendered":"<p>Numer WVA 20676 20678 21938 21939 23018 23019 Numery producenta GDB1307 Numery OE A.B.S.: 37156 A.B.S.: 37156OE ACDelco: AC668681D AISIN: BPVW-1010 APEC: PAD964 ATE: 13046071102 ATE: 13046371102 ATE: 13047071102 AUDI: 4B0 698 151 AUDI: 4B0 698 151 AB AUDI: 4B0 698 151 AF AUDI: 4B0 698 151 B AUDI: 4B0 698 151 E AUDI: 4B0 [&hellip;]<\/p>\n","protected":false},"featured_media":17807,"template":"","meta":{"_monsterinsights_skip_tracking":false,"_monsterinsights_sitenote_active":false,"_monsterinsights_sitenote_note":"","_monsterinsights_sitenote_category":0},"product_brand":[],"product_cat":[149],"product_tag":[],"class_list":{"0":"post-7563","1":"product","2":"type-product","3":"status-publish","4":"has-post-thumbnail","6":"product_cat-klocki-hamulcowe","8":"first","9":"instock","10":"taxable","11":"shipping-taxable","12":"purchasable","13":"product-type-simple"},"_links":{"self":[{"href":"https:\/\/dev.niezawodneczesci.pl\/sk\/wp-json\/wp\/v2\/product\/7563","targetHints":{"allow":["GET"]}}],"collection":[{"href":"https:\/\/dev.niezawodneczesci.pl\/sk\/wp-json\/wp\/v2\/product"}],"about":[{"href":"https:\/\/dev.niezawodneczesci.pl\/sk\/wp-json\/wp\/v2\/types\/product"}],"version-history":[{"count":1,"href":"https:\/\/dev.niezawodneczesci.pl\/sk\/wp-json\/wp\/v2\/product\/7563\/revisions"}],"predecessor-version":[{"id":23917,"href":"https:\/\/dev.niezawodneczesci.pl\/sk\/wp-json\/wp\/v2\/product\/7563\/revisions\/23917"}],"wp:featuredmedia":[{"embeddable":true,"href":"https:\/\/dev.niezawodneczesci.pl\/sk\/wp-json\/wp\/v2\/media\/17807"}],"wp:attachment":[{"href":"https:\/\/dev.niezawodneczesci.pl\/sk\/wp-json\/wp\/v2\/media?parent=7563"}],"wp:term":[{"taxonomy":"product_brand","embeddable":true,"href":"https:\/\/dev.niezawodneczesci.pl\/sk\/wp-json\/wp\/v2\/product_brand?post=7563"},{"taxonomy":"product_cat","embeddable":true,"href":"https:\/\/dev.niezawodneczesci.pl\/sk\/wp-json\/wp\/v2\/product_cat?post=7563"},{"taxonomy":"product_tag","embeddable":true,"href":"https:\/\/dev.niezawodneczesci.pl\/sk\/wp-json\/wp\/v2\/product_tag?post=7563"}],"curies":[{"name":"wp","href":"https:\/\/api.w.org\/{rel}","templated":true}]}}