{"id":7565,"date":"2021-06-16T11:53:23","date_gmt":"2021-06-16T09:53:23","guid":{"rendered":"https:\/\/niezawodneczesci.pl\/\/?post_type=product&#038;p=7565"},"modified":"2026-04-28T12:06:59","modified_gmt":"2026-04-28T10:06:59","slug":"klocki-hamulcowe-sunrich-przod-sr0639-01-1532","status":"publish","type":"product","link":"https:\/\/dev.niezawodneczesci.pl\/sk\/produkt\/klocki-hamulcowe-sunrich-przod-sr0639-01-1532\/","title":{"rendered":"BRZDOV\u00c9 DESTI\u010cKY SUNRICH SR0639.01-1532"},"content":{"rendered":"<p>Numer WVA<br \/>\n23440<br \/>\n23441<\/p>\n<p>\u010c\u00edsla v\u00fdrobcov<br \/>\nGDB1532<\/p>\n<p>OE \u010d\u00edsla<br \/>\nA.B.S.: 37349<br \/>\nA.B.S.: 37349OE<br \/>\nAPEC: PAD1326<br \/>\nATE: 13046071862<br \/>\nBENDIX: 573085<br \/>\nBENDIX: 573085B<br \/>\nBENDIX-AU: DB1666<br \/>\nBORG &amp; BECK: BBP1739<br \/>\nBOSCH: 0 986 424 701<br \/>\nBOSCH: 0 986 495 066<br \/>\nBOSCH: 0 986 TB2 446<br \/>\nBREMBO: P24058<br \/>\nBREMBO: P24058N<br \/>\nBrake ENGINEERING: PA1426<br \/>\nDELPHI: LP1724<br \/>\nDITAS: DFB2532<br \/>\nE.T.F.: 121078<br \/>\nFEBI BILSTEIN: 16570<br \/>\nFERODO: FDB1568<br \/>\nFERODO: FSL1568<br \/>\nFERODO: FVR1568<br \/>\nFIRST LINE: FBP3368<br \/>\nFORD: 1360303<br \/>\nFORD: 2M5V-2K021-AA<br \/>\nFORD: 2M5Z-2001-AB<br \/>\nFORD: 2T14-2K021-AC<br \/>\nFORD: 2T1J-2K021-AA<br \/>\nFORD: 2T1Z2001A<br \/>\nFORD: 2T1Z2001C<br \/>\nFORD: 4346371<br \/>\nFORD: 4387361<br \/>\nFORD: 4427737<br \/>\nFORD: AT1Z2001A<br \/>\nFORD USA: 2M5V-2K021-AA<br \/>\nFORD USA: 2M5Z-2001-AB<br \/>\nFORD USA: 2T1Z2001A<br \/>\nFORD USA: 2T1Z2001C<br \/>\nFORD USA: AT1Z2001A<br \/>\nFTE: BL1815A1<br \/>\nGIRLING: 6115322<br \/>\nHELLA: 8DB 355 009-561<br \/>\nICER: 181537<br \/>\nJURID: 573085D<br \/>\nJURID: 573085J<br \/>\nJURID: 573085JC<br \/>\nKAWE: 81577<br \/>\nLPR: 05P906<br \/>\nLPR: 05P913<br \/>\nLUCAS: LBP1627<br \/>\nMAGNETI MARELLI: 363702161249<br \/>\nMERITOR: MVP2007<br \/>\nMETELLI: 2205330<br \/>\nMETZGER: 098400<br \/>\nMEYLE: 025 234 4017<br \/>\nMGA: 695<br \/>\nMINTEX: MDB2272<br \/>\nMINTEX: MDB2793<br \/>\nNECTO: FD7034N<br \/>\nNECTO: FD7034V<br \/>\nNK: 222560<br \/>\nOPTIMAL: 12133<br \/>\nOPTIMAL: BP-12133<br \/>\nPAGID: T1261<br \/>\nPEX: 7691<br \/>\nQH Benelux: 7507<br \/>\nQUINTON HAZELL: BP1358<br \/>\nRAMEDER: T0610817<br \/>\nRAMEDER: T0610864<br \/>\nREMSA: 098400<br \/>\nREMSA: 98400<br \/>\nROULUNDS RUBBER: 814981<br \/>\nRUVILLE: D97078710<br \/>\nSPIDAN: 32458<br \/>\nSWAG: 50916570<br \/>\nTEXTAR: 2344004<br \/>\nTEXTAR: 2344017605<br \/>\nTRISCAN: 811016012<br \/>\nTRUSTING: 5490<br \/>\nVAICO: V258111<br \/>\nVALEO: 301639<br \/>\nVALEO: 598639<br \/>\nVALEO: 872440<br \/>\nWAGNER: WBP23440A<br \/>\nZIMMERMANN: 234401751<br \/>\nfri.tech.: 5490<br \/>\nsbs: 222560<\/p>","protected":false},"excerpt":{"rendered":"<p>Numer WVA 23440 23441 Numery producenta GDB1532 Numery OE A.B.S.: 37349 A.B.S.: 37349OE APEC: PAD1326 ATE: 13046071862 BENDIX: 573085 BENDIX: 573085B BENDIX-AU: DB1666 BORG &amp; BECK: BBP1739 BOSCH: 0 986 424 701 BOSCH: 0 986 495 066 BOSCH: 0 986 TB2 446 BREMBO: P24058 BREMBO: P24058N Brake ENGINEERING: PA1426 DELPHI: LP1724 DITAS: DFB2532 E.T.F.: 121078 [&hellip;]<\/p>\n","protected":false},"featured_media":17801,"template":"","meta":{"_monsterinsights_skip_tracking":false,"_monsterinsights_sitenote_active":false,"_monsterinsights_sitenote_note":"","_monsterinsights_sitenote_category":0},"product_brand":[],"product_cat":[149],"product_tag":[],"class_list":{"0":"post-7565","1":"product","2":"type-product","3":"status-publish","4":"has-post-thumbnail","6":"product_cat-klocki-hamulcowe","8":"first","9":"instock","10":"taxable","11":"shipping-taxable","12":"purchasable","13":"product-type-simple"},"_links":{"self":[{"href":"https:\/\/dev.niezawodneczesci.pl\/sk\/wp-json\/wp\/v2\/product\/7565","targetHints":{"allow":["GET"]}}],"collection":[{"href":"https:\/\/dev.niezawodneczesci.pl\/sk\/wp-json\/wp\/v2\/product"}],"about":[{"href":"https:\/\/dev.niezawodneczesci.pl\/sk\/wp-json\/wp\/v2\/types\/product"}],"version-history":[{"count":1,"href":"https:\/\/dev.niezawodneczesci.pl\/sk\/wp-json\/wp\/v2\/product\/7565\/revisions"}],"predecessor-version":[{"id":25885,"href":"https:\/\/dev.niezawodneczesci.pl\/sk\/wp-json\/wp\/v2\/product\/7565\/revisions\/25885"}],"wp:featuredmedia":[{"embeddable":true,"href":"https:\/\/dev.niezawodneczesci.pl\/sk\/wp-json\/wp\/v2\/media\/17801"}],"wp:attachment":[{"href":"https:\/\/dev.niezawodneczesci.pl\/sk\/wp-json\/wp\/v2\/media?parent=7565"}],"wp:term":[{"taxonomy":"product_brand","embeddable":true,"href":"https:\/\/dev.niezawodneczesci.pl\/sk\/wp-json\/wp\/v2\/product_brand?post=7565"},{"taxonomy":"product_cat","embeddable":true,"href":"https:\/\/dev.niezawodneczesci.pl\/sk\/wp-json\/wp\/v2\/product_cat?post=7565"},{"taxonomy":"product_tag","embeddable":true,"href":"https:\/\/dev.niezawodneczesci.pl\/sk\/wp-json\/wp\/v2\/product_tag?post=7565"}],"curies":[{"name":"wp","href":"https:\/\/api.w.org\/{rel}","templated":true}]}}