{"id":7595,"date":"2021-06-16T11:53:31","date_gmt":"2021-06-16T09:53:31","guid":{"rendered":"https:\/\/niezawodneczesci.pl\/\/?post_type=product&#038;p=7595"},"modified":"2026-04-28T12:06:58","modified_gmt":"2026-04-28T10:06:58","slug":"klocki-hamulcowe-sunrich-przod-sr0515-01-1683","status":"publish","type":"product","link":"https:\/\/dev.niezawodneczesci.pl\/sk\/produkt\/klocki-hamulcowe-sunrich-przod-sr0515-01-1683\/","title":{"rendered":"BRZDOV\u00c9 DESTI\u010cKY SUNRICH PREDN\u00c9 SR0515.01-1683"},"content":{"rendered":"<p>Numer WVA<br \/>\n24123<br \/>\n24124<\/p>\n<p>\u010c\u00edsla v\u00fdrobcov<br \/>\nGDB1683<\/p>\n<p>OE \u010d\u00edsla<br \/>\nA.B.S.: 37568<br \/>\nAPEC: PAD1503<br \/>\nATE: 13046072282<br \/>\nATE: 13047072282<br \/>\nBENDIX: DB1998<br \/>\nBENDIX-AU: DB1998<br \/>\nBLUE PRINT: ADF124205<br \/>\nBORG &amp; BECK: BBP1981<br \/>\nBOSCH: 0 986 494 169<br \/>\nBOSCH: 0 986 494 246<br \/>\nBOSCH: 0 986 494 342<br \/>\nBOSCH: 0 986 AB2 966<br \/>\nBOSCH: 0 986 AB3 950<br \/>\nBOSCH: 0 986 TB2 939<br \/>\nBREMBO: P24076<br \/>\nDELPHI: LP1967<br \/>\nDITAS: DFB2712<br \/>\nE.T.F.: 121297<br \/>\nFEBI BILSTEIN: 16613<br \/>\nFERODO: FDB1897<br \/>\nFERODO: FSL1897<br \/>\nFIRST LINE: FBP3624<br \/>\nFORD: 1379971<br \/>\nFORD: 1427386<br \/>\nFORD: 1432363<br \/>\nFORD: 1436498<br \/>\nFORD: 1437761<br \/>\nFORD: 1458247<br \/>\nFORD: 1566232<br \/>\nFORD: 6G912K021A2C<br \/>\nFORD: 6G912K021A2D<br \/>\nFORD: ME6G-9J2K021-AA<br \/>\nHELLA: 8DB 355 019-881<br \/>\nICER: 181775<br \/>\nJURID: 573201D<br \/>\nJURID: 573201J<br \/>\nJURID: 573201JAS<br \/>\nJURID: 573201JC<br \/>\nKAGER: 351043<br \/>\nLAND ROVER: LR001017<br \/>\nLAND ROVER: LR004936<br \/>\nLPR: 05P1255<br \/>\nMAGNETI MARELLI: 363702161469<br \/>\nMETELLI: 2206750<br \/>\nMETZGER: 121900<br \/>\nMEYLE: 025 241 2319<br \/>\nMEYLE: 025 241 2319\/PD<br \/>\nMINTEX: MDB2860<br \/>\nNK: 222568<br \/>\nOPTIMAL: BP-12505<br \/>\nPAGID: T1653<br \/>\nPEX: 7879<br \/>\nQH Benelux: 7778<br \/>\nQUINTON HAZELL: BP1558<br \/>\nREMSA: 121900<br \/>\nREMSA: 121910<br \/>\nROULUNDS RUBBER: 846581<br \/>\nSPIDAN: 32995<br \/>\nSWAG: 50916613<br \/>\nTEXTAR: 2412301<br \/>\nTEXTAR: 2412307<br \/>\nVALEO: 301879<br \/>\nVALEO: 598879<br \/>\nVOLVO: 30736319<br \/>\nVOLVO: 30778910<br \/>\nVOLVO: 30793107<br \/>\nVOLVO: 30793540<br \/>\nVOLVO: 30793941<br \/>\nWAGNER: WBP24123A<br \/>\nZIMMERMANN: 241232001<br \/>\nsbs: 222568<\/p>","protected":false},"excerpt":{"rendered":"<p>Numer WVA 24123 24124 Numery producenta GDB1683 Numery OE A.B.S.: 37568 APEC: PAD1503 ATE: 13046072282 ATE: 13047072282 BENDIX: DB1998 BENDIX-AU: DB1998 BLUE PRINT: ADF124205 BORG &amp; BECK: BBP1981 BOSCH: 0 986 494 169 BOSCH: 0 986 494 246 BOSCH: 0 986 494 342 BOSCH: 0 986 AB2 966 BOSCH: 0 986 AB3 950 BOSCH: 0 [&hellip;]<\/p>\n","protected":false},"featured_media":17735,"template":"","meta":{"_monsterinsights_skip_tracking":false,"_monsterinsights_sitenote_active":false,"_monsterinsights_sitenote_note":"","_monsterinsights_sitenote_category":0},"product_brand":[],"product_cat":[149],"product_tag":[],"class_list":{"0":"post-7595","1":"product","2":"type-product","3":"status-publish","4":"has-post-thumbnail","6":"product_cat-klocki-hamulcowe","8":"first","9":"outofstock","10":"taxable","11":"shipping-taxable","12":"purchasable","13":"product-type-simple"},"_links":{"self":[{"href":"https:\/\/dev.niezawodneczesci.pl\/sk\/wp-json\/wp\/v2\/product\/7595","targetHints":{"allow":["GET"]}}],"collection":[{"href":"https:\/\/dev.niezawodneczesci.pl\/sk\/wp-json\/wp\/v2\/product"}],"about":[{"href":"https:\/\/dev.niezawodneczesci.pl\/sk\/wp-json\/wp\/v2\/types\/product"}],"version-history":[{"count":1,"href":"https:\/\/dev.niezawodneczesci.pl\/sk\/wp-json\/wp\/v2\/product\/7595\/revisions"}],"predecessor-version":[{"id":25853,"href":"https:\/\/dev.niezawodneczesci.pl\/sk\/wp-json\/wp\/v2\/product\/7595\/revisions\/25853"}],"wp:featuredmedia":[{"embeddable":true,"href":"https:\/\/dev.niezawodneczesci.pl\/sk\/wp-json\/wp\/v2\/media\/17735"}],"wp:attachment":[{"href":"https:\/\/dev.niezawodneczesci.pl\/sk\/wp-json\/wp\/v2\/media?parent=7595"}],"wp:term":[{"taxonomy":"product_brand","embeddable":true,"href":"https:\/\/dev.niezawodneczesci.pl\/sk\/wp-json\/wp\/v2\/product_brand?post=7595"},{"taxonomy":"product_cat","embeddable":true,"href":"https:\/\/dev.niezawodneczesci.pl\/sk\/wp-json\/wp\/v2\/product_cat?post=7595"},{"taxonomy":"product_tag","embeddable":true,"href":"https:\/\/dev.niezawodneczesci.pl\/sk\/wp-json\/wp\/v2\/product_tag?post=7595"}],"curies":[{"name":"wp","href":"https:\/\/api.w.org\/{rel}","templated":true}]}}