{"id":7597,"date":"2021-06-16T11:53:32","date_gmt":"2021-06-16T09:53:32","guid":{"rendered":"https:\/\/niezawodneczesci.pl\/\/?post_type=product&#038;p=7597"},"modified":"2026-04-28T12:06:58","modified_gmt":"2026-04-28T10:06:58","slug":"klocki-hamulcowe-sunrich-przod-sr0514-05-1588","status":"publish","type":"product","link":"https:\/\/dev.niezawodneczesci.pl\/sk\/produkt\/klocki-hamulcowe-sunrich-przod-sr0514-05-1588\/","title":{"rendered":"BRZDOV\u00c9 DESTI\u010cKY SUNRICH PREDN\u00c9 SR0514.05-1588"},"content":{"rendered":"<p>Numer WVA<br \/>\n20907<\/p>\n<p>\u010c\u00edsla v\u00fdrobcov<br \/>\nGDB1588<\/p>\n<p>OE \u010d\u00edsla<br \/>\nA.B.S.: 37286<br \/>\nAISIN: BPFI-1022<br \/>\nAKRON-MAL\u00d2: 1050911<br \/>\nAPEC: PAD1330<br \/>\nAPEC: PD3153<br \/>\nASIMCO: KD7556<br \/>\nATE: 13046071412<br \/>\nBENDIX: 573130B<br \/>\nBORG &amp; BECK: BBP1886<br \/>\nBOSCH: 0 986 424 554<br \/>\nBOSCH: 0 986 495 016<br \/>\nBOSCH: 0 986 TB2 541<br \/>\nBREMBO: P23118<br \/>\nBrake ENGINEERING: PA1792<br \/>\nDELPHI: LP1796<br \/>\nDITAS: DFB3676<br \/>\nE.T.F.: 120951<br \/>\nFEBI BILSTEIN: 116056<br \/>\nFERODO: FDB1376<br \/>\nFERODO: FDS1376<br \/>\nFERODO: FSL1376<br \/>\nFIAT: 71770964<br \/>\nFIAT: 77362205<br \/>\nFIAT: 77363496<br \/>\nFIRST LINE: FBP3519<br \/>\nFTE: BL1813A1<br \/>\nGALFER: B1G10204962<br \/>\nGIRLING: 6115882<br \/>\nHELLA: 8DB 355 010-321<br \/>\nHELLA PAGID: 8DB 355 010-321<br \/>\nICER: 181508<br \/>\nJAPANPARTS: PA-0017AF<br \/>\nJURID: 573130J<br \/>\nKAWE: 81702<br \/>\nLPR: 05P756<br \/>\nMAGNETI MARELLI: 363702161186<br \/>\nMAPCO: 6557<br \/>\nMETELLI: 2202742<br \/>\nMEYLE: 025 238 4218<br \/>\nMEYLE: 025 238 4218\/PD<br \/>\nMGA: 704<br \/>\nMINTEX: MDB2532<br \/>\nNK: 222376<br \/>\nOPEN PARTS: BPA0172.30<br \/>\nPAGID: T1345<br \/>\nQH Benelux: 7647<br \/>\nQUINTON HAZELL: BP1402<br \/>\nREMSA: 017230<br \/>\nREMSA: 17230<br \/>\nREMY: RAP1483<br \/>\nROULUNDS RUBBER: 691781<br \/>\nSPIDAN: 32827<br \/>\nSWAG: 70 11 6056<br \/>\nTEXTAR: 2384201<br \/>\nTRISCAN: 811015047<br \/>\nTRUSTING: 2832<br \/>\nVALEO: 302023<br \/>\nVALEO: 598422<br \/>\nWAGNER: WBP23552A<br \/>\nZIMMERMANN: 235521801<br \/>\nfri.tech.: 2832<br \/>\nsbs: 1501222376<\/p>","protected":false},"excerpt":{"rendered":"<p>Numer WVA 20907 Numery producenta GDB1588 Numery OE A.B.S.: 37286 AISIN: BPFI-1022 AKRON-MAL\u00d2: 1050911 APEC: PAD1330 APEC: PD3153 ASIMCO: KD7556 ATE: 13046071412 BENDIX: 573130B BORG &amp; BECK: BBP1886 BOSCH: 0 986 424 554 BOSCH: 0 986 495 016 BOSCH: 0 986 TB2 541 BREMBO: P23118 Brake ENGINEERING: PA1792 DELPHI: LP1796 DITAS: DFB3676 E.T.F.: 120951 FEBI [&hellip;]<\/p>\n","protected":false},"featured_media":17732,"template":"","meta":{"_monsterinsights_skip_tracking":false,"_monsterinsights_sitenote_active":false,"_monsterinsights_sitenote_note":"","_monsterinsights_sitenote_category":0},"product_brand":[],"product_cat":[149],"product_tag":[],"class_list":{"0":"post-7597","1":"product","2":"type-product","3":"status-publish","4":"has-post-thumbnail","6":"product_cat-klocki-hamulcowe","8":"first","9":"instock","10":"taxable","11":"shipping-taxable","12":"purchasable","13":"product-type-simple"},"_links":{"self":[{"href":"https:\/\/dev.niezawodneczesci.pl\/sk\/wp-json\/wp\/v2\/product\/7597","targetHints":{"allow":["GET"]}}],"collection":[{"href":"https:\/\/dev.niezawodneczesci.pl\/sk\/wp-json\/wp\/v2\/product"}],"about":[{"href":"https:\/\/dev.niezawodneczesci.pl\/sk\/wp-json\/wp\/v2\/types\/product"}],"version-history":[{"count":1,"href":"https:\/\/dev.niezawodneczesci.pl\/sk\/wp-json\/wp\/v2\/product\/7597\/revisions"}],"predecessor-version":[{"id":25850,"href":"https:\/\/dev.niezawodneczesci.pl\/sk\/wp-json\/wp\/v2\/product\/7597\/revisions\/25850"}],"wp:featuredmedia":[{"embeddable":true,"href":"https:\/\/dev.niezawodneczesci.pl\/sk\/wp-json\/wp\/v2\/media\/17732"}],"wp:attachment":[{"href":"https:\/\/dev.niezawodneczesci.pl\/sk\/wp-json\/wp\/v2\/media?parent=7597"}],"wp:term":[{"taxonomy":"product_brand","embeddable":true,"href":"https:\/\/dev.niezawodneczesci.pl\/sk\/wp-json\/wp\/v2\/product_brand?post=7597"},{"taxonomy":"product_cat","embeddable":true,"href":"https:\/\/dev.niezawodneczesci.pl\/sk\/wp-json\/wp\/v2\/product_cat?post=7597"},{"taxonomy":"product_tag","embeddable":true,"href":"https:\/\/dev.niezawodneczesci.pl\/sk\/wp-json\/wp\/v2\/product_tag?post=7597"}],"curies":[{"name":"wp","href":"https:\/\/api.w.org\/{rel}","templated":true}]}}