{"id":7603,"date":"2021-06-16T11:53:33","date_gmt":"2021-06-16T09:53:33","guid":{"rendered":"https:\/\/niezawodneczesci.pl\/\/?post_type=product&#038;p=7603"},"modified":"2026-04-28T12:06:58","modified_gmt":"2026-04-28T10:06:58","slug":"klocki-hamulcowe-sunrich-przod-sr0497-03-1829","status":"publish","type":"product","link":"https:\/\/dev.niezawodneczesci.pl\/sk\/produkt\/klocki-hamulcowe-sunrich-przod-sr0497-03-1829\/","title":{"rendered":"BRZDOV\u00c9 DESTI\u010cKY SUNRICH PREDN\u00c9 SR0497.03-1829"},"content":{"rendered":"<p>Numer WVA<br \/>\n23708;<br \/>\n23709;<br \/>\n23981<\/p>\n<p>\u010c\u00edsla v\u00fdrobcov<br \/>\nGDB1829<\/p>\n<p>OE \u010d\u00edsla<br \/>\nABARTH: 71770094<br \/>\nABARTH: 77365468<br \/>\nABARTH: 77366530<br \/>\nATE: 13046038642<br \/>\nBLUE PRINT: ADL144213<br \/>\nBORG &amp; BECK: BBP2317<br \/>\nBOSCH: 0 986 494 464<br \/>\nBOSCH: 0 986 TB3 079<br \/>\nBREMBO: P23137<br \/>\nDELPHI: LP2240<br \/>\nFEBI BILSTEIN: 16554<br \/>\nFIAT: 71770012<br \/>\nFIAT: 71770094<br \/>\nFIAT: 77365468<br \/>\nFIAT: 77366530<br \/>\nGIRLING: 6118294<br \/>\nHELLA: 8DB 355 018-831<br \/>\nICER: 181440203<br \/>\nJURID: 573075D<br \/>\nJURID: 573075J<br \/>\nJURID: 573075JC<br \/>\nJURID: 573165J<br \/>\nJURID: 573171J<br \/>\nLPR: 05P1657<br \/>\nMETELLI: 2203223<br \/>\nMEYLE: 025 237 0918\/PD<br \/>\nMEYLE: 025 237 0918\/W<br \/>\nMINTEX: MDB2240<br \/>\nPAGID: T2054<br \/>\nPAGID: T5163<br \/>\nREMSA: 085901<br \/>\nREMSA: 085912<br \/>\nREMSA: 85901<br \/>\nREMSA: 85912<br \/>\nTEXTAR: 2370802<br \/>\nTEXTAR: 2370818215<br \/>\nTEXTAR: 2370901<br \/>\nVALEO: 301050<br \/>\nVALEO: 601069<br \/>\nWAGNER: WBP23708A<br \/>\nZIMMERMANN: 237091901<br \/>\nfri.tech.: 3313<\/p>","protected":false},"excerpt":{"rendered":"<p>Numer WVA 23708; 23709; 23981 Numery producenta GDB1829 Numery OE ABARTH: 71770094 ABARTH: 77365468 ABARTH: 77366530 ATE: 13046038642 BLUE PRINT: ADL144213 BORG &amp; BECK: BBP2317 BOSCH: 0 986 494 464 BOSCH: 0 986 TB3 079 BREMBO: P23137 DELPHI: LP2240 FEBI BILSTEIN: 16554 FIAT: 71770012 FIAT: 71770094 FIAT: 77365468 FIAT: 77366530 GIRLING: 6118294 HELLA: 8DB 355 [&hellip;]<\/p>\n","protected":false},"featured_media":19762,"template":"","meta":{"_monsterinsights_skip_tracking":false,"_monsterinsights_sitenote_active":false,"_monsterinsights_sitenote_note":"","_monsterinsights_sitenote_category":0},"product_brand":[],"product_cat":[149,447],"product_tag":[],"class_list":{"0":"post-7603","1":"product","2":"type-product","3":"status-publish","4":"has-post-thumbnail","6":"product_cat-klocki-hamulcowe","7":"product_cat-promocja","9":"first","10":"instock","11":"sale","12":"taxable","13":"shipping-taxable","14":"purchasable","15":"product-type-simple"},"_links":{"self":[{"href":"https:\/\/dev.niezawodneczesci.pl\/sk\/wp-json\/wp\/v2\/product\/7603","targetHints":{"allow":["GET"]}}],"collection":[{"href":"https:\/\/dev.niezawodneczesci.pl\/sk\/wp-json\/wp\/v2\/product"}],"about":[{"href":"https:\/\/dev.niezawodneczesci.pl\/sk\/wp-json\/wp\/v2\/types\/product"}],"version-history":[{"count":1,"href":"https:\/\/dev.niezawodneczesci.pl\/sk\/wp-json\/wp\/v2\/product\/7603\/revisions"}],"predecessor-version":[{"id":25841,"href":"https:\/\/dev.niezawodneczesci.pl\/sk\/wp-json\/wp\/v2\/product\/7603\/revisions\/25841"}],"wp:featuredmedia":[{"embeddable":true,"href":"https:\/\/dev.niezawodneczesci.pl\/sk\/wp-json\/wp\/v2\/media\/19762"}],"wp:attachment":[{"href":"https:\/\/dev.niezawodneczesci.pl\/sk\/wp-json\/wp\/v2\/media?parent=7603"}],"wp:term":[{"taxonomy":"product_brand","embeddable":true,"href":"https:\/\/dev.niezawodneczesci.pl\/sk\/wp-json\/wp\/v2\/product_brand?post=7603"},{"taxonomy":"product_cat","embeddable":true,"href":"https:\/\/dev.niezawodneczesci.pl\/sk\/wp-json\/wp\/v2\/product_cat?post=7603"},{"taxonomy":"product_tag","embeddable":true,"href":"https:\/\/dev.niezawodneczesci.pl\/sk\/wp-json\/wp\/v2\/product_tag?post=7603"}],"curies":[{"name":"wp","href":"https:\/\/api.w.org\/{rel}","templated":true}]}}