{"id":7611,"date":"2021-06-16T11:53:34","date_gmt":"2021-06-16T09:53:34","guid":{"rendered":"https:\/\/niezawodneczesci.pl\/\/?post_type=product&#038;p=7611"},"modified":"2026-04-28T12:06:57","modified_gmt":"2026-04-28T10:06:57","slug":"klocki-hamulcowe-sunrich-przod-sr0479-01-1736","status":"publish","type":"product","link":"https:\/\/dev.niezawodneczesci.pl\/sk\/produkt\/klocki-hamulcowe-sunrich-przod-sr0479-01-1736\/","title":{"rendered":"BRZDOV\u00c9 DESTI\u010cKY SUNRICH PREDN\u00c9 SR0479.01-1736"},"content":{"rendered":"<p>Numer WVA<br \/>\n24306<\/p>\n<p>\u010c\u00edsla v\u00fdrobcov<br \/>\nGDB1736<\/p>\n<p>OE \u010d\u00edsla<br \/>\nAISIN: BPMB-1002<br \/>\nAPEC: PAD1565<br \/>\nATE: 13046027322<br \/>\nATE: 13046027332<br \/>\nATE: 13047027322<br \/>\nATE: 13047027332<br \/>\nBENDIX: 573257B<br \/>\nBENDIX: DB2181<br \/>\nBENDIX-AU: DB2181<br \/>\nBLUE PRINT: ADU174206<br \/>\nBORG &amp; BECK: BBP2008<br \/>\nBOSCH: 0 986 494 161<br \/>\nBOSCH: 0 986 494 593<br \/>\nBOSCH: 0 986 494 667<br \/>\nBOSCH: 0 986 495 104<br \/>\nBOSCH: 0 986 TB3 048<br \/>\nBREMBO: P50067<br \/>\nBREMBO: P50070<br \/>\nBREMBO: P50071<br \/>\nDELPHI: LP2028<br \/>\nFEBI BILSTEIN: 16749<br \/>\nFERODO: FDB1978<br \/>\nFERODO: FDB4199<br \/>\nFERODO: FSL1978<br \/>\nFIRST LINE: FBP3651<br \/>\nFTE: BL2027A4<br \/>\nFTE: BL2028A4<br \/>\nFTE: BL2029A4<br \/>\nHELLA: 8DB 355 012-581<br \/>\nHELLA: 8DB 355 012-601<br \/>\nHELLA: 8DB 355 012-751<br \/>\nICER: 181821<br \/>\nJURID: 573257J<br \/>\nJURID: 573257JC<br \/>\nLUCAS: LBP1831<br \/>\nMERCEDES-BENZ: 0004200305<br \/>\nMERCEDES-BENZ: 005 420 08 20<br \/>\nMERCEDES-BENZ: 005 420 09 20<br \/>\nMERCEDES-BENZ: 005 420 12 20<br \/>\nMERCEDES-BENZ: 005 420 15 20<br \/>\nMERCEDES-BENZ: 006 420 71 20<br \/>\nMERCEDES-BENZ: 007 420 16 20<br \/>\nMERCEDES-BENZ: 007 420 55 20<br \/>\nMERCEDES-BENZ: 007 420 56 20<br \/>\nMERCEDES-BENZ: 007 420 92 20<br \/>\nMERCEDES-BENZ: 74205520<br \/>\nMERCEDES-BENZ: 74205620<br \/>\nMERCEDES-BENZ: A 000 420 03 05<br \/>\nMERCEDES-BENZ: A 000 420 10 05<br \/>\nMERCEDES-BENZ: A 005 420 08 20<br \/>\nMERCEDES-BENZ: A 005 420 09 20<br \/>\nMERCEDES-BENZ: A 005 420 12 20<br \/>\nMERCEDES-BENZ: A 005 420 15 20<br \/>\nMERCEDES-BENZ: A 006 420 71 20<br \/>\nMERCEDES-BENZ: A 007 420 16 20<br \/>\nMERCEDES-BENZ: A 007 420 55 20<br \/>\nMERCEDES-BENZ: A 007 420 56 20<br \/>\nMERCEDES-BENZ: A 007 420 92 20<br \/>\nMETELLI: 2206650<br \/>\nMETZGER: 130100<br \/>\nMEYLE: 025 243 0620-1\/PD<br \/>\nMEYLE: 025 243 0620-2\/PD<br \/>\nMEYLE: 025 243 0620\/K1<br \/>\nMEYLE: 025 243 0620\/K2<br \/>\nMGA: 912<br \/>\nMINTEX: MDB2830<br \/>\nNK: 223366<br \/>\nOPTIMAL: 12387<br \/>\nOPTIMAL: BP-12387<br \/>\nPAGID: T1622<br \/>\nPAGID: T1622EP<br \/>\nPAGID: T1623<br \/>\nPAGID: T1623EP<br \/>\nPAGID: T1638<br \/>\nQUINTON HAZELL: BP1583<br \/>\nREMSA: 130100<br \/>\nSWAG: 10 91 6749<br \/>\nTEXTAR: 2430601<br \/>\nTEXTAR: 2430602<br \/>\nTEXTAR: 2430603<br \/>\nTEXTAR: 2430620615<br \/>\nTEXTAR: 2430681<br \/>\nTEXTAR: 2430682<br \/>\nTEXTAR: 2430691<br \/>\nTEXTAR: 2430692<br \/>\nTRISCAN: 811023060<br \/>\nTRUCKTEC AUTOMOTIVE: 0235232<br \/>\nVALEO: 598963<br \/>\nWAGNER: WBP24306A<br \/>\nZIMMERMANN: 243062051<br \/>\nZIMMERMANN: 243062052<br \/>\nZIMMERMANN: 243062053<\/p>","protected":false},"excerpt":{"rendered":"<p>Numer WVA 24306 Numery producenta GDB1736 Numery OE AISIN: BPMB-1002 APEC: PAD1565 ATE: 13046027322 ATE: 13046027332 ATE: 13047027322 ATE: 13047027332 BENDIX: 573257B BENDIX: DB2181 BENDIX-AU: DB2181 BLUE PRINT: ADU174206 BORG &amp; BECK: BBP2008 BOSCH: 0 986 494 161 BOSCH: 0 986 494 593 BOSCH: 0 986 494 667 BOSCH: 0 986 495 104 BOSCH: 0 [&hellip;]<\/p>\n","protected":false},"featured_media":17708,"template":"","meta":{"_monsterinsights_skip_tracking":false,"_monsterinsights_sitenote_active":false,"_monsterinsights_sitenote_note":"","_monsterinsights_sitenote_category":0},"product_brand":[],"product_cat":[149],"product_tag":[],"class_list":{"0":"post-7611","1":"product","2":"type-product","3":"status-publish","4":"has-post-thumbnail","6":"product_cat-klocki-hamulcowe","8":"first","9":"instock","10":"taxable","11":"shipping-taxable","12":"purchasable","13":"product-type-simple"},"_links":{"self":[{"href":"https:\/\/dev.niezawodneczesci.pl\/sk\/wp-json\/wp\/v2\/product\/7611","targetHints":{"allow":["GET"]}}],"collection":[{"href":"https:\/\/dev.niezawodneczesci.pl\/sk\/wp-json\/wp\/v2\/product"}],"about":[{"href":"https:\/\/dev.niezawodneczesci.pl\/sk\/wp-json\/wp\/v2\/types\/product"}],"version-history":[{"count":1,"href":"https:\/\/dev.niezawodneczesci.pl\/sk\/wp-json\/wp\/v2\/product\/7611\/revisions"}],"predecessor-version":[{"id":25836,"href":"https:\/\/dev.niezawodneczesci.pl\/sk\/wp-json\/wp\/v2\/product\/7611\/revisions\/25836"}],"wp:featuredmedia":[{"embeddable":true,"href":"https:\/\/dev.niezawodneczesci.pl\/sk\/wp-json\/wp\/v2\/media\/17708"}],"wp:attachment":[{"href":"https:\/\/dev.niezawodneczesci.pl\/sk\/wp-json\/wp\/v2\/media?parent=7611"}],"wp:term":[{"taxonomy":"product_brand","embeddable":true,"href":"https:\/\/dev.niezawodneczesci.pl\/sk\/wp-json\/wp\/v2\/product_brand?post=7611"},{"taxonomy":"product_cat","embeddable":true,"href":"https:\/\/dev.niezawodneczesci.pl\/sk\/wp-json\/wp\/v2\/product_cat?post=7611"},{"taxonomy":"product_tag","embeddable":true,"href":"https:\/\/dev.niezawodneczesci.pl\/sk\/wp-json\/wp\/v2\/product_tag?post=7611"}],"curies":[{"name":"wp","href":"https:\/\/api.w.org\/{rel}","templated":true}]}}