{"id":7624,"date":"2021-06-16T11:53:39","date_gmt":"2021-06-16T09:53:39","guid":{"rendered":"https:\/\/niezawodneczesci.pl\/\/?post_type=product&#038;p=7624"},"modified":"2026-04-28T12:06:57","modified_gmt":"2026-04-28T10:06:57","slug":"klocki-hamulcowe-sunrich-przod-sr0429-02-1673","status":"publish","type":"product","link":"https:\/\/dev.niezawodneczesci.pl\/sk\/produkt\/klocki-hamulcowe-sunrich-przod-sr0429-02-1673\/","title":{"rendered":"BRZDOV\u00c9 DESTI\u010cKY SUNRICH PREDN\u00c9 SR0429.02-1673"},"content":{"rendered":"<p>Numer WVA<br \/>\n24391<\/p>\n<p>\u010c\u00edsla v\u00fdrobcov<br \/>\nGDB1673<\/p>\n<p>OE \u010d\u00edsla<br \/>\nA.B.S.: 37532<br \/>\nAISIN: BPFI-1020<br \/>\nAPEC: PAD1590<br \/>\nAPEC: PD3640<br \/>\nASHIKA: 5008801<br \/>\nASIMCO: KD3770<br \/>\nASIMCO: KD3770W<br \/>\nATE: 13046027152<br \/>\nBENDIX: 573288B<br \/>\nBLUE PRINT: ADK84235<br \/>\nBORG &amp; BECK: BBP1968<br \/>\nBOSCH: 0 986 494 129<br \/>\nBOSCH: 0 986 494 584<br \/>\nBOSCH: 0 986 495 101<br \/>\nBOSCH: 0 986 TB2 936<br \/>\nBREMBO: P23105<br \/>\nBrake ENGINEERING: PA1706<br \/>\nDELPHI: LP1966<br \/>\nE.T.F.: 121242<br \/>\nFEBI BILSTEIN: 16658<br \/>\nFERODO: FDB1875<br \/>\nFERODO: FSL1875<br \/>\nFIAT: 71742853<br \/>\nFIAT: 71750033<br \/>\nFIRST LINE: FBP3608<br \/>\nFTE: BL2016A4<br \/>\nFTE: BL2016B4<br \/>\nGIRLING: 6116731<br \/>\nHELLA: 8DB 355 012-511<br \/>\nHERTH+BUSS JAKOPARTS: J3608031<br \/>\nICER: 181758<br \/>\nICER: 181758700<br \/>\nJAPANPARTS: PA801AF<br \/>\nJURID: 573288J<br \/>\nKAGER: 350992<br \/>\nLPR: 05P1245<br \/>\nMAGNETI MARELLI: 363702161165<br \/>\nMAGNETI MARELLI: 363802160868<br \/>\nMETELLI: 2207020<br \/>\nMETZGER: 121501<br \/>\nMEYLE: 025 243 9116\/W<br \/>\nMGA: 839<br \/>\nMINTEX: MDB2797<br \/>\nNECTO: FD7232A<br \/>\nNIPPARTS: J3608028<br \/>\nNK: 225218<br \/>\nOPTIMAL: 12359<br \/>\nOPTIMAL: BP-12359<br \/>\nOmnicraft: 2135138<br \/>\nPAGID: T1616<br \/>\nQH Benelux: 7779<br \/>\nQUINTON HAZELL: BP1597<br \/>\nREMSA: 121501<br \/>\nROULUNDS RUBBER: 847281<br \/>\nSPIDAN: 32991<br \/>\nSUZUKI: 55810-79J00<br \/>\nSUZUKI: 55810-79J00-000<br \/>\nSUZUKI: 55810-79J10<br \/>\nSWAG: 84916658<br \/>\nTEXTAR: 2439101<br \/>\nTRISCAN: 811010566<br \/>\nVALEO: 301804<br \/>\nVALEO: 598804<br \/>\nWAGNER: WBP24391A<br \/>\nWOKING: P1315301<br \/>\nZIMMERMANN: 243911601<br \/>\nZIMMERMANN: 243911602<br \/>\nsbs: 225218<\/p>","protected":false},"excerpt":{"rendered":"<p>Numer WVA 24391 Numery producenta GDB1673 Numery OE A.B.S.: 37532 AISIN: BPFI-1020 APEC: PAD1590 APEC: PD3640 ASHIKA: 5008801 ASIMCO: KD3770 ASIMCO: KD3770W ATE: 13046027152 BENDIX: 573288B BLUE PRINT: ADK84235 BORG &amp; BECK: BBP1968 BOSCH: 0 986 494 129 BOSCH: 0 986 494 584 BOSCH: 0 986 495 101 BOSCH: 0 986 TB2 936 BREMBO: P23105 [&hellip;]<\/p>\n","protected":false},"featured_media":19768,"template":"","meta":{"_monsterinsights_skip_tracking":false,"_monsterinsights_sitenote_active":false,"_monsterinsights_sitenote_note":"","_monsterinsights_sitenote_category":0},"product_brand":[],"product_cat":[149],"product_tag":[],"class_list":{"0":"post-7624","1":"product","2":"type-product","3":"status-publish","4":"has-post-thumbnail","6":"product_cat-klocki-hamulcowe","8":"first","9":"instock","10":"taxable","11":"shipping-taxable","12":"purchasable","13":"product-type-simple"},"_links":{"self":[{"href":"https:\/\/dev.niezawodneczesci.pl\/sk\/wp-json\/wp\/v2\/product\/7624","targetHints":{"allow":["GET"]}}],"collection":[{"href":"https:\/\/dev.niezawodneczesci.pl\/sk\/wp-json\/wp\/v2\/product"}],"about":[{"href":"https:\/\/dev.niezawodneczesci.pl\/sk\/wp-json\/wp\/v2\/types\/product"}],"version-history":[{"count":1,"href":"https:\/\/dev.niezawodneczesci.pl\/sk\/wp-json\/wp\/v2\/product\/7624\/revisions"}],"predecessor-version":[{"id":25824,"href":"https:\/\/dev.niezawodneczesci.pl\/sk\/wp-json\/wp\/v2\/product\/7624\/revisions\/25824"}],"wp:featuredmedia":[{"embeddable":true,"href":"https:\/\/dev.niezawodneczesci.pl\/sk\/wp-json\/wp\/v2\/media\/19768"}],"wp:attachment":[{"href":"https:\/\/dev.niezawodneczesci.pl\/sk\/wp-json\/wp\/v2\/media?parent=7624"}],"wp:term":[{"taxonomy":"product_brand","embeddable":true,"href":"https:\/\/dev.niezawodneczesci.pl\/sk\/wp-json\/wp\/v2\/product_brand?post=7624"},{"taxonomy":"product_cat","embeddable":true,"href":"https:\/\/dev.niezawodneczesci.pl\/sk\/wp-json\/wp\/v2\/product_cat?post=7624"},{"taxonomy":"product_tag","embeddable":true,"href":"https:\/\/dev.niezawodneczesci.pl\/sk\/wp-json\/wp\/v2\/product_tag?post=7624"}],"curies":[{"name":"wp","href":"https:\/\/api.w.org\/{rel}","templated":true}]}}