{"id":7629,"date":"2021-06-16T11:53:40","date_gmt":"2021-06-16T09:53:40","guid":{"rendered":"https:\/\/niezawodneczesci.pl\/\/?post_type=product&#038;p=7629"},"modified":"2026-04-28T12:06:57","modified_gmt":"2026-04-28T10:06:57","slug":"klocki-hamulcowe-sunrich-przod-sr0419-01-3420","status":"publish","type":"product","link":"https:\/\/dev.niezawodneczesci.pl\/sk\/produkt\/klocki-hamulcowe-sunrich-przod-sr0419-01-3420\/","title":{"rendered":"BRZDOV\u00c9 DESTI\u010cKY SUNRICH PREDN\u00c9 SR0419.01-3420"},"content":{"rendered":"<p>Numer WVA<br \/>\n24317<br \/>\n24318<br \/>\n24319<\/p>\n<p>\u010c\u00edsla v\u00fdrobcov<br \/>\nGDB3420<\/p>\n<p>OE \u010d\u00edsla<br \/>\nA.B.S.: 37520<br \/>\nAISIN: BPHY-1004<br \/>\nAPEC: PAD1491<br \/>\nASHIKA: 500KK12<br \/>\nATE: 13046057792<br \/>\nBENDIX: 572593B<br \/>\nBENDIX: DB1787<br \/>\nBENDIX-AU: DB1787<br \/>\nBLUE PRINT: ADG04279<br \/>\nBORG &amp; BECK: BBP1923<br \/>\nBOSCH: 0 986 494 139<br \/>\nBOSCH: 0 986 494 617<br \/>\nBOSCH: 0 986 495 240<br \/>\nBOSCH: 0 986 AB1 261<br \/>\nBOSCH: 0 986 AB1 465<br \/>\nBOSCH: 0 986 AB3 077<br \/>\nBOSCH: 0 986 AB3 920<br \/>\nBOSCH: 0 986 BB0 393<br \/>\nBOSCH: 0 986 TB2 935<br \/>\nBOSCH: F 03B 150 160<br \/>\nBREMBO: P30026<br \/>\nBREMBO: P30026N<br \/>\nBREMBO: P30069<br \/>\nBrake ENGINEERING: PA1707<br \/>\nDELPHI: LP1951<br \/>\nDITAS: DFB2292<br \/>\nE.T.F.: 121240<br \/>\nFEBI BILSTEIN: 16699<br \/>\nFERODO: FDB1955<br \/>\nFERODO: FDB1955-D<br \/>\nFERODO: FSL1955<br \/>\nFIRST LINE: FBP3561<br \/>\nFTE: BL1981A2<br \/>\nGIRLING: 6134209<br \/>\nHELLA: 8DB 355 006-951<br \/>\nHELLA: 8DB 355 014-921<br \/>\nHELLA: 8DB 355 028-401<br \/>\nHELLA PAGID: 8DB 355 006-951<br \/>\nHELLA PAGID: 8DB 355 028-401<br \/>\nHERTH+BUSS JAKOPARTS: J3600332<br \/>\nHYUNDAI: 58101-1GA00<br \/>\nHYUNDAI: 58101-1GE00<br \/>\nICER: 181711<br \/>\nJAPANPARTS: PAK12AF<br \/>\nJURID: 572593J<br \/>\nKAGER: 350989<br \/>\nKIA: 58101-1GA00<br \/>\nKIA: 58101-1GE00<br \/>\nLPR: 05P1345<br \/>\nMETELLI: 2207240<br \/>\nMETZGER: 120802<br \/>\nMEYLE: 025 243 1717\/W<br \/>\nMGA: 809<br \/>\nMINTEX: MDB2733<br \/>\nNK: 223520<br \/>\nOPTIMAL: 12280<br \/>\nOPTIMAL: BP-12280<br \/>\nPAGID: T1591<br \/>\nPAGID: T1909<br \/>\nQH Benelux: 7771<br \/>\nQUINTON HAZELL: BP1537<br \/>\nREMSA: 120802<br \/>\nREMY: RAP1533<br \/>\nREMY: RAP1560<br \/>\nROULUNDS RUBBER: 847781<br \/>\nRUVILLE: D11568266<br \/>\nSPIDAN: 32974<br \/>\nSWAG: 90916699<br \/>\nTEXTAR: 2431701<br \/>\nTEXTAR: 2431704<br \/>\nTRISCAN: 811043031<br \/>\nVALEO: 301868<br \/>\nVALEO: 598868<br \/>\nWAGNER: WBP24317A<br \/>\nWOKING: P1308302<br \/>\nZIMMERMANN: 243171751<\/p>","protected":false},"excerpt":{"rendered":"<p>Numer WVA 24317 24318 24319 Numery producenta GDB3420 Numery OE A.B.S.: 37520 AISIN: BPHY-1004 APEC: PAD1491 ASHIKA: 500KK12 ATE: 13046057792 BENDIX: 572593B BENDIX: DB1787 BENDIX-AU: DB1787 BLUE PRINT: ADG04279 BORG &amp; BECK: BBP1923 BOSCH: 0 986 494 139 BOSCH: 0 986 494 617 BOSCH: 0 986 495 240 BOSCH: 0 986 AB1 261 BOSCH: 0 [&hellip;]<\/p>\n","protected":false},"featured_media":17636,"template":"","meta":{"_monsterinsights_skip_tracking":false,"_monsterinsights_sitenote_active":false,"_monsterinsights_sitenote_note":"","_monsterinsights_sitenote_category":0},"product_brand":[],"product_cat":[149,447],"product_tag":[],"class_list":{"0":"post-7629","1":"product","2":"type-product","3":"status-publish","4":"has-post-thumbnail","6":"product_cat-klocki-hamulcowe","7":"product_cat-promocja","9":"first","10":"instock","11":"sale","12":"taxable","13":"shipping-taxable","14":"purchasable","15":"product-type-simple"},"_links":{"self":[{"href":"https:\/\/dev.niezawodneczesci.pl\/sk\/wp-json\/wp\/v2\/product\/7629","targetHints":{"allow":["GET"]}}],"collection":[{"href":"https:\/\/dev.niezawodneczesci.pl\/sk\/wp-json\/wp\/v2\/product"}],"about":[{"href":"https:\/\/dev.niezawodneczesci.pl\/sk\/wp-json\/wp\/v2\/types\/product"}],"version-history":[{"count":1,"href":"https:\/\/dev.niezawodneczesci.pl\/sk\/wp-json\/wp\/v2\/product\/7629\/revisions"}],"predecessor-version":[{"id":25822,"href":"https:\/\/dev.niezawodneczesci.pl\/sk\/wp-json\/wp\/v2\/product\/7629\/revisions\/25822"}],"wp:featuredmedia":[{"embeddable":true,"href":"https:\/\/dev.niezawodneczesci.pl\/sk\/wp-json\/wp\/v2\/media\/17636"}],"wp:attachment":[{"href":"https:\/\/dev.niezawodneczesci.pl\/sk\/wp-json\/wp\/v2\/media?parent=7629"}],"wp:term":[{"taxonomy":"product_brand","embeddable":true,"href":"https:\/\/dev.niezawodneczesci.pl\/sk\/wp-json\/wp\/v2\/product_brand?post=7629"},{"taxonomy":"product_cat","embeddable":true,"href":"https:\/\/dev.niezawodneczesci.pl\/sk\/wp-json\/wp\/v2\/product_cat?post=7629"},{"taxonomy":"product_tag","embeddable":true,"href":"https:\/\/dev.niezawodneczesci.pl\/sk\/wp-json\/wp\/v2\/product_tag?post=7629"}],"curies":[{"name":"wp","href":"https:\/\/api.w.org\/{rel}","templated":true}]}}