{"id":7643,"date":"2021-06-16T11:53:43","date_gmt":"2021-06-16T09:53:43","guid":{"rendered":"https:\/\/niezawodneczesci.pl\/\/?post_type=product&#038;p=7643"},"modified":"2026-04-28T12:06:57","modified_gmt":"2026-04-28T10:06:57","slug":"klocki-hamulcowe-gdb1148-peugeot-fiat-citroen-lancia","status":"publish","type":"product","link":"https:\/\/dev.niezawodneczesci.pl\/sk\/produkt\/klocki-hamulcowe-gdb1148-peugeot-fiat-citroen-lancia\/","title":{"rendered":"BRZDOV\u00c9 DESTI\u010cKY SUNRICH PREDN\u00c9 SR0369.01-1148"},"content":{"rendered":"<p>Numer WVA<br \/>\n21801<\/p>\n<p>\u010c\u00edsla v\u00fdrobcov<br \/>\nGDB1148<\/p>\n<p>OE \u010d\u00edsla<br \/>\nA.B.S.: 36899<br \/>\nA.B.S.: 36899OE<br \/>\nA.B.S.: 36977<br \/>\nACDelco: AC629081D<br \/>\nAPEC: PAD898<br \/>\nATE: 13046029782<br \/>\nBENDIX: 571838B<br \/>\nBORG &amp; BECK: BBP1438<br \/>\nBOSCH: 0 986 424 033<br \/>\nBOSCH: 0 986 TB2 166<br \/>\nBOSCH: 986424033<br \/>\nBOSCH: F 026 000 052<br \/>\nBREMBO: P23061<br \/>\nBrake ENGINEERING: PA1061<br \/>\nCITROEN: 16 172 492 80<br \/>\nCITROEN: 4251 10<br \/>\nCITROEN: 4254 53<br \/>\nCITROEN: E 172 039<br \/>\nDELPHI: LP0909<br \/>\nDELPHI: LP909<br \/>\nE.T.F.: 120598<br \/>\nFEBI BILSTEIN: 16224<br \/>\nFERODO: FDB1000<br \/>\nFERODO: FQT1000<br \/>\nFERODO: FSL1000<br \/>\nFERODO: FVR1000<br \/>\nFERODO: TAR1000<br \/>\nFIAT: 71752992<br \/>\nFIAT: 9404251238<br \/>\nFIAT: 9946016<br \/>\nFIRST LINE: FBP3054<br \/>\nFTE: BL1391A2<br \/>\nGALFER: B1G10203102<br \/>\nGIRLING: 6111481<br \/>\nHELLA: 8DB 355 018-171<br \/>\nHERZOG GERMANY: 886899<br \/>\nICER: 141046<br \/>\nICER: 141046700<br \/>\nJURID: 571838J<br \/>\nJURID: 571838JAS<br \/>\nKAWE: 81109<br \/>\nLANCIA: 71752992<br \/>\nLANCIA: 9946016<br \/>\nLEMF\u00d6RDER: 26240<br \/>\nLPR: 05P498<br \/>\nMAGNETI MARELLI: 363702160310<br \/>\nMAPCO: 6399<br \/>\nMETELLI: 2200723<br \/>\nMETZGER: 030544<br \/>\nMEYLE: 025 218 0119\/W<br \/>\nMGA: 338<br \/>\nMINTEX: MDB1702<br \/>\nMINTEX: MDK0174<br \/>\nNECTO: FD6612A<br \/>\nNECTO: FD6612N<br \/>\nNECTO: FD6612V<br \/>\nNK: 221941<br \/>\nOPTIMAL: 10043<br \/>\nOPTIMAL: BP-10043<br \/>\nPAGID: T5084<br \/>\nPEUGEOT: 16 172 492 80<br \/>\nPEUGEOT: 4251 09<br \/>\nPEUGEOT: 4254 53<br \/>\nPEX: 7400<br \/>\nQH Benelux: 2932<br \/>\nQUINTON HAZELL: 830500<br \/>\nQUINTON HAZELL: BLF812<br \/>\nQUINTON HAZELL: BP812<br \/>\nRAMEDER: T0610000<br \/>\nRAMEDER: T0610818<br \/>\nREMSA: 030544<br \/>\nREMSA: 030593<br \/>\nREMSA: 30544<br \/>\nREMSA: 30593<br \/>\nREMSA: 830500<br \/>\nROADHOUSE: 830500<br \/>\nSCT &#8211; MANNOL: SP317<br \/>\nSPIDAN: 32149<br \/>\nSWAG: 62916224<br \/>\nTEXTAR: 2180101<br \/>\nTEXTAR: 2180119325<br \/>\nTRISCAN: 811010018<br \/>\nTRUSTING: 0743<br \/>\nVALEO: 301064<br \/>\nVALEO: 597188<br \/>\nVALEO: 598064<br \/>\nVALEO: 872801<br \/>\nWAGNER: WBP21801A<br \/>\nWOKING: P205344<br \/>\nZIMMERMANN: 218011901<br \/>\nsbs: 221941<\/p>","protected":false},"excerpt":{"rendered":"<p>Numer WVA 21801 Numery producenta GDB1148 Numery OE A.B.S.: 36899 A.B.S.: 36899OE A.B.S.: 36977 ACDelco: AC629081D APEC: PAD898 ATE: 13046029782 BENDIX: 571838B BORG &amp; BECK: BBP1438 BOSCH: 0 986 424 033 BOSCH: 0 986 TB2 166 BOSCH: 986424033 BOSCH: F 026 000 052 BREMBO: P23061 Brake ENGINEERING: PA1061 CITROEN: 16 172 492 80 CITROEN: 4251 [&hellip;]<\/p>\n","protected":false},"featured_media":17592,"template":"","meta":{"_monsterinsights_skip_tracking":false,"_monsterinsights_sitenote_active":false,"_monsterinsights_sitenote_note":"","_monsterinsights_sitenote_category":0},"product_brand":[],"product_cat":[149,447],"product_tag":[],"class_list":{"0":"post-7643","1":"product","2":"type-product","3":"status-publish","4":"has-post-thumbnail","6":"product_cat-klocki-hamulcowe","7":"product_cat-promocja","9":"first","10":"instock","11":"sale","12":"taxable","13":"shipping-taxable","14":"purchasable","15":"product-type-simple"},"_links":{"self":[{"href":"https:\/\/dev.niezawodneczesci.pl\/sk\/wp-json\/wp\/v2\/product\/7643","targetHints":{"allow":["GET"]}}],"collection":[{"href":"https:\/\/dev.niezawodneczesci.pl\/sk\/wp-json\/wp\/v2\/product"}],"about":[{"href":"https:\/\/dev.niezawodneczesci.pl\/sk\/wp-json\/wp\/v2\/types\/product"}],"version-history":[{"count":1,"href":"https:\/\/dev.niezawodneczesci.pl\/sk\/wp-json\/wp\/v2\/product\/7643\/revisions"}],"predecessor-version":[{"id":25812,"href":"https:\/\/dev.niezawodneczesci.pl\/sk\/wp-json\/wp\/v2\/product\/7643\/revisions\/25812"}],"wp:featuredmedia":[{"embeddable":true,"href":"https:\/\/dev.niezawodneczesci.pl\/sk\/wp-json\/wp\/v2\/media\/17592"}],"wp:attachment":[{"href":"https:\/\/dev.niezawodneczesci.pl\/sk\/wp-json\/wp\/v2\/media?parent=7643"}],"wp:term":[{"taxonomy":"product_brand","embeddable":true,"href":"https:\/\/dev.niezawodneczesci.pl\/sk\/wp-json\/wp\/v2\/product_brand?post=7643"},{"taxonomy":"product_cat","embeddable":true,"href":"https:\/\/dev.niezawodneczesci.pl\/sk\/wp-json\/wp\/v2\/product_cat?post=7643"},{"taxonomy":"product_tag","embeddable":true,"href":"https:\/\/dev.niezawodneczesci.pl\/sk\/wp-json\/wp\/v2\/product_tag?post=7643"}],"curies":[{"name":"wp","href":"https:\/\/api.w.org\/{rel}","templated":true}]}}