{"id":7647,"date":"2021-06-16T11:53:46","date_gmt":"2021-06-16T09:53:46","guid":{"rendered":"https:\/\/niezawodneczesci.pl\/\/?post_type=product&#038;p=7647"},"modified":"2026-04-28T12:06:56","modified_gmt":"2026-04-28T10:06:56","slug":"klocki-hamulcowe-gdb1288-mercedes-benz-vw","status":"publish","type":"product","link":"https:\/\/dev.niezawodneczesci.pl\/sk\/produkt\/klocki-hamulcowe-gdb1288-mercedes-benz-vw\/","title":{"rendered":"BRZDOV\u00c9 DESTI\u010cKY SUNRICH PREDN\u00c9 SR0354.01-1288"},"content":{"rendered":"<p>Numer WVA<br \/>\n29076<br \/>\n29153<\/p>\n<p>\u010c\u00edsla v\u00fdrobcov<br \/>\nGDB1288<\/p>\n<p>OE \u010d\u00edsla<br \/>\nA.B.S.: 37000<br \/>\nA.B.S.: 37000OE<br \/>\nACDelco: AC627681D<br \/>\nAPEC: PAD928<br \/>\nATE: 13046079042<br \/>\nATE: 13046079052<br \/>\nATE: 13046079092<br \/>\nBENDIX: 573202B<br \/>\nBENDIX: 573504B<br \/>\nBENDIX: 573515B<br \/>\nBENDIX: DB1969<br \/>\nBENDIX-AU: DB1969<br \/>\nBERAL: 2907620004017244<br \/>\nBORG &amp; BECK: BBP1589<br \/>\nBORG &amp; BECK: BBP2247<br \/>\nBOSCH: 0 986 424 454<br \/>\nBOSCH: 0 986 424 832<br \/>\nBOSCH: 0 986 TB2 037<br \/>\nBOSCH: 0 986 TB2 751<br \/>\nBOSCH: F 03A 150 009<br \/>\nBREMBO: P50028<br \/>\nBREMBO: P50028N<br \/>\nBrake ENGINEERING: PA1102<br \/>\nDELPHI: LP1046<br \/>\nDON: CVP073<br \/>\nE.T.F.: 120681<br \/>\nFEBI BILSTEIN: 16164<br \/>\nFEBI BILSTEIN: 16251<br \/>\nFEBI BILSTEIN: 16753<br \/>\nFEBI BILSTEIN: 16811<br \/>\nFERODO: FCV1043<br \/>\nFERODO: FSL1043<br \/>\nFERODO: FSL1879<br \/>\nFERODO: FVR1043<br \/>\nFERODO: FVR1879<br \/>\nFIRST LINE: FBP3212<br \/>\nFTE: BL1926A4<br \/>\nGIRLING: 6112889<br \/>\nHELLA: 8DB 355 005-391<br \/>\nHELLA: 8DB 355 030-851<br \/>\nHELLA PAGID: 8DB 355 005-391<br \/>\nHELLA PAGID: 8DB 355 030-851<br \/>\nICER: 141126<br \/>\nICER: 141126203<br \/>\nICER: 141126204<br \/>\nICER: 141126700<br \/>\nJP GROUP: 698380006<br \/>\nJURID: 2907604530<br \/>\nJURID: 2907609560<br \/>\nJURID: 2915309560<br \/>\nJURID: 573202J<br \/>\nKAWE: 81172<br \/>\nLEMF\u00d6RDER: 20542 04<br \/>\nLPR: 05P1517<br \/>\nLPR: 05P633<br \/>\nLUCAS: LBP1383<br \/>\nMAGNETI MARELLI: 363702160646<br \/>\nMAGNETI MARELLI: 363702161200<br \/>\nMAPCO: 6749<br \/>\nMERCEDES-BENZ: 002 420 41 20<br \/>\nMERCEDES-BENZ: 002 420 42 20<br \/>\nMERCEDES-BENZ: 003 420 17 20<br \/>\nMERCEDES-BENZ: 004 420 15 20<br \/>\nMERCEDES-BENZ: 004 420 24 20<br \/>\nMERCEDES-BENZ: 005 420 86 20<br \/>\nMERCEDES-BENZ: 008 420 46 20<br \/>\nMERCEDES-BENZ: 902 421 01 10<br \/>\nMERCEDES-BENZ: A 002 420 41 20<br \/>\nMERCEDES-BENZ: A 002 420 42 20<br \/>\nMERCEDES-BENZ: A 003 420 17 20<br \/>\nMERCEDES-BENZ: A 004 420 15 20<br \/>\nMERCEDES-BENZ: A 004 420 24 20<br \/>\nMERCEDES-BENZ: A 005 420 86 20<br \/>\nMERCEDES-BENZ: A 008 420 46 20<br \/>\nMERCEDES-BENZ: A 902 421 01 10<br \/>\nMERITOR: MDP1043<br \/>\nMETELLI: 2202620<br \/>\nMETELLI: 2202621<br \/>\nMETZGER: 057800<br \/>\nMETZGER: 061402<br \/>\nMEYLE: 025 290 7620<br \/>\nMEYLE: 025 290 7620\/PD<br \/>\nMEYLE: 0252915319<br \/>\nMGA: 609<br \/>\nMINTEX: MDB1802<br \/>\nMINTEX: MDB2795<br \/>\nNK: 223332<br \/>\nOPTIMAL: 10119<br \/>\nOPTIMAL: 10404<br \/>\nPAGID: C4028<br \/>\nPAGID: C4068<br \/>\nPAGID: C4068P8555<br \/>\nPAGID: T9057<br \/>\nPE Automotive: 08631400A<br \/>\nPEX: 7435<br \/>\nPEX: 7435S<br \/>\nQH Benelux: 7024<br \/>\nQUINTON HAZELL: 861400<br \/>\nQUINTON HAZELL: BLF878<br \/>\nQUINTON HAZELL: BP878<br \/>\nRAMEDER: T0611274<br \/>\nRAMEDER: T0611275<br \/>\nREMSA: 061400<br \/>\nREMSA: 061402<br \/>\nREMSA: 061412<br \/>\nREMSA: 61400<br \/>\nREMSA: 61412<br \/>\nREMSA: 861400<br \/>\nROADHOUSE: 861400<br \/>\nROULUNDS RUBBER: 627681<br \/>\nRUVILLE: D00013260<br \/>\nSCT &#8211; MANNOL: SP132<br \/>\nSPIDAN: 31399<br \/>\nSPIDAN: 32937<br \/>\nST-TEMPLIN: 031208700730<br \/>\nSWAG: 10916164<br \/>\nSWAG: 10916251<br \/>\nTEXTAR: 2907604<br \/>\nTEXTAR: 2907620014<br \/>\nTEXTAR: 2907620014T3011<br \/>\nTEXTAR: 2915301<br \/>\nTEXTAR: 2915320014<br \/>\nTEXTAR: 2915320014T3011<br \/>\nTEXTAR: 2915370<br \/>\nTRISCAN: 811023011<br \/>\nTRISCAN: 811023037<br \/>\nTRUCKTEC AUTOMOTIVE: 0235083<br \/>\nTRUSTING: 2710<br \/>\nVAICO: V308108<br \/>\nVAICO: V3081081<br \/>\nVALEO: 541664<br \/>\nVALEO: 598966<br \/>\nVALEO: 872076<br \/>\nVALEO: 872153<br \/>\nVALEO: 873153<br \/>\nVW: 2D0 698 151 A<br \/>\nVW: 2D0 698 151 B<br \/>\nWABCO: 12999541VT<br \/>\nWAGNER: WBP29153A<br \/>\nWOKING: P714300<br \/>\nWOKING: P714302<br \/>\nZIMMERMANN: 290762001<br \/>\nZIMMERMANN: 291532001<br \/>\nfri.tech.: 2710<br \/>\nsbs: 1501223332<br \/>\nsbs: 223332<\/p>","protected":false},"excerpt":{"rendered":"<p>Numer WVA 29076 29153 Numery producenta GDB1288 Numery OE A.B.S.: 37000 A.B.S.: 37000OE ACDelco: AC627681D APEC: PAD928 ATE: 13046079042 ATE: 13046079052 ATE: 13046079092 BENDIX: 573202B BENDIX: 573504B BENDIX: 573515B BENDIX: DB1969 BENDIX-AU: DB1969 BERAL: 2907620004017244 BORG &amp; BECK: BBP1589 BORG &amp; BECK: BBP2247 BOSCH: 0 986 424 454 BOSCH: 0 986 424 832 BOSCH: 0 [&hellip;]<\/p>\n","protected":false},"featured_media":17576,"template":"","meta":{"_monsterinsights_skip_tracking":false,"_monsterinsights_sitenote_active":false,"_monsterinsights_sitenote_note":"","_monsterinsights_sitenote_category":0},"product_brand":[],"product_cat":[149],"product_tag":[],"class_list":{"0":"post-7647","1":"product","2":"type-product","3":"status-publish","4":"has-post-thumbnail","6":"product_cat-klocki-hamulcowe","8":"first","9":"instock","10":"taxable","11":"shipping-taxable","12":"purchasable","13":"product-type-simple"},"_links":{"self":[{"href":"https:\/\/dev.niezawodneczesci.pl\/sk\/wp-json\/wp\/v2\/product\/7647","targetHints":{"allow":["GET"]}}],"collection":[{"href":"https:\/\/dev.niezawodneczesci.pl\/sk\/wp-json\/wp\/v2\/product"}],"about":[{"href":"https:\/\/dev.niezawodneczesci.pl\/sk\/wp-json\/wp\/v2\/types\/product"}],"version-history":[{"count":1,"href":"https:\/\/dev.niezawodneczesci.pl\/sk\/wp-json\/wp\/v2\/product\/7647\/revisions"}],"predecessor-version":[{"id":23948,"href":"https:\/\/dev.niezawodneczesci.pl\/sk\/wp-json\/wp\/v2\/product\/7647\/revisions\/23948"}],"wp:featuredmedia":[{"embeddable":true,"href":"https:\/\/dev.niezawodneczesci.pl\/sk\/wp-json\/wp\/v2\/media\/17576"}],"wp:attachment":[{"href":"https:\/\/dev.niezawodneczesci.pl\/sk\/wp-json\/wp\/v2\/media?parent=7647"}],"wp:term":[{"taxonomy":"product_brand","embeddable":true,"href":"https:\/\/dev.niezawodneczesci.pl\/sk\/wp-json\/wp\/v2\/product_brand?post=7647"},{"taxonomy":"product_cat","embeddable":true,"href":"https:\/\/dev.niezawodneczesci.pl\/sk\/wp-json\/wp\/v2\/product_cat?post=7647"},{"taxonomy":"product_tag","embeddable":true,"href":"https:\/\/dev.niezawodneczesci.pl\/sk\/wp-json\/wp\/v2\/product_tag?post=7647"}],"curies":[{"name":"wp","href":"https:\/\/api.w.org\/{rel}","templated":true}]}}