{"id":7652,"date":"2021-06-16T11:53:47","date_gmt":"2021-06-16T09:53:47","guid":{"rendered":"https:\/\/niezawodneczesci.pl\/\/?post_type=product&#038;p=7652"},"modified":"2026-04-28T12:06:56","modified_gmt":"2026-04-28T10:06:56","slug":"klocki-hamulcowe-gdb1842-fiat-alfa-romeo","status":"publish","type":"product","link":"https:\/\/dev.niezawodneczesci.pl\/sk\/produkt\/klocki-hamulcowe-gdb1842-fiat-alfa-romeo\/","title":{"rendered":"BRZDOV\u00c9 DESTI\u010cKY SUNRICH PREDN\u00c9 SR0334.06-1842"},"content":{"rendered":"<p>Numer WVA<br \/>\n23705<br \/>\n23706<br \/>\n23707<br \/>\n23979<br \/>\n23982<\/p>\n<p>\u010c\u00edsla v\u00fdrobcov<br \/>\nGDB1842<\/p>\n<p>OE \u010d\u00edsla<br \/>\nABARTH: 77365857<br \/>\nAISIN: BPFI-1019<br \/>\nALFA ROMEO: 77365465<br \/>\nALFA ROMEO: 77365543<br \/>\nALFA ROMEO: 77366134<br \/>\nATE: 13046038632<br \/>\nBLUE PRINT: ADL144214<br \/>\nBORG &amp; BECK: BBP1716<br \/>\nBORG &amp; BECK: BBP2243<br \/>\nBOSCH: 0 986 495 342<br \/>\nBOSCH: 0 986 TB3 111<br \/>\nBREMBO: P23141<br \/>\nBrake ENGINEERING: PA1895<br \/>\nDELPHI: LP2230<br \/>\nFEBI BILSTEIN: 16876<br \/>\nFIAT: 77364874<br \/>\nFIAT: 77365465<br \/>\nFIAT: 77365543<br \/>\nFIAT: 77365857<br \/>\nFIAT: 77366134<br \/>\nGIRLING: 6118424<br \/>\nGIRLING: 6118534<br \/>\nHELLA: 8DB 355 016-071<br \/>\nICER: 181444<br \/>\nJURID: 573074D<br \/>\nJURID: 573074J<br \/>\nJURID: 573074JC<br \/>\nJURID: 573164J<br \/>\nJURID: 573172J<br \/>\nLANCIA: 77365465<br \/>\nLANCIA: 77365543<br \/>\nLPR: 05P763A<br \/>\nMETELLI: 2203213<br \/>\nMEYLE: 025 237 0617\/W<br \/>\nMINTEX: MDB2239<br \/>\nNK: 222388<br \/>\nPAGID: T1648<br \/>\nREMSA: 085832<br \/>\nREMSA: 85832<br \/>\nREMSA: 85890<br \/>\nTEXTAR: 2370601<br \/>\nTEXTAR: 2397901<br \/>\nTEXTAR: 2397917815<br \/>\nTRISCAN: 811010596<br \/>\nTRUSTING: 3303<br \/>\nVALEO: 301051<br \/>\nVALEO: 598670<br \/>\nVALEO: 601062<br \/>\nWAGNER: WBP23705A<br \/>\nWAGNER: WBP23705C<br \/>\nZIMMERMANN: 237061802<br \/>\nZIMMERMANN: 237061803<br \/>\nfri.tech.: 3303<\/p>","protected":false},"excerpt":{"rendered":"<p>Numer WVA 23705 23706 23707 23979 23982 Numery producenta GDB1842 Numery OE ABARTH: 77365857 AISIN: BPFI-1019 ALFA ROMEO: 77365465 ALFA ROMEO: 77365543 ALFA ROMEO: 77366134 ATE: 13046038632 BLUE PRINT: ADL144214 BORG &amp; BECK: BBP1716 BORG &amp; BECK: BBP2243 BOSCH: 0 986 495 342 BOSCH: 0 986 TB3 111 BREMBO: P23141 Brake ENGINEERING: PA1895 DELPHI: LP2230 [&hellip;]<\/p>\n","protected":false},"featured_media":18291,"template":"","meta":{"_monsterinsights_skip_tracking":false,"_monsterinsights_sitenote_active":false,"_monsterinsights_sitenote_note":"","_monsterinsights_sitenote_category":0},"product_brand":[],"product_cat":[149],"product_tag":[],"class_list":{"0":"post-7652","1":"product","2":"type-product","3":"status-publish","4":"has-post-thumbnail","6":"product_cat-klocki-hamulcowe","8":"first","9":"instock","10":"taxable","11":"shipping-taxable","12":"purchasable","13":"product-type-simple"},"_links":{"self":[{"href":"https:\/\/dev.niezawodneczesci.pl\/sk\/wp-json\/wp\/v2\/product\/7652","targetHints":{"allow":["GET"]}}],"collection":[{"href":"https:\/\/dev.niezawodneczesci.pl\/sk\/wp-json\/wp\/v2\/product"}],"about":[{"href":"https:\/\/dev.niezawodneczesci.pl\/sk\/wp-json\/wp\/v2\/types\/product"}],"version-history":[{"count":1,"href":"https:\/\/dev.niezawodneczesci.pl\/sk\/wp-json\/wp\/v2\/product\/7652\/revisions"}],"predecessor-version":[{"id":25802,"href":"https:\/\/dev.niezawodneczesci.pl\/sk\/wp-json\/wp\/v2\/product\/7652\/revisions\/25802"}],"wp:featuredmedia":[{"embeddable":true,"href":"https:\/\/dev.niezawodneczesci.pl\/sk\/wp-json\/wp\/v2\/media\/18291"}],"wp:attachment":[{"href":"https:\/\/dev.niezawodneczesci.pl\/sk\/wp-json\/wp\/v2\/media?parent=7652"}],"wp:term":[{"taxonomy":"product_brand","embeddable":true,"href":"https:\/\/dev.niezawodneczesci.pl\/sk\/wp-json\/wp\/v2\/product_brand?post=7652"},{"taxonomy":"product_cat","embeddable":true,"href":"https:\/\/dev.niezawodneczesci.pl\/sk\/wp-json\/wp\/v2\/product_cat?post=7652"},{"taxonomy":"product_tag","embeddable":true,"href":"https:\/\/dev.niezawodneczesci.pl\/sk\/wp-json\/wp\/v2\/product_tag?post=7652"}],"curies":[{"name":"wp","href":"https:\/\/api.w.org\/{rel}","templated":true}]}}